{"id":1052,"date":"2022-09-11T09:10:42","date_gmt":"2022-09-11T07:10:42","guid":{"rendered":"https:\/\/finorabank.eu\/?page_id=1052"},"modified":"2022-11-21T11:17:14","modified_gmt":"2022-11-21T09:17:14","slug":"vastutustundlik-laenamine","status":"publish","type":"page","link":"https:\/\/finorabank.eu\/et\/vastutustundlik-laenamine\/","title":{"rendered":"Vastutustundlik laenamine"},"content":{"rendered":"\n<p><strong>L\u00e4htume laenude v\u00e4ljastamisel vastutustundliku laenamise p\u00f5him\u00f5tetest.<\/strong><br>Et saaksite hinnata v\u00f5etava laenusuhte sobivust isikliku laenuhuviga, finantsolukorraga ja hinnata laenamisega kaasnevaid riske, leiate meie kodulehelt infot nii meie \u00fcldiste laenup\u00f5him\u00f5tete, hinnakirja, korduma kippuvate k\u00fcsimuste, partnerite kui isikuandmete t\u00f6\u00f6tlemise kohta.<\/p>\n\n\n\n<p><strong>Planeeri laenuv\u00f5tmist<\/strong><br>AS Finora Capital l\u00e4htub laenude v\u00e4ljastamisel Eesti Finantsinspektsiooni poolt kehtestatud vastutustundliku laenamise p\u00f5him\u00f5tetest andes kliendile lepingueelset teavet ja tutvustades v\u00f5imalikke laenu v\u00f5tmisega seonduvaid riske.\u00a0Samas on v\u00e4ga oluline teadvustada, et vastutustundlik laenamine on kahepoolne. Laenuv\u00f5tmise otsustab ikkagi klient, kes hindab meie poolt esitatud teabe p\u00f5hjal laenutoote ja laenutingimuste sobivust ning vastutab laenulepingu s\u00f5lmimisega kaasnevate tagaj\u00e4rgede eest.<\/p>\n\n\n\n<p>Laenu igakuiste maksete suuruse ning tagasimakstava summa arvutamiseks kasutage laenukalkulaatorit, kuid pidage meeles, et t\u00e4psed summad tehakse ikkagi igale laenulepingule personaalselt.<\/p>\n\n\n\n<p><strong>Enne laenuv\u00f5tmist tutvu lepinguga<\/strong><br>Soovitame Teil kindlasti tutvuda ja hinnata k\u00f5iki laenamisega kaasnevaid aspekte, kulusid ja riske. Teadlik ja vastutustundega s\u00f5lmitud laenuleping v\u00f5imaldab teil v\u00e4ltida probleeme tulevikus. Lisainfo saamiseks soovitame tutvuda ka Finantsinspektsiooni infoga aadressil\u00a0<a rel=\"noreferrer noopener\" href=\"http:\/\/www.minuraha.ee\/\" target=\"_blank\">minuraha.ee<\/a>\u00a0ning Tarbijakaitse soovitustega aadressil\u00a0<a rel=\"noreferrer noopener\" href=\"http:\/\/laenatargalt.ee\/\" target=\"_blank\">laenatargalt.ee<\/a>.<\/p>\n\n\n\n<p>Riiklike v\u00f5lan\u00f5ustajate kontaktid leiate siit:&nbsp;<a href=\"http:\/\/www.minuraha.ee\/volanoustajad\/\">www.minuraha.ee\/volanoustajad\/<\/a><\/p>\n","protected":false},"excerpt":{"rendered":"<p>L\u00e4htume laenude v\u00e4ljastamisel vastutustundliku laenamise p\u00f5him\u00f5tetest.Et saaksite hinnata v\u00f5etava laenusuhte sobivust isikliku laenuhuviga, finantsolukorraga ja hinnata laenamisega kaasnevaid riske, leiate meie kodulehelt infot nii meie \u00fcldiste laenup\u00f5him\u00f5tete, hinnakirja, korduma kippuvate k\u00fcsimuste, partnerite kui isikuandmete t\u00f6\u00f6tlemise kohta. Planeeri laenuv\u00f5tmistAS Finora Capital l\u00e4htub laenude v\u00e4ljastamisel Eesti Finantsinspektsiooni poolt kehtestatud vastutustundliku laenamise p\u00f5him\u00f5tetest andes kliendile lepingueelset teavet ja tutvustades v\u00f5imalikke laenu v\u00f5tmisega seonduvaid riske.\u00a0Samas on v\u00e4ga oluline teadvustada, et vastutustundlik laenamine on kahepoolne. Laenuv\u00f5tmise otsustab ikkagi klient, kes hindab meie poolt esitatud teabe p\u00f5hjal laenutoote ja laenutingimuste sobivust ning vastutab laenulepingu s\u00f5lmimisega kaasnevate tagaj\u00e4rgede eest. Laenu igakuiste maksete suuruse ning tagasimakstava summa arvutamiseks [&hellip;]<\/p>\n","protected":false},"author":1,"featured_media":0,"parent":0,"menu_order":0,"comment_status":"closed","ping_status":"closed","template":"template-terms.php","meta":{"_acf_changed":false,"footnotes":""},"class_list":["post-1052","page","type-page","status-publish","hentry"],"acf":[],"_links":{"self":[{"href":"https:\/\/finorabank.eu\/et\/wp-json\/wp\/v2\/pages\/1052","targetHints":{"allow":["GET"]}}],"collection":[{"href":"https:\/\/finorabank.eu\/et\/wp-json\/wp\/v2\/pages"}],"about":[{"href":"https:\/\/finorabank.eu\/et\/wp-json\/wp\/v2\/types\/page"}],"author":[{"embeddable":true,"href":"https:\/\/finorabank.eu\/et\/wp-json\/wp\/v2\/users\/1"}],"replies":[{"embeddable":true,"href":"https:\/\/finorabank.eu\/et\/wp-json\/wp\/v2\/comments?post=1052"}],"version-history":[{"count":1,"href":"https:\/\/finorabank.eu\/et\/wp-json\/wp\/v2\/pages\/1052\/revisions"}],"predecessor-version":[{"id":1053,"href":"https:\/\/finorabank.eu\/et\/wp-json\/wp\/v2\/pages\/1052\/revisions\/1053"}],"wp:attachment":[{"href":"https:\/\/finorabank.eu\/et\/wp-json\/wp\/v2\/media?parent=1052"}],"curies":[{"name":"wp","href":"https:\/\/api.w.org\/{rel}","templated":true}]}}