{"id":1955,"date":"2022-11-04T17:53:20","date_gmt":"2022-11-04T15:53:20","guid":{"rendered":"https:\/\/finorabank.eu\/join-us\/"},"modified":"2025-07-21T09:35:06","modified_gmt":"2025-07-21T07:35:06","slug":"liitu-meiega","status":"publish","type":"page","link":"https:\/\/finorabank.eu\/et\/liitu-meiega\/","title":{"rendered":"Liitu meiega"},"content":{"rendered":"<div class=\"lazyblock-hero-Z2ly82w wp-block-lazyblock-hero\">\n<section class=\"hero\">\n\t<div class=\"l-container\">\n\t\t<div class=\"hero__content\">\n\t\t\t<h1>Liitu meiega<\/h1>\t\t\t\t\t\t\t<div class=\"hero__content-txt\"><p>Finora Pangas me ehitame maailma parimat panka v\u00e4ikestele ja keskmise suurusega ettev\u00f5tetele.\u00a0Meie eesm\u00e4rk on pakkuda parimat teenust ning aidata ettev\u00f5tetel oma unistused teoks teha.<\/p>\n<p>Oleme paindlikud partnerid, kes v\u00e4\u00e4rtustavad personaalset l\u00e4henemist ja toetavad ning n\u00f5ustavad klienti igal sammul. Meil ja meie klientidel on \u00fcks tee, mida k\u00e4ia: soovime kasvada ja tugevamaks saada, ja seda teed me k\u00e4ime koos.<\/p>\n<p>Kuna kasvame, siis otsime oma meeskonda uusi talente. Kui soovid olla osa rahvusvaheliselt kiiresti areneva uue panga eduloost, ootame Sind meie meeskonda liituma. Saada meile oma CV ning kirjuta oma karj\u00e4\u00e4rihuvist ja ootustest: <span style=\"color: #ffffff;\"><a style=\"color: #ffffff;\" href=\"mailto:cv@finorabank.eu\">cv@finorabank.eu<\/a>.\u00a0<\/span><\/p>\n<p>J\u00e4lgi meid ka <span style=\"color: #ffffff;\"><a style=\"color: #ffffff;\" href=\"https:\/\/www.linkedin.com\/company\/finora-bank\/\">Linkedinis<\/a> <\/span>ja <span style=\"color: #ffffff;\"><a style=\"color: #ffffff;\" href=\"https:\/\/www.facebook.com\/finorabank\">Facebookis.<\/a>\u00a0<\/span><\/p>\n<p>Tule aita Finora Pangal saavutada uusi k\u00f5rgusi!<\/p><\/div>\n\t\t\t\t\t\t\t\t\t\t<a href=\"#joblist\" class=\"btn hero__cta smooth-scroll\"><span>Vaata vabasid positsioone<\/span><\/a>\n\t\t\t\t\t<\/div>\n\t\t\t\t\t<div class=\"hero__image\">\n\t\t\t\t<img decoding=\"async\" src=\"https:\/\/finorabank.eu\/wp-content\/uploads\/2025\/07\/Picture4-2.jpg\" alt=\"\">\n\t\t\t<\/div>\n\t\t\t<\/div>\n<\/section><\/div>\n\n<div class=\"lazyblock-job-list-1um6Om wp-block-lazyblock-job-list\">\n\n\t<script type=\"text\/javascript\">\n\t\tvar jobData = {\n\t\t\tstrings: {\"all\":\"K\\u00f5ik\",\"view\":\"Loe edasi\",\"location\":\"Asukoht:\",\"deadline\":\"T\\u00e4htaeg:\"},\n\t\t\titems: [{\"id\":10812,\"title\":\"Client Relationship Manager\",\"link\":\"https:\\\/\\\/finorabank.eu\\\/et\\\/jobad\\\/client-relationship-manager\\\/\",\"locations\":[\"Eesti\"],\"deadline\":\"\"}]\t\t}\n\t<\/script>\n\n<div class=\"l-container l-container--med\">\n\t\t<div id=\"joblist\"><\/div>\n\t<script type=\"module\" crossorigin src=\"https:\/\/finorabank.eu\/wp-content\/themes\/finora\/job-ads\/dist\/assets\/index.js?v=1\"><\/script>\n    <link rel=\"modulepreload\" href=\"https:\/\/finorabank.eu\/wp-content\/themes\/finora\/job-ads\/dist\/assets\/vendor.js\">\n\t<\/div>\n<\/div>\n\n<div class=\"lazyblock-job-banner-ZgQCDl wp-block-lazyblock-job-banner\"><div class=\"l-container\">\n\t<section class=\"job-banner\" style=\"background-image:url(https:\/\/finorabank.eu\/wp-content\/uploads\/2022\/11\/video.png)\">\n\t\t<div class=\"job-banner__content\">\n\t\t\t<h3>Sulle sobivat t\u00f6\u00f6kohta ei leidunud hetkel?<\/h3>\n\t\t\t<div class=\"job-banner__desc\">\n\t\t\t\tSaada meile oma CV, et saaksime Sinuga \u00fchendust v\u00f5tta, kui meil on Sulle midagi sobivat pakkuda!\t\t\t<\/div>\n\t\t<\/div>\n\t\t<div class=\"job-banner__cta\">\n\t\t\t<a href=\"mailto:cv@finorabank.eu\" class=\"btn btn--color-3\">cv@finorabank.eu<\/a>\n\t\t<\/div>\n\t<\/section>\n<\/div>\n<\/div>","protected":false},"excerpt":{"rendered":"","protected":false},"author":1,"featured_media":0,"parent":0,"menu_order":0,"comment_status":"closed","ping_status":"closed","template":"","meta":{"_acf_changed":false,"footnotes":""},"class_list":["post-1955","page","type-page","status-publish","hentry"],"acf":[],"_links":{"self":[{"href":"https:\/\/finorabank.eu\/et\/wp-json\/wp\/v2\/pages\/1955","targetHints":{"allow":["GET"]}}],"collection":[{"href":"https:\/\/finorabank.eu\/et\/wp-json\/wp\/v2\/pages"}],"about":[{"href":"https:\/\/finorabank.eu\/et\/wp-json\/wp\/v2\/types\/page"}],"author":[{"embeddable":true,"href":"https:\/\/finorabank.eu\/et\/wp-json\/wp\/v2\/users\/1"}],"replies":[{"embeddable":true,"href":"https:\/\/finorabank.eu\/et\/wp-json\/wp\/v2\/comments?post=1955"}],"version-history":[{"count":8,"href":"https:\/\/finorabank.eu\/et\/wp-json\/wp\/v2\/pages\/1955\/revisions"}],"predecessor-version":[{"id":10800,"href":"https:\/\/finorabank.eu\/et\/wp-json\/wp\/v2\/pages\/1955\/revisions\/10800"}],"wp:attachment":[{"href":"https:\/\/finorabank.eu\/et\/wp-json\/wp\/v2\/media?parent=1955"}],"curies":[{"name":"wp","href":"https:\/\/api.w.org\/{rel}","templated":true}]}}