{"id":2114,"date":"2022-11-29T22:38:10","date_gmt":"2022-11-29T20:38:10","guid":{"rendered":"https:\/\/finorabank.eu\/?page_id=2114"},"modified":"2023-10-06T09:45:43","modified_gmt":"2023-10-06T07:45:43","slug":"blogi","status":"publish","type":"page","link":"https:\/\/finorabank.eu\/et\/blogi\/","title":{"rendered":"Blogi"},"content":{"rendered":"\n<h2 class=\"wp-block-heading\">6 asja, mida liisingu juures j\u00e4lgida<\/h2>\n\n\n\n<p>Mees liisis oma ettev\u00f5ttele arvuti. Leppis hinnas kokku, allkirjastas lepingu, teatas kauba m\u00fc\u00fcjale aadressi, kuhu kuller kraami kohale v\u00f5iks tuua, ning j\u00e4i ootama. Paar p\u00e4eva hiljem oli kuller ukse taga, arvuti kaenlas.&nbsp;<\/p>\n\n\n\n<p>Mida tegi mees? Sa ei kujuta ette!<\/p>\n\n\n\n<p>Ta avas ukse ning n\u00e4hes, et l\u00e4vel seisab kuller tema arvutiga, l\u00f5i ukse pauguga kinni. Helistas seej\u00e4rel m\u00fc\u00fcjale ning pistis h\u00e4daldama: \u201eMa vabandan v\u00e4ga, aga mul oli f\u00fc\u00fcsiliselt raske kauba \u00fcleandmisaktile alla kirjutada. Firma tulud on nullis ja praegusel hetkel tundus lihtsam kaup tagasi saata. Inetult kukkus v\u00e4lja, ma saan aru. Aga midagi ei ole teha \u2013 tulevik on s\u00f5na otseses m\u00f5ttes tume ja targem on praegu karta kui kahetseda.\u201d<\/p>\n\n\n\n<p>Kui vanasti oli liisingukolmnurgas (liisinguandja-liisinguv\u00f5tja-m\u00fc\u00fcja) peamine h\u00e4da alati m\u00fc\u00fcjaga (k\u00fcll j\u00e4i kaup hiljaks, k\u00fcll ei suudetud \u00f5iget toodet leida jne), siis viimasel ajal on just ostjad hakanud enim probleeme tekitama. Tegelikult pole siin midagi imestada ega pahaks panna \u2013 ajad on ju t\u00f5epoolest segased ja muutlikud. Ning kes see ikka laenu maksmisega h\u00e4tta tahab j\u00e4\u00e4da!&nbsp;<\/p>\n\n\n\n<p>Ometi on igal firmal vaja aeg-ajalt uut vara soetada. Esemeid v\u00e4lja osta pole m\u00f5tet (inflatsioon s\u00f6\u00f6b asjade v\u00e4\u00e4rtuse lihtsalt \u00e4ra), j\u00e4relikult on m\u00f5istlik autod, arvutid ja muud olulised tooted liisingusse v\u00f5tta. Kuidas seda aga k\u00f5ige nupukamalt teha?<\/p>\n\n\n\n<h2 class=\"wp-block-heading\">M\u00f5tle oma vajadused rahulikult l\u00e4bi<\/h2>\n\n\n\n<p>Milleks sa ostetavat vara kasutama hakkad? Kas plaanid videom\u00e4nge programmeerida v\u00f5i vajad arvutit e-kirjade saatmiseks? Kas kavatsed Monte Carlo rallil v\u00f5istelda v\u00f5i ajab ka \u0160koda Kamiq asja \u00e4ra? Peab su autol ilmtingimata automaatk\u00e4igukast olema v\u00f5i suudad ise k\u00e4ike vahetada?&nbsp;<\/p>\n\n\n\n<h2 class=\"wp-block-heading\">Loe kokku, kui palju sul raha on<\/h2>\n\n\n\n<p>Kinnisvaraturul liigub tuhandeid inimesi, kes otsivad Tallinna kesklinna neljatoalist korterit, kuid raha on heal juhul Mustam\u00e4el asuva \u00fchetoalise jagu. Asi pole niiv\u00f5rd pangakontol olevates vahendites, sest liisingu m\u00f5te selles ju ongi, et pank maksab auto sinu eest m\u00fc\u00fcjale v\u00e4lja. Ometi tuleb sul realistlikult hinnata, kui kallist s\u00f5idukit v\u00f5i arvutit sa endale lubada saad. Ja kui sinu v\u00f5imalused on piiratud, pole m\u00f5tet \u00fcle oma varju h\u00fcppama hakata.&nbsp;,<\/p>\n\n\n\n<h2 class=\"wp-block-heading\">K\u00fcsi pakkumisi igalt poolt<\/h2>\n\n\n\n<p>Kus on n\u00f5udlust, seal on ka pakkujaid. Seda tead sa ettev\u00f5tjana v\u00e4ga h\u00e4sti. Ometi kipuvad paljud firmajuhid kohe esimesele pakkumisele alla kirjutama. See on viga. \u00dche ja sama kauba soetamisel pole oluline niiv\u00f5rd m\u00fc\u00fcgimehe naeratuse laius, vaid tingimused, mille alusel sa oma uue eseme liisid. Tasuta kohv ja k\u00fcpsised on autosalongi sisenedes toredad asjad, kuid sa ei otsi endale korterikaaslasi, vaid head asja parimatel tingimustel.<\/p>\n\n\n\n<h2 class=\"wp-block-heading\">Loe pakkumine l\u00e4bi<\/h2>\n\n\n\n<p>Ka k\u00f5ige vilunumatele liisinguhaidele v\u00f5ivad ridade vahele peidetud n\u00fcansid m\u00e4rkamata j\u00e4\u00e4da. Loe pakkumine hoolikalt l\u00e4bi ja k\u00fcsi julgelt k\u00f5ige kohta, mis segaseks j\u00e4\u00e4b. Leping on leping ja loomulikult on v\u00f5imalik artikli alguses kirjeldatud mehe kombel ostetud kauba eest \u00e4ra joosta, aga seda ei soovi sa ju teha? Sinu eesm\u00e4rk on ettev\u00f5ttele vajalikku vara osta ning pakkumised ja ostu-m\u00fc\u00fcgilepingud tuleb seet\u00f5ttu t\u00e4helepanelikult l\u00e4bi lugeda.&nbsp;<\/p>\n\n\n\n<h2 class=\"wp-block-heading\">Unusta emotsioonid<\/h2>\n\n\n\n<p>Firmale vara liisimine on pragmaatiline protsess. Igal ettev\u00f5tjal tuleks end oma \u00e4rist emotsionaalselt lahutada. Kui liisitud vahend aitab \u00e4ril pikas plaanis ellu j\u00e4\u00e4da, tuleks otsida v\u00f5imalust see soetada, isegi kui maksed esimese hooga hirmutavad tunduvad. Seda enam, et m\u00f5istlike liisingupakkujatega saab eriolukorras alati tingimuste ja maksegraafikute \u00fcle l\u00e4bi r\u00e4\u00e4kida. Kui kaalud aga puhkeruumi piljardilaua liisimist, m\u00f5tle hoolega l\u00e4bi, millist eesm\u00e4rki see tegelikult teenib \u2013 m\u00f5nikord v\u00f5ib piljardilaua ost olla hea investeering, teinekord aga lihtsalt esimese tunde pealt tehtud vale otsus.<\/p>\n\n\n\n<h2 class=\"wp-block-heading\">Hoia puhvrit<\/h2>\n\n\n\n<p>\u00dcksk\u00f5ik mida v\u00f5i millise raha eest sa oma ettev\u00f5ttele liisid, tasub alati vabade vahendite abil teatavat puhvrit hoida, sest homse osas pole miski garanteeritud. Kui koroonaviirus meile muud pole \u00f5petanud, siis v\u00e4hemalt on see veenvalt t\u00f5estanud, et rahaline puhver on iga j\u00e4tkusuutliku ettev\u00f5tte esimene v\u00e4ltimatu eeldus. Viirused tulevad ja l\u00e4hevad, ent ebameeldivate \u00fcllatuste eest pole ettev\u00f5tja kunagi kaitstud.&nbsp;<\/p>\n","protected":false},"excerpt":{"rendered":"<p>6 asja, mida liisingu juures j\u00e4lgida Mees liisis oma ettev\u00f5ttele arvuti. Leppis hinnas kokku, allkirjastas lepingu, teatas kauba m\u00fc\u00fcjale aadressi, kuhu kuller kraami kohale v\u00f5iks tuua, ning j\u00e4i ootama. Paar p\u00e4eva hiljem oli kuller ukse taga, arvuti kaenlas.&nbsp; Mida tegi mees? Sa ei kujuta ette! Ta avas ukse ning n\u00e4hes, et l\u00e4vel seisab kuller tema arvutiga, l\u00f5i ukse pauguga kinni. Helistas seej\u00e4rel m\u00fc\u00fcjale ning pistis h\u00e4daldama: \u201eMa vabandan v\u00e4ga, aga mul oli f\u00fc\u00fcsiliselt raske kauba \u00fcleandmisaktile alla kirjutada. Firma tulud on nullis ja praegusel hetkel tundus lihtsam kaup tagasi saata. Inetult kukkus v\u00e4lja, ma saan aru. Aga midagi ei ole [&hellip;]<\/p>\n","protected":false},"author":1,"featured_media":0,"parent":0,"menu_order":0,"comment_status":"closed","ping_status":"closed","template":"template-blog.php","meta":{"_acf_changed":false,"footnotes":""},"class_list":["post-2114","page","type-page","status-publish","hentry"],"acf":[],"_links":{"self":[{"href":"https:\/\/finorabank.eu\/et\/wp-json\/wp\/v2\/pages\/2114","targetHints":{"allow":["GET"]}}],"collection":[{"href":"https:\/\/finorabank.eu\/et\/wp-json\/wp\/v2\/pages"}],"about":[{"href":"https:\/\/finorabank.eu\/et\/wp-json\/wp\/v2\/types\/page"}],"author":[{"embeddable":true,"href":"https:\/\/finorabank.eu\/et\/wp-json\/wp\/v2\/users\/1"}],"replies":[{"embeddable":true,"href":"https:\/\/finorabank.eu\/et\/wp-json\/wp\/v2\/comments?post=2114"}],"version-history":[{"count":5,"href":"https:\/\/finorabank.eu\/et\/wp-json\/wp\/v2\/pages\/2114\/revisions"}],"predecessor-version":[{"id":5041,"href":"https:\/\/finorabank.eu\/et\/wp-json\/wp\/v2\/pages\/2114\/revisions\/5041"}],"wp:attachment":[{"href":"https:\/\/finorabank.eu\/et\/wp-json\/wp\/v2\/media?parent=2114"}],"curies":[{"name":"wp","href":"https:\/\/api.w.org\/{rel}","templated":true}]}}