{"id":2156,"date":"2022-12-01T16:33:25","date_gmt":"2022-12-01T14:33:25","guid":{"rendered":"https:\/\/finorabank.eu\/privatumo-politika-2\/"},"modified":"2023-10-06T09:46:30","modified_gmt":"2023-10-06T07:46:30","slug":"isikuandmete-tootlemise-tingimused","status":"publish","type":"page","link":"https:\/\/finorabank.eu\/et\/isikuandmete-tootlemise-tingimused\/","title":{"rendered":"Isikuandmete t\u00f6\u00f6tlemise tingimused"},"content":{"rendered":"\n<p><strong>I JAOTIS<\/strong><br><br>\u00dcLDS\u00c4TTED<\/p>\n\n\n\n<ol class=\"wp-block-list\">\n<li>Siinsete isikuandmete t\u00f6\u00f6tlemise p\u00f5him\u00f5tete (edaspidi: p\u00f5him\u00f5tted) eesm\u00e4rk on reguleerida Finora Bank UAB (edaspidi: pank) tehtavat isikuandmete t\u00f6\u00f6tlemist. P\u00f5him\u00f5tted on koosk\u00f5las Euroopa Parlamendi ja n\u00f5ukogu 27. aprilli 2016 m\u00e4\u00e4rusega (EL) 2016\/679 f\u00fc\u00fcsiliste isikute kaitse kohta isikuandmete t\u00f6\u00f6tlemisel ja selliste andmete vaba liikumise ning direktiivi 95\/46\/E\u00dc kehtetuks tunnistamise kohta (isikuandmete kaitse \u00fcldm\u00e4\u00e4rus) (edaspidi: m\u00e4\u00e4rus), Leedu Vabariigi isikuandmete kaitse seaduse ja muude \u00f5igusaktidega, mis puudutavad isikuandmete t\u00f6\u00f6tlemist ja kaitset.<\/li>\n\n\n\n<li>P\u00f5him\u00f5tetes kirjeldatakse, kuidas pank t\u00f6\u00f6tleb isikuandmeid.<\/li>\n\n\n\n<li>P\u00f5him\u00f5tetes kasutatakse j\u00e4rgmisi m\u00f5isteid:<br>3.1. Isikuandmed on igasugune teave, mis v\u00f5imaldab otseselt v\u00f5i kaudselt tuvastada klienti v\u00f5i panga t\u00f6\u00f6tajat.<br>3.2. Andmete vastuv\u00f5tja on f\u00fc\u00fcsiline v\u00f5i juriidiline isik, avaliku sektori asutus v\u00f5i muu organ, kellele pangal on \u00f5igus isikuandmeid avaldada. Andmete vastuv\u00f5tjate kategooriad on toodud siinsete p\u00f5him\u00f5tete III jaotises.<br>3.3. Andmet\u00f6\u00f6tlus on isikuandmetega tehtav automatiseeritud v\u00f5i automatiseerimata toiming v\u00f5i toimingute kogum, n\u00e4iteks kogumine, dokumenteerimine, korrastamine, s\u00e4ilitamine, kohandamine, muutmine, p\u00e4ringute tegemine, kasutamine, \u00fchildamine, kustutamine v\u00f5i h\u00e4vitamine.<br>3.4. Volitatud t\u00f6\u00f6tleja on f\u00fc\u00fcsiline v\u00f5i juriidiline isik, avaliku sektori asutus, amet v\u00f5i muu organ, kes t\u00f6\u00f6tleb isikuandmeid vastutava t\u00f6\u00f6tleja nimel.<br>3.5. Vastutav t\u00f6\u00f6tleja on iga\u00fcks, kes \u00fcksi v\u00f5i koos teistega m\u00e4\u00e4rab kindlaks isikuandmete t\u00f6\u00f6tlemise eesm\u00e4rgid ja vahendid. Siinsetes p\u00f5him\u00f5tetes kirjeldatud isikuandmete t\u00f6\u00f6tlemise puhul on vastutav t\u00f6\u00f6tleja pank.<br>3.6. Klient on f\u00fc\u00fcsiline isik, kes kasutab, on kasutanud v\u00f5i avaldanud soovi kasutada teenuseid, on muul moel seotud m\u00f5ne teenuse kasutamise ja\/v\u00f5i kasutajaga ja\/v\u00f5i on pangaga seotud muul viisil.<br>3.7. Teenused on mis tahes teenused, n\u00f5uanded ja tooted, mida pank pakub kliendile seoses finantseerimise, hoiuste, laenamise, liisingu v\u00f5i faktooringuga.<br>3.8. Profiilianal\u00fc\u00fcs on igasugune isikuandmete automatiseeritud t\u00f6\u00f6tlemine, mis kujutab endast isikuandmete kasutamist f\u00fc\u00fcsilise isikuga seotud teatud isiklike aspektide hindamiseks, eelk\u00f5ige selliste aspektide anal\u00fc\u00fcsimiseks v\u00f5i prognoosimiseks, mis on seotud f\u00fc\u00fcsilise isiku t\u00f6\u00f6tulemuste, majandusliku olukorra, tervise, isiklike hobide, huvide, usaldusv\u00e4\u00e4rsuse, k\u00e4itumise, asukoha v\u00f5i liikumisega. Profiilianal\u00fc\u00fcsi kasutatakse n\u00e4iteks anal\u00fc\u00fcsi koostamiseks, lepingu t\u00e4itmiseks, otseturunduse eesm\u00e4rgil, infos\u00fcsteemide t\u00e4iustamiseks, l\u00e4htudes panga \u00f5igusp\u00e4rasest huvist v\u00f5i kliendi n\u00f5usolekust.<br>3.9. Andmete eriliigid on isikuandmed, millest ilmneb rassiline v\u00f5i etniline p\u00e4ritolu, poliitilised vaated, usulised v\u00f5i filosoofilised t\u00f5ekspidamised v\u00f5i ameti\u00fchingusse kuulumine, samuti geneetilised andmed, f\u00fc\u00fcsilise isiku kordumatuks tuvastamiseks kasutatavad biomeetrilised andmed, terviseandmed v\u00f5i andmed f\u00fc\u00fcsilise isiku seksuaalelu ja seksuaalse s\u00e4ttumuse kohta.<br>3.10. N\u00f5usolek on vabatahtlik, konkreetne ja \u00fchem\u00f5tteline tahteavaldus, millega andmesubjekt, kas otses\u00f5nu v\u00f5i \u00fcheselt m\u00f5istetava tegutsemisega n\u00f5ustub tema kohta k\u00e4ivate isikuandmete t\u00f6\u00f6tlemisega.<\/li>\n\n\n\n<li>Pank kogub ja t\u00f6\u00f6tleb j\u00e4rgmist liiki isikuandmeid:<br>4.1. isikutuvastusandmeid, nagu nimi, isikukood, s\u00fcnniaeg, andmed isikut t\u00f5endava dokumendi kohta, kodune aadress, n\u00e4opilt;<br>4.2. kontaktandmeid, nagu aadress, telefoninumber, e-posti aadress;<br>4.3. finantsandmeid, nagu omandi\u00f5igus, rahaliste vahendite p\u00e4ritolu, tehingud, krediidid, sissetulek, finantseesm\u00e4rgid, kohustused, varad;<br>4.4. kontoandmeid, nagu pangakonto number;<br>4.5. andmeid, mida pank vajab rahapesu ja terrorismi rahastamise t\u00f5kestamises vajalike meetmete rakendamiseks ning rahvusvaheliste sanktsioonide t\u00e4itmise tagamiseks, sealhulgas \u00e4risuhete eesm\u00e4rk ja see, kas klient on isik, kes osaleb poliitikas, samuti ka varade p\u00e4ritolu kindlaksm\u00e4\u00e4ramiseks;<br>4.6. andmeid kliendi tehingupoolte ja \u00e4ritegevuse kohta;<br>4.7. andmeid, mis on saadud ja\/v\u00f5i loodud \u00f5igusaktidest tuleneva kohustuse t\u00e4itmiseks, n\u00e4iteks andmeid, mida pank on kohustatud esitama ametiasutustele (maksuhaldurid, kohtud, \u00f5iguskaitseasutused), n\u00e4iteks andmed sissetulekute, laenukohustuste, kinnisvaraomandite ja v\u00f5lakoormuse kohta;<br>4.8. perekonnaga seotud andmeid, nagu teave kliendi perekonna kohta;<br>4.9. rahvastikuandmeid, nagu elukohariik, s\u00fcnniaeg ja kodakondsus;<br>4.10. andmeid ametialase tegevuse kohta, n\u00e4iteks haridus v\u00f5i ametialane karj\u00e4\u00e4r; 4.11. andmeid seoste kohta juriidiliste isikutega, n\u00e4iteks andmed, mille on esitanud klient v\u00f5i mis on saadud avalikest andmebaasidest v\u00f5i kolmandast isikust teenusepakkuja k\u00e4est konkreetse juriidilise isiku nimel tehingute tegemiseks.<br><br><strong>II JAOTIS<\/strong><br><br>Isikuandmete t\u00f6\u00f6tlemine<br><\/li>\n\n\n\n<li>Pank kogub ja t\u00f6\u00f6tleb oma t\u00f6\u00f6s j\u00e4rgmiste isikute isikuandmeid:<br>5.1. panga t\u00f6\u00f6tajad ja t\u00f6\u00f6le kandideerijad;<br>5.2. panka juhtivad isikud, juhatuse, j\u00e4relevalve (sh panga j\u00e4relevalve n\u00f5ukogu, auditikomitee) v\u00f5i muude organite liikmed, aktsion\u00e4rid, tegelikud kasusaajad;<br>5.3. pangale teenuste osutamiseks avaldusi esitanud isikud (taotlejad), taotleja kohustuste tagajad, muud avaldustes nimetatud isikud, juhtivad isikud, juhatuse, j\u00e4relevalve- v\u00f5i muude organite liikmed, neid otseselt v\u00f5i kaudselt kontrollivad isikud, aktsion\u00e4rid, tegelikud kasusaajad;<br>5.4. panga t\u00f6\u00f6v\u00f5tjad, teenuseosutajad, juhatuse, j\u00e4relevalve- v\u00f5i muude organite liikmed, neid otseselt v\u00f5i kaudselt kontrollivad isikud, aktsion\u00e4rid, tegelikud kasusaajad;<br>5.5. p\u00f5him\u00f5tete punktides 5.2\u20135.3 nimetatud isikute esindajad, abikaasad v\u00f5i nendega muul moel seotud isikud.<\/li>\n\n\n\n<li>Pank t\u00f6\u00f6tleb isikuandmeid j\u00e4rgmistel eesm\u00e4rkidel.<br>6.1. Lepingute t\u00e4itmine:<br>6.1.1. t\u00f6\u00f6lepingute s\u00f5lmimine panga t\u00f6\u00f6tajatega;<br>6.1.2. asutusesisene asjaajamine;<br>6.1.3. kliendi n\u00f5udmisel toimingute tegemine enne lepingu s\u00f5lmimist, lepingu, mille \u00fcks pool on klient, s\u00f5lmimine, t\u00e4itmine v\u00f5i l\u00f5petamine.<br>6.2. Juriidilise kohustuse t\u00e4itmine:<br>6.2.1. klientide kaebuste k\u00e4sitlemine;<br>6.2.2. rahapesu t\u00f5kestamine, maksukohustuse kontrolli- ja deklareerimiskohustuse t\u00e4itmine ja riskijuhtimine;<br>6.2.3. krediidiv\u00f5imelisuse v\u00f5i muu riski hindamine teenuste osutamiseks, riski maandamiseks ja pangale kehtestatud kapitali adekvaatsusn\u00f5uete t\u00e4itmiseks;<br>6.2.4. kahtlaste tehingute tuvastamine, uurimine ja nendest teatamine;<br>6.2.5. kliendi isikusamasuse kindlaks m\u00e4\u00e4ramine ja kontrollimine, isikuandmete \u00f5igsuse ja t\u00e4ielikkuse tagamine, nende kontrollimine ja t\u00e4psustamine avalike ja sisemiste andmeallikate abil.<br>6.3. \u00d5igusp\u00e4rane huvi:<br>6.3.1. krediidikvaliteedi ja riskide hindamiseks, et teha kindlaks, milliseid teenuseid ja millistel tingimustel saab kliendile pakkuda, langetada otsuseid, j\u00e4lgida laenuportfelli, samuti v\u00e4hendada v\u00f5i k\u00f5rvaldada panga potentsiaalseid riske;<br>6.3.2. krediidiv\u00f5imelisuse v\u00f5i muuks riskihindamiseks, et osutada kliendile finantseerimis- v\u00f5i muid teenuseid;<br>6.3.3. finantsn\u00f5uete kinnitamiseks, t\u00e4itmise tagamiseks, kaitsmiseks, \u00fclekandmiseks v\u00f5i m\u00fc\u00fcgiks, samuti sel eesm\u00e4rgil teabe s\u00e4ilitamiseks;<br>6.3.4. kliendi, panga ja panga t\u00f6\u00f6tajate \u00f5igustatud huvide kaitsmiseks, rakendades sealjuures vajalikke turvameetmeid;<br>6.3.5. panga tegevuse, teenuste ja kliendikogemuse toetamiseks, laiendamiseks, hindamiseks ja t\u00e4iustamiseks.<br>6.4. N\u00f5usolek:<br>6.4.1. isikuandmete t\u00f6\u00f6tlemiseks otseturunduse eesm\u00e4rgil;<br>6.4.2. telefonivestluste salvestamiseks, et tagada teenuste kvaliteet;<br>6.4.3. panga kliendiks saada sooviva isiku (v\u00f5i tema esindaja) n\u00e4okujutise kasutamiseks ja video tegemiseks, et tuvastada isikud kaugtuvastuse teel;<br>6.4.4. t\u00f6\u00f6le kandideerijate isikuandmete t\u00f6\u00f6tlemiseks, kui panga pakutavatele ametikohtadele kandideerimisel esitatakse pangale otse v\u00f5i v\u00e4rbamisagentuuri kaudu oma CV,<br>motivatsioonikiri vms. Pank t\u00f6\u00f6tleb isikuandmeid n\u00f5usoleku alusel, mille t\u00f6\u00f6le kandideerijad vastavate andmete esitamisel annavad;<br>6.4.5. kui kliendid k\u00fclastavad panga veebisaiti (www.finorabank.eu), t\u00f6\u00f6tleb pank kliendi n\u00f5usolekul kliendi IP-aadressi ja muid v\u00f5rguandmeid;<br>6.4.6. kliendi n\u00f5usolekul Finora kontserni kuuluvaid ettev\u00f5tteid puudutavatel p\u00f5hjendatud juhtudel.<\/li>\n\n\n\n<li>Isikuandmete automaatseks haldamiseks kasutab pank j\u00e4rgmisi programme: Dropbox, Google Drive, MS Excel, Word, Outlook ja muid panga t\u00f6\u00f6s kasutatavaid programme. Panga t\u00f6\u00f6tajate isikuandmeid saab edastada ja t\u00f6\u00f6delda ka j\u00e4rgmistes riigiasutuste IT-s\u00fcsteemides: Sodra andmebaas, VMI elektrooniline deklareerimise s\u00fcsteem, Sodra elektrooniline kindlustusv\u00f5tjate s\u00fcsteem, elektrooniline statistiliste andmete koostamise ja edastamise s\u00fcsteem, VMI (deklaratsiooniandmed), VMI (ebaseaduslik t\u00f6\u00f6), valitsuse elektrooniline portaal jne.<\/li>\n\n\n\n<li>Pank teeb profiilianal\u00fc\u00fcsi ja kasutab automatiseeritud otsuseid, et parandada klientide kasutajakogemust, n\u00e4iteks kohandades teenuseid eri seadmetele v\u00f5i koostades klientidele sobivaid teenusepakkumisi. Pank teeb automatiseeritud otsuseid sellistes toimingutes nagu krediidiv\u00f5imelisuse hindamine, riskijuhtimine, tehingute j\u00e4lgimine, pettustevastane tegevus, \u00f5igusaktide n\u00f5uetega arvestamine rahapesu ja terrorismi rahastamise t\u00f5kestamise ning finantsteenuste valdkonnas.<\/li>\n\n\n\n<li>Isikuandmete s\u00e4ilitamise aja m\u00e4\u00e4ramisel v\u00f5etakse arvesse konkreetseid eesm\u00e4rke, milleks isikuandmeid koguti, v\u00f5i \u00f5igusaktidega m\u00e4\u00e4ratud t\u00e4htaega. Isikuandmeid t\u00f6\u00f6deldakse ajal, mil kestavad \u00e4risuhted kliendiga, s\u00e4ilitamist\u00e4htaegade m\u00e4\u00e4ramisel ja kohaldamisel v\u00f5idakse arvestada panga \u00f5igusp\u00e4raste huvidega. Isikuandmeid s\u00e4ilitatakse pangas k\u00fcmme aastat p\u00e4rast kliendiga \u00e4risuhte l\u00f5ppemist, v\u00e4lja arvatud juhtudel, kui \u00f5igusaktidest tulenevad muud s\u00e4ilitamist\u00e4htajad.<\/li>\n\n\n\n<li>Pank t\u00f6\u00f6tleb eriliiki andmeid ainult m\u00e4\u00e4ruse artiklis 9 s\u00e4testatud isikuandmete t\u00f6\u00f6tlemise tingimuste ja n\u00f5uete kohaselt.<br><br><strong>III JAOTIS<\/strong><br><br>ISIKUANDMETE T\u00d6\u00d6TLEMISE JA AVALDAMISE P\u00d5HIN\u00d5UDED<br><\/li>\n\n\n\n<li>Pank j\u00e4rgib oma \u00fclesannete t\u00e4itmisel ja isikuandmete t\u00f6\u00f6tlemisel muu hulgas j\u00e4rgmisi isikuandmete t\u00f6\u00f6tlemise p\u00f5hin\u00f5udeid: 1) isikuandmeid kogutakse siinsetes p\u00f5him\u00f5tetes m\u00e4\u00e4ratletud eesm\u00e4rkidel ja seej\u00e4rel t\u00f6\u00f6deldakse koosk\u00f5las nende eesm\u00e4rkidega; 2) isikuandmeid t\u00f6\u00f6deldakse t\u00e4pselt, \u00f5iglaselt ja seaduslikult; 3) isikuandmed peavad olema \u00f5iged ja vajaduse korral tuleb neid t\u00f6\u00f6tlemiseks pidevalt uuendada; eba\u00f5iged v\u00f5i mittet\u00e4ielikud andmed tuleb parandada, t\u00e4iendada, h\u00e4vitada v\u00f5i nende t\u00f6\u00f6tlemine peatada; 4) isikuandmed peavad olema identsed, asjakohased ja ainult ulatuses, mis on vajalik nende kogumiseks ja edasiseks t\u00f6\u00f6tlemiseks; 5) isikuandmeid s\u00e4ilitatakse niisugusel kujul, et andmesubjekte poleks v\u00f5imalik tuvastada kauem, kui on vaja nende andmete kogumise ja t\u00f6\u00f6tlemise eesm\u00e4rkide saavutamiseks; 6) isikuandmeid t\u00f6\u00f6deldakse koosk\u00f5las m\u00e4\u00e4ruses, Leedu Vabariigi isikuandmete kaitse seaduses ja muudes \u00f5igusaktides kehtestatud isikuandmete t\u00f6\u00f6tlemise n\u00f5uetega.<\/li>\n\n\n\n<li>Pank v\u00f5tab isikuandmeid vastu nii otse andmesubjektidelt kui ka kolmandatest isikutest vastutavatelt t\u00f6\u00f6tlejatelt, tehes seda \u00fcksnes koosk\u00f5las \u00f5igusaktidega.<\/li>\n\n\n\n<li>Teenuste osutamise tagamiseks v\u00f5i muudel juhtudel, kui see on vajalik, on pangal \u00f5igus avaldada isikuandmeid vastuv\u00f5tjatele. Sellised vastuv\u00f5tjad on:<br>13.1. Finora kontserni kuuluvad \u00e4ri\u00fchingud;<br>13.2. riigiasutused, muud neile seadusega pandud \u00fclesandeid t\u00e4itvad isikud, nagu j\u00e4relevalveasutused, maksuamet, \u00f5iguskaitseasutused, kohtut\u00e4iturid, notarid, kohtud, kohtuv\u00e4lised vaidluste lahendamise asutused;<br>13.3. finants- ja \u00f5igusk\u00fcsimustes n\u00f5ustavad, panka auditeerivad v\u00f5i pangale muid teenuseid osutavad isikud;<br>13.4. kolmandad isikud, kes haldavad registreid (sh rahaliste kohustuste ja tulude andmebaasid, elanike register, juriidiliste isikute register, riigi kinnisvararegister, mootors\u00f5idukiregister, makseh\u00e4ireregister v\u00f5i muud registrid, milles isikuandmeid t\u00f6\u00f6deldakse) v\u00f5i vahendavad isikuandmete esitamist niisugustest registritest;<br>13.5. v\u00f5lgade sissen\u00f5udmisega tegelevad isikud ja \u00e4ri\u00fchingud, lepingutest tulenevaid \u00f5igusi ja kohustusi \u00fcle v\u00f5tvad isikud, maksej\u00f5uetusmenetluse haldajad;<br>13.6. isikud, kes tagavad kliendi panga ees v\u00f5etud kohustuste n\u00f5uetekohase t\u00e4itmise, n\u00e4iteks k\u00e4endajad ja pantijad; 13.7. muud teenuste osutamisega seotud isikud, nagu IT-, telekommunikatsiooni-, arhiveerimis- ja postiteenuste osutajad, kliendile osutatavate teenuste osutajad, m\u00fc\u00fcjad ja muud volitatud isikud.<\/li>\n\n\n\n<li>Pank ei jaga kellegagi rohkem isikuandmeid, kui on konkreetse t\u00f6\u00f6tlemise eesm\u00e4rgi t\u00e4itmiseks vajalik. Vastuv\u00f5tjad v\u00f5ivad t\u00f6\u00f6delda isikuandmeid volitatud ja\/v\u00f5i vastutavate t\u00f6\u00f6tlejatena. Kui vastuv\u00f5tja t\u00f6\u00f6tleb kliendi isikuandmeid vastutava t\u00f6\u00f6tlejana enda nimel, vastutab vastuv\u00f5tja andmesubjektidele nende isikuandmete t\u00f6\u00f6tlemise kohta teabe edastamise eest. Sellisel juhul soovitab pank kliendil v\u00f5tta vastuv\u00f5tjaga \u00fchendust, et saada teavet vastuv\u00f5tja tehtava isikuandmete t\u00f6\u00f6tlemise kohta.<br><br><strong>IV JAOTIS<\/strong><br><br>ANDMESUBJEKTI \u00d5IGUSTE RAKENDAMINE<br><\/li>\n\n\n\n<li>Pank tagab andmesubjekti, sh panga t\u00f6\u00f6tajate \u00f5iguste rakendamise, et andmesubjektile oleks tagatud j\u00e4rgmised \u00f5igused:<br>15.1. saada teavet selle kohta, kas pank t\u00f6\u00f6tleb tema isikuandmeid, ja kui t\u00f6\u00f6tleb, siis nendega tutvuda;<br>15.2. n\u00f5uda oma isikuandmete parandamist, kui need on eba\u00f5iged, mittet\u00e4ielikud v\u00f5i ebat\u00e4psed;<br>15.3. n\u00f5uda oma isikuandmete kustutamist;<br>15.4. n\u00f5uda oma isikuandmete t\u00f6\u00f6tlemise piiramist;<br>15.5. mitte n\u00f5ustuda oma isikuandmete t\u00f6\u00f6tlemisega, kui t\u00f6\u00f6tlemine p\u00f5hineb panga \u00f5igustatud huvil;<br>15.6. saada kirjalikult v\u00f5i tavalises arvutiloetavas vormingus tema esitatud isikuandmeid, mida t\u00f6\u00f6deldakse tema n\u00f5usoleku v\u00f5i lepingu alusel, ning v\u00f5imalusel edastada need teisele teenusepakkujale (\u00f5igus andmete \u00fclekandmisele);<br>15.7. v\u00f5tta tagasi isikuandmete t\u00f6\u00f6tlemiseks antud n\u00f5usolek; 15.8. mitte n\u00f5ustuda t\u00e4ielikult automatiseeritud otsuste tegemisega, sealhulgas profiilianal\u00fc\u00fcsiga, kui sellisel otsusel on \u00f5iguslikud tagaj\u00e4rjed v\u00f5i samav\u00f5rd oluline m\u00f5ju kliendile. See \u00f5igus ei kehti juhul, kui niisugune otsustamine on vajalik kliendiga lepingu s\u00f5lmimiseks v\u00f5i t\u00e4itmiseks, on lubatud \u00f5igusaktidega v\u00f5i kui klient on andnud selleks s\u00f5naselge n\u00f5usoleku.<\/li>\n\n\n\n<li>Andmesubjektil, kes on esitanud pangale isikut t\u00f5endava dokumendi v\u00f5i t\u00f5endanud enda isikusamasust \u00f5igusaktidega kehtestatud korras v\u00f5i isikut tuvastada v\u00f5imaldavate elektrooniliste sidevahendite abil, on \u00f5igus tutvuda oma pangas t\u00f6\u00f6deldavate andmetega ning saada teavet selle kohta, millistest allikatest ja milliseid tema isikuandmeid koguti, mis eesm\u00e4rgil neid t\u00f6\u00f6deldakse ning millistele vastuv\u00f5tjatele neid edastatakse ja on viimase aasta jooksul edastatud.<\/li>\n\n\n\n<li>Kui pank saab andmesubjektilt taotluse, esitab pank vastutava t\u00f6\u00f6tlejana andmesubjektile viivitamata, kuid igal juhul mitte hiljem kui \u00fche kuu jooksul p\u00e4rast taotluse saamist teabe m\u00e4\u00e4ruse artiklite 15\u201322 kohase taotluse alusel tehtavate toimingute kohta. Seda ajavahemikku v\u00f5ib vajaduse korral pikendada kahe kuu v\u00f5rra, olenevalt taotluste hulgast ja keerukusest. Kui andmesubjekti taotlused on ilmselgelt p\u00f5hjendamatud v\u00f5i ebaproportsionaalsed, eelk\u00f5ige nende korduva sisu t\u00f5ttu, v\u00f5ib pank kas: 1) n\u00f5uda m\u00f5istlikku tasu, v\u00f5ttes arvesse n\u00f5utava teabe v\u00f5i teatiste edastamise v\u00f5i n\u00f5utud toimingute halduskulusid v\u00f5i 2) keelduda taotlust menetlemast.<\/li>\n\n\n\n<li>Kui andmesubjekt leiab oma isikuandmetega tutvudes, et tema isikuandmed on eba\u00f5iged, mittet\u00e4ielikud v\u00f5i ebat\u00e4psed, ja p\u00f6\u00f6rdub panga poole, kontrollib pank neid isikuandmeid viivitamatult ning parandab kohe andmesubjekti kirjalikul n\u00f5udmisel eba\u00f5iged v\u00f5i ebat\u00e4psed andmed, t\u00e4iendab panga mittet\u00e4ielikke t\u00f6\u00f6deldud isikuandmeid ja\/v\u00f5i peatab nende t\u00f6\u00f6tlemise, v\u00e4lja arvatud s\u00e4ilitamise, kuni eba\u00f5iged, ebat\u00e4psed v\u00f5i mittet\u00e4ielikud isikuandmed on parandatud v\u00f5i h\u00e4vitatud.<\/li>\n\n\n\n<li>Pank teavitab andmesubjekti viivitamatult andmesubjekti n\u00f5udmisel tehtud isikuandmete parandustest, andmete h\u00e4vitamisest v\u00f5i t\u00f6\u00f6tlemise peatamisest v\u00f5i eespool loetletu tegemata j\u00e4tmisest.<\/li>\n\n\n\n<li>Andmesubjektile v\u00f5ib soovi korral teavet anda suuliselt, v\u00f5imaldades samas juurdep\u00e4\u00e4su dokumendile ja esitades t\u00f5endi, dokumendi v\u00e4ljav\u00f5tte v\u00f5i dokumendi paberkoopia, elektroonilise teabekandja v\u00f5i juurdep\u00e4\u00e4su teabefailile. Kui taotluses ei ole teabe esitamise vormi m\u00e4rgitud, esitab pank selle samas vormis, nagu esitati taotlus.<\/li>\n\n\n\n<li>Kliendil on \u00f5igus esitada isikuandmete t\u00f6\u00f6tlemise kohta kaebus Andmekaitse Inspektsioonile, mis asub aadressil www.vdai.lrv.lt, kui klient usub, et tema isikuandmete t\u00f6\u00f6tlemisel rikutakse tema \u00f5igusi ja \u00f5igustatud huve, mis tulenevad isikuandmete kaitset reguleerivatest \u00f5igusaktidest.<\/li>\n\n\n\n<li>Kliendil on \u00f5igus p\u00f6\u00f6rduda panga poole taotluste esitamiseks, juba antud n\u00f5usolekute tagasiv\u00f5tmiseks, taotluste esitamiseks andmesubjekti \u00f5iguste rakendamise kohta ja kaebuste esitamiseks isikuandmete t\u00f6\u00f6tlemise kohta. Panga kontaktandmed on avaldatud panga veebisaidil www.finorabank.eu.<br><br><strong>V JAOTIS<\/strong><br><br>L\u00d5PPS\u00c4TTED<br><\/li>\n\n\n\n<li>Pangal on \u00f5igus neid p\u00f5him\u00f5tteid igal ajal \u00fchepoolselt muuta, teavitades sellest kliente panga veebisaidi, SMSi v\u00f5i e-posti teel hiljemalt \u00fcks kuu enne muudatuste j\u00f5ustumist, v\u00e4lja arvatud juhul, kui muudatused on vajalikud vastavuse tagamiseks \u00f5igusaktidega<\/li>\n<\/ol>\n","protected":false},"excerpt":{"rendered":"<p>I JAOTIS \u00dcLDS\u00c4TTED<\/p>\n","protected":false},"author":6,"featured_media":0,"parent":0,"menu_order":0,"comment_status":"closed","ping_status":"closed","template":"template-terms.php","meta":{"_acf_changed":false,"footnotes":""},"class_list":["post-2156","page","type-page","status-publish","hentry"],"acf":[],"_links":{"self":[{"href":"https:\/\/finorabank.eu\/et\/wp-json\/wp\/v2\/pages\/2156","targetHints":{"allow":["GET"]}}],"collection":[{"href":"https:\/\/finorabank.eu\/et\/wp-json\/wp\/v2\/pages"}],"about":[{"href":"https:\/\/finorabank.eu\/et\/wp-json\/wp\/v2\/types\/page"}],"author":[{"embeddable":true,"href":"https:\/\/finorabank.eu\/et\/wp-json\/wp\/v2\/users\/6"}],"replies":[{"embeddable":true,"href":"https:\/\/finorabank.eu\/et\/wp-json\/wp\/v2\/comments?post=2156"}],"version-history":[{"count":5,"href":"https:\/\/finorabank.eu\/et\/wp-json\/wp\/v2\/pages\/2156\/revisions"}],"predecessor-version":[{"id":2335,"href":"https:\/\/finorabank.eu\/et\/wp-json\/wp\/v2\/pages\/2156\/revisions\/2335"}],"wp:attachment":[{"href":"https:\/\/finorabank.eu\/et\/wp-json\/wp\/v2\/media?parent=2156"}],"curies":[{"name":"wp","href":"https:\/\/api.w.org\/{rel}","templated":true}]}}