{"id":2390,"date":"2022-12-19T14:50:56","date_gmt":"2022-12-19T12:50:56","guid":{"rendered":"https:\/\/finorabank.eu\/?page_id=2390"},"modified":"2024-06-05T07:55:54","modified_gmt":"2024-06-05T05:55:54","slug":"hoiused-teave","status":"publish","type":"page","link":"https:\/\/finorabank.eu\/et\/hoiused-teave\/","title":{"rendered":"Hoiused \u2013 Teave\u00a0"},"content":{"rendered":"\n<h2 class=\"wp-block-heading\"><strong>Teave hoiustajatele hoiuste kindlustuse kohta&nbsp;<\/strong><\/h2>\n\n\n\n<p><\/p>\n\n\n\n<p><strong>T\u00e4psemat teavet hoiuste kindlustuse tingimuste ning juhtude kohta, mil hoiuste kindlustus ei kehti ja mil hoiuste kindlustush\u00fcvitise maksmisele kehtivad piirangud, leiate riikliku asutuse Hoiuste ja Investeeringute Kindlustuse veebilehelt: www.iidraudimas.lt.<\/strong><\/p>\n\n\n\n<p>Rohkem teavet hoiuste kindlustuse kohta leiate allpool:<\/p>\n\n\n\n<p><\/p>\n\n\n\n<h3 class=\"wp-block-heading\"><strong>Hoiuste kindlustuse p\u00f5hiteave<\/strong><\/h3>\n\n\n\n<figure class=\"wp-block-table\"><table><tbody><tr><td>Finora Bank UAB poolt pakutavad Hoiused, mida haldab UAB Finora Bank, on kindlustatud<\/td><td>Riiklik Asutus Hoiuste ja Investeeringute Kindlustus <a href=\"http:\/\/www.iidraudimas.lt.\" data-type=\"link\" data-id=\"www.iidraudimas.lt.\">www.iidraudimas.lt.<\/a><\/td><\/tr><tr><td>Kindlustuslimiit<\/td><td>kuni 100 000 eurot \u00fche hoiustaja kohta k\u00f5igi \u00fches krediidiasutuses hoitavate hoiuste eest kokku\u00b9<\/td><\/tr><tr><td>Kui teil on samas krediidiasutuses rohkem hoiuseid\u00a0<\/td><td>K\u00f5ik teie samas krediidiasutuses olevad hoiused liidetakse kokku ja kogusummale rakendatakse 100 000 euro suurust kindlustuslimiiti\u00b9<\/td><\/tr><tr><td>Kui teil on \u00fchishoius teise isikuga (teiste isikutega)<\/td><td>Kindlustuslimiit summas 100 000 eurot, kehtib eraldi igale hoiustajale<sup>2<\/sup><\/td><\/tr><tr><td>Hoiuste kindlustush\u00fcvitise v\u00e4ljamaksmise periood krediidiasutuse maksej\u00f5uetuse korral<\/td><td>7 t\u00f6\u00f6p\u00e4eva\u00b3<\/td><\/tr><tr><td>Hoiuste kindlustush\u00fcvitise v\u00e4ljamaksmise valuuta<\/td><td>EUR<\/td><\/tr><tr><td>Kontaktandmed<\/td><td>Riiklik Asutus Hoiuste ja Investeeringute Kindlustus, aadress: Savanori\u0173 pr. 5, LT-03116, Vilnius; tel.: (+370 5) 213 5657; faks: (+370 5) 213 5546; e-post: idf@idf.lt.<\/td><\/tr><tr><td>Lisateave<\/td><td><a href=\"http:\/\/www.iidraudimas.lt\" data-type=\"link\" data-id=\"www.iidraudimas.lt\">www.iidraudimas.lt<\/a><\/td><\/tr><\/tbody><\/table><\/figure>\n\n\n\n<p><\/p>\n\n\n\n<p><strong><strong>M\u00e4rkused:<\/strong><\/strong><\/p>\n\n\n\n<p>\u00b9 Juhul, kui hoiust ei kompenseerita UAB Finora Banki suutmatuse t\u00f5ttu t\u00e4ita oma finantskohustusi, maksab hoiustajatele hoiuste kindlustush\u00fcvitist kindlustusselts. \u00dche hoiustaja kohta UAB Finora Bank hoitavate hoiuste kindlustush\u00fcvitise maksimumsumma on 100 000 eurot. Hoiuste kindlustush\u00fcvitise suurus m\u00e4\u00e4ratakse, liites kokku k\u00f5ik UAB Finora Bank hoitavad hoiused. N\u00e4iteks kui hoiustajal on hoiukonto, mille asjakohane j\u00e4\u00e4k on 90 000 eurot, ja arvelduskonto, mille asjakohane j\u00e4\u00e4k on 20 000 eurot, siis kindlustush\u00fcvitisena sellele hoiustajale makstakse v\u00e4lja ainult 100 000 eurot.&nbsp;<\/p>\n\n\n\n<p>M\u00f5ningatel erijuhtudel (hoiustaja omandis olnud elamu m\u00fc\u00fcgist saadud vahendid on kantud hoiustaja kontole hiljemalt 6 kuud enne hoiuste kindlustusjuhtumi toimumist; p\u00e4randina p\u00e4rijale v\u00f5i testamendit\u00e4itjale laekunud summad; elukindlustuslepingu v\u00f5i muu surma korral selle olemusele vastava lepingu alusel soodustatud isikule laekunud summad; teise isiku kutse- v\u00f5i ametikohustuste t\u00e4itmisel hukkumise t\u00f5ttu seadusega etten\u00e4htud juhtudel ja tingimustel h\u00fcvitisena v\u00f5i toetusena saadud summad; v\u00e4givaldsete kuritegude tekitatud kahju h\u00fcvitised v\u00f5i kompensatsioonid) on hoiuste kindlustuskaitse suurem kui 100 000 eurot. T\u00e4psem teave on k\u00e4ttesaadav j\u00e4rgmisel veebilehel: <a href=\"http:\/\/www.iidraudimas.lt.\" data-type=\"link\" data-id=\"www.iidraudimas.lt.\">www.iidraudimas.lt.&nbsp;<\/a><\/p>\n\n\n\n<p>\u00b2 Kui teil on \u00fchishoius teise (teiste) isiku(te)ga, kehtib 100 000 euro suurune kindlustuskaitse limiit igale hoiuse kaasomanikule eraldi.&nbsp;<\/p>\n\n\n\n<p>\u00b3 Kindlustush\u00fcvitiste v\u00e4ljamaksmine.&nbsp;<\/p>\n\n\n\n<p>Hoiuste kindlustuss\u00fcsteemi eest vastutav asutus on kindlustusselts (riiklik asutus Hoiuste ja Investeeringute Kindlustus, aadress: Savanori\u0173 pr. 5, LT-03116, Vilnius; tel.: (+370 5) 213 5657; faks: (+370 5) 213 5546; e-post: <a href=\"mailto:idf@idf.lt\">idf@idf.lt<\/a>), veebilehe aadress: www.iidraudimas.lt. Ta h\u00fcvitab teie hoiused (kuni 100 000 eurot) hiljemalt:&nbsp;<\/p>\n\n\n\n<ul class=\"wp-block-list\">\n<li>10 t\u00f6\u00f6p\u00e4eva jooksul alates 1. jaanuarist 2021 kuni 31. detsembrini 2023;&nbsp;<\/li>\n\n\n\n<li>7 t\u00f6\u00f6p\u00e4eva jooksul alates 1. jaanuarist 2024.&nbsp;<\/li>\n<\/ul>\n\n\n\n<p>Kui hoiuste kindlustush\u00fcvitisi ei maksta v\u00e4lja 7 t\u00f6\u00f6p\u00e4eva jooksul alates hoiuste kindlustusjuhtumi p\u00e4evast, makstakse 5 t\u00f6\u00f6p\u00e4eva jooksul p\u00e4rast taotluse k\u00e4ttesaamist alates 16. maist 2016 kompensatsiooni osa (hoiuse ennet\u00e4htaegne kindlustush\u00fcvitis), mis on v\u00f5rdne minimaalse kuupalgaga, kuid mitte suurem kui hoiustaja kindlustuskaitsega hoiuste summa.&nbsp;<\/p>\n\n\n\n<p>Kui nimetatud t\u00e4htaegade jooksul ei ole teile kindlustush\u00fcvitist v\u00e4lja makstud, peaksite v\u00f5tma \u00fchendust kindlustusseltsiga. T\u00e4psem teave on k\u00e4ttesaadav j\u00e4rgmisel veebilehel:<a href=\"http:\/\/www.iidraudimas.lt\/\"><strong> www.iidraudimas.lt<\/strong><\/a><strong>.&nbsp;<\/strong><\/p>\n\n\n\n<p><strong>Muu oluline teave<\/strong><\/p>\n\n\n\n<p>P\u00f5him\u00f5tteliselt on k\u00f5ik jae- ja \u00e4riklientide hoiused kindlustatud kindlustusseltsi poolt. Erandid, mis kehtivad teatud hoiuste suhtes, on esitatud kindlustusseltsi veebilehel: www.iidraudimas.lt. UAB Finora Bank teavitab teid teie soovil ka sellest, kas toode on kindlustusega kaetud v\u00f5i mitte. Kui hoiused on kindlustatud, kinnitab UAB Finora Bank seda konto v\u00e4ljav\u00f5ttel.&nbsp;<\/p>\n\n\n\n<p>Juhud, kui hoiused ei ole kindlustatud:&nbsp;<\/p>\n\n\n\n<p>Palun teavitage, et vastavalt Lietuvos Respublika hoiuste ja investorite kohustuste kindlustamise seaduse \u00a7 3 l\u00f5ikele 2 ei kuulu hoiuste kindlustuse alla (nimetatud isikute hoiused ei ole hoiuste kindlustuse objektiks, olenemata riigi \u00f5igusaktidest, mille alusel need isikud on asutatud):&nbsp;<\/p>\n\n\n\n<p>1.1. teiste krediidiasutuste enda arvel ja enda nimel hoitavad hoiused;&nbsp;<\/p>\n\n\n\n<p>1.2. omavahendid;&nbsp;<\/p>\n\n\n\n<p>1.3. hoiused, mis on saanud s\u00fc\u00fcdim\u00f5istva kohtuotsuse rahapesuga seotud kriminaalasjas;&nbsp;<\/p>\n\n\n\n<p>1.4. finantsasutuste hoiused;&nbsp;<\/p>\n\n\n\n<p>1.5. fondivalitsejate hoiused;&nbsp;<\/p>\n\n\n\n<p>1.6. finantsvahendusfirmade hoiused;&nbsp;<\/p>\n\n\n\n<p>1.7. hoiused, mille omanikku ei ole tuvastatud (anon\u00fc\u00fcmsetel ja kodeeritud kontodel hoitavad hoiused);&nbsp;<\/p>\n\n\n\n<p>1.8. kindlustus- ja edasikindlustusseltside hoiused, samuti teistes liikmesriikides ja kolmandates riikides asutatud kindlustus- ja edasikindlustusseltside hoiused;&nbsp;<\/p>\n\n\n\n<p>1.9. \u00fchisinvesteerimis\u00fchingute hoiused;&nbsp;<\/p>\n\n\n\n<p>1.10. pensionifondide hoiused;&nbsp;<\/p>\n\n\n\n<p>1.11. riigi ja kohalike omavalitsuste asutuste ja organite hoiused, nagu on m\u00e4\u00e4ratletud Lietuvos Respublika riigiteenistuse seaduses, v\u00e4lja arvatud selliste asutuste ja organite hoiuste kontodel hoitavad teistele isikutele kuuluvad rahalised vahendid;&nbsp;<\/p>\n\n\n\n<p>1.12. Lietuvos Panga hoiused;&nbsp;<\/p>\n\n\n\n<p>1.13. hoiuste kindlustuss\u00fcsteemi osaleja enda emiteeritud v\u00f5lav\u00e4\u00e4rtpaberid ja kohustused, mis on seotud tema aktseptide ja v\u00f5lakirjadega;&nbsp;<\/p>\n\n\n\n<p>1.14. elektrooniline raha ja elektroonilise raha asutuste poolt elektroonilise raha omanikelt elektroonilise raha eest saadud rahalised vahendid.&nbsp;<\/p>\n\n\n\n<p>Juhud, kui hoiuste kindlustush\u00fcvitise maksmisele kehtivad piirangud&nbsp;<\/p>\n\n\n\n<p>K\u00e4esolevaga teavitatakse, et vastavalt Lietuvos Respublika hoiuste ja investorite kohustuste kindlustamise seaduse \u00a7-le 8 ei maksta hoiuste kindlustush\u00fcvitist:&nbsp;<\/p>\n\n\n\n<p>2.1. hoiused, rahalised vahendid, raha, v\u00e4\u00e4rtpaberid ja\/v\u00f5i kohustused, mis vastavalt Lietuvos Respublika hoiuste ja investorite kohustuste kindlustamise seaduse \u00a7 3 l\u00f5ikele 2 ei ole hoiuste kindlustuse objektiks;&nbsp;<\/p>\n\n\n\n<p>2.2. hoiustajatele hoiuste eest kontol, millel ei ole tehtud \u00fchtegi hoiustega seotud tehingut 24 kuu jooksul enne vastava hoiuste kindlustusjuhtumi kuup\u00e4eva ja hoitava hoiuse summa on v\u00e4iksem kui 10 eurot;&nbsp;<\/p>\n\n\n\n<p>2.3. hoiustajatele v\u00f5i muudele isikutele, kellel on \u00f5igus n\u00f5uda hoiuste kindlustush\u00fcvitist ja kelle suhtes on nende poolt hoiuste vormis hoitavate vahendite omandamise seaduslikkuse t\u00f5ttu rahapesu ja (v\u00f5i) terrorismi rahastamisega seotud kriminaalasjas langetatud s\u00fc\u00fcdim\u00f5istev kohtuotsus.&nbsp;<\/p>\n\n\n\n<p>Juhud, kui hoiuste kindlustush\u00fcvitise maksmine l\u00fckatakse edasi&nbsp;<\/p>\n\n\n\n<p><strong>Palun teavitage, et vastavalt hoiuste ja investorite kohustuste kindlustamise seaduse \u00a7 7 l\u00f5ikele 4 l\u00fckatakse hoiuste kindlustush\u00fcvitise maksmine edasi, kui:&nbsp;<\/strong><\/p>\n\n\n\n<p>3.1. puuduvad andmed, mis \u00f5igustavad taotleja \u00f5igust hoiuste kindlustush\u00fcvitisele v\u00f5i kui hoiuse suhtes on pooleli kohtuvaidlus; kuni esitatakse hoiuste kindlustush\u00fcvitise \u00f5igust t\u00f5endavad andmed v\u00f5i kuni j\u00f5ustub hoiuste vaidluse lahendav l\u00f5plik kohtuotsus;&nbsp;<\/p>\n\n\n\n<p>3.2. hoiustaja \u00f5igus hoiustele juurde p\u00e4\u00e4seda on seadustes s\u00e4testatud juhtudel ja tingimustel piiratud; kuni nende piirangute t\u00fchistamiseni;&nbsp;<\/p>\n\n\n\n<p>3.3. 24 kuu jooksul enne hoiuste kindlustusjuhtumi kuup\u00e4eva ei ole toimunud \u00fchtegi hoiustega seotud tehingut; kuni 3 kuud p\u00e4rast hoiuste kindlustusjuhtumi kuup\u00e4eva;&nbsp;<\/p>\n\n\n\n<p>3.4. kindlustusselts saab hoiuste kindlustuss\u00fcsteemi osaleja poolt teabe hoiuste kindlustush\u00fcvitise summa kohta, mis \u00fcletab 100 000 eurot hoiuste ja investorite kohustuste kindlustamise seaduse \u00a7 4 l\u00f5ikes 2 nimetatud p\u00f5hjustel, ja summa kohta, mis \u00fcletab 100 000 eurot; kuni hoiuste ja investorite kohustuste kindlustamise seaduse \u00a7 4 l\u00f5ikes 2 nimetatud summad on t\u00e4psustatud, kuid mitte hiljem kui 3 kuud p\u00e4rast hoiuste kindlustusjuhtumi kuup\u00e4eva;&nbsp;<\/p>\n\n\n\n<p>3.5. abik\u00f5lblik hoius on \u00fchis- v\u00f5i hoiusel kontol; kuni \u00fchis- v\u00f5i hoiusel kontol konkreetsele isikule kuuluvad summad on t\u00e4psustatud, kuid mitte hiljem kui 3 kuud p\u00e4rast hoiuste kindlustusjuhtumi kuup\u00e4eva;&nbsp;<\/p>\n\n\n\n<p>3.6. hoiuste kindlustush\u00fcvitise maksmine toimub vastuv\u00f5tvas liikmesriigis asutatud filiaali hoiustajatele, mille on asutanud Eestis asutatud krediidiasutus vastavalt hoiuste ja investorite kohustuste kindlustamise seaduse \u00a7 7 l\u00f5ikele 7; kuni vastuv\u00f5tva liikmesriigi hoiuste kindlustuss\u00fcsteemi haldur kinnitab, et nad on valmis maksma hoiuste kindlustush\u00fcvitist;&nbsp;<\/p>\n\n\n\n<p>3.7. hoiuste kindlustush\u00fcvitise maksmine toimub Eestis asuva filiaali hoiustajatele, mille on asutanud teises liikmesriigis registrij\u00e4rjega krediidiasutus vastavalt hoiuste ja investorite kohustuste kindlustamise seaduse \u00a7 7 l\u00f5ikele 8; kuni registrij\u00e4rje liikmesriigi hoiuste kindlustuss\u00fcsteemi haldur, kus Eestis filiaali asutanud krediidiasutus on selle s\u00fcsteemi osaline, esitab kindlustusseltsile hoiuste kindlustush\u00fcvitise maksmiseks vajaliku teabe ja kannab \u00fcle hoiuste kindlustush\u00fcvitise maksmiseks vajaliku raha;&nbsp;<\/p>\n\n\n\n<p>3.8. hoiustajat v\u00f5i muud isikut, kellel on \u00f5igus n\u00f5uda hoiuste kindlustush\u00fcvitist, s\u00fc\u00fcdistatakse hoiustena hoitava raha omandamise seaduslikkusega seoses rahapesus ja\/v\u00f5i terrorismi rahastamises; kuni kohtu l\u00f5pliku otsuse j\u00f5ustumise kuup\u00e4evani.&nbsp;<\/p>\n\n\n\n<p><strong><strong><em>Lisateave<\/em><\/strong><\/strong><\/p>\n\n\n\n<p><strong><em>Avalik asutus hoiuste ja investeeringute kindlustus, aadress: Savanoriu av. 5, LT-03116, Vilnius; tel.: (+370 5) 213 5657; faks: (+370 5) 213 5546; e-post: <\/em><\/strong><a href=\"mailto:idf@idf.lt\" target=\"_blank\" rel=\"noreferrer noopener\"><strong><em>idf@idf.lt<\/em><\/strong><\/a><strong><em> .&nbsp;<\/em><\/strong>&nbsp;<\/p>\n\n\n\n<p><em>Riikliku institutsiooni hoiuste ja investeeringute kindlustuse (lisateavet vt <\/em><em>www.iidraudimas.lt<\/em><em>) pakutavatel juhtudel v\u00f5ib hoiuste kindlustush\u00fcvitiste maksmist edasi l\u00fckata, n\u00e4iteks kui puuduvad andmed, mis p\u00f5hjendaksid \u00f5igust hoiuste kindlustush\u00fcvitistele, v\u00f5i kui hoiusega seoses on tekkinud \u00f5iguslik vaidlus v\u00f5i kui hoiustaja \u00f5igus hoiuse \u00fcle k\u00e4sutada on piiratud.<\/em>&nbsp;<\/p>\n","protected":false},"excerpt":{"rendered":"<p>Teave hoiustajatele hoiuste kindlustuse kohta&nbsp; T\u00e4psemat teavet hoiuste kindlustuse tingimuste ning juhtude kohta, mil hoiuste kindlustus ei kehti ja mil hoiuste kindlustush\u00fcvitise maksmisele kehtivad piirangud, leiate riikliku asutuse Hoiuste ja Investeeringute Kindlustuse veebilehelt: www.iidraudimas.lt. Rohkem teavet hoiuste kindlustuse kohta leiate allpool: Hoiuste kindlustuse p\u00f5hiteave Finora Bank UAB poolt pakutavad Hoiused, mida haldab UAB Finora Bank, on kindlustatud Riiklik Asutus Hoiuste ja Investeeringute Kindlustus www.iidraudimas.lt. Kindlustuslimiit kuni 100 000 eurot \u00fche hoiustaja kohta k\u00f5igi \u00fches krediidiasutuses hoitavate hoiuste eest kokku\u00b9 Kui teil on samas krediidiasutuses rohkem hoiuseid\u00a0 K\u00f5ik teie samas krediidiasutuses olevad hoiused liidetakse kokku ja kogusummale rakendatakse 100 000 euro [&hellip;]<\/p>\n","protected":false},"author":6,"featured_media":0,"parent":0,"menu_order":0,"comment_status":"closed","ping_status":"closed","template":"template-terms.php","meta":{"_acf_changed":false,"footnotes":""},"class_list":["post-2390","page","type-page","status-publish","hentry"],"acf":[],"_links":{"self":[{"href":"https:\/\/finorabank.eu\/et\/wp-json\/wp\/v2\/pages\/2390","targetHints":{"allow":["GET"]}}],"collection":[{"href":"https:\/\/finorabank.eu\/et\/wp-json\/wp\/v2\/pages"}],"about":[{"href":"https:\/\/finorabank.eu\/et\/wp-json\/wp\/v2\/types\/page"}],"author":[{"embeddable":true,"href":"https:\/\/finorabank.eu\/et\/wp-json\/wp\/v2\/users\/6"}],"replies":[{"embeddable":true,"href":"https:\/\/finorabank.eu\/et\/wp-json\/wp\/v2\/comments?post=2390"}],"version-history":[{"count":14,"href":"https:\/\/finorabank.eu\/et\/wp-json\/wp\/v2\/pages\/2390\/revisions"}],"predecessor-version":[{"id":7201,"href":"https:\/\/finorabank.eu\/et\/wp-json\/wp\/v2\/pages\/2390\/revisions\/7201"}],"wp:attachment":[{"href":"https:\/\/finorabank.eu\/et\/wp-json\/wp\/v2\/media?parent=2390"}],"curies":[{"name":"wp","href":"https:\/\/api.w.org\/{rel}","templated":true}]}}