{"id":270,"date":"2022-08-11T14:40:16","date_gmt":"2022-08-11T12:40:16","guid":{"rendered":"https:\/\/finorabank.eu\/?page_id=270"},"modified":"2026-03-13T09:22:25","modified_gmt":"2026-03-13T07:22:25","slug":"meist","status":"publish","type":"page","link":"https:\/\/finorabank.eu\/et\/meist\/","title":{"rendered":"Meist"},"content":{"rendered":"<div class=\"lazyblock-hero-Z1p483N wp-block-lazyblock-hero\">\n<section class=\"hero hero--wider-image\">\n\t<div class=\"l-container\">\n\t\t<div class=\"hero__content\">\n\t\t\t<h1>Me ehitame maailma parimat panka v\u00e4ikestele ja keskmise suurusega ettev\u00f5tetele. Meiega koos saavad ettev\u00f5tlike inimeste unistused teoks.<\/h1>\t\t\t\t\t\t\t<div class=\"hero__content-txt\"><p>T\u00f6\u00f6tame Finora Pangas selle nimel, et saada v\u00e4ikese ja keskmise suurusega ettev\u00f5tete, ettev\u00f5tjate ja loomevaldkonna tegijate juhtivaks finantspartneriks. Ambitsioonikas ettev\u00f5tja saab Finorast k\u00f5ik finantsteenused, mis aitavad tal kasvada. Me oleme ettev\u00f5tjatele partneriks, me v\u00e4\u00e4rtustame personaalset l\u00e4henemist igale kliendile, toetame ja anname n\u00f5u, me oleme paindlikud. Meil ja meie klientidel on \u00fcks tee, mida k\u00e4ia: me soovime kasvada ja tugevamaks saada, ja seda teed me k\u00e4ime koos.<\/p>\n<p>Finoral on \u00fcheksa-aastane kogemus Eestis ja nelja-aastane Leedu turul. Pakume laene, liisingut, faktooringut ja garantiisid esmajoones \u00e4riklientidele. Finora on kasvanud oluliseks finantsteenuste partneriks sadadele ettev\u00f5tjatele.<\/p><\/div>\n\t\t\t\t\t\t\t\t<\/div>\n\t\t\t\t\t<div class=\"hero__image\">\n\t\t\t\t<img decoding=\"async\" src=\"https:\/\/finorabank.eu\/wp-content\/uploads\/2022\/09\/meist-hero.jpg\" alt=\"\">\n\t\t\t<\/div>\n\t\t\t<\/div>\n<\/section><\/div>\n\n<div class=\"lazyblock-media-text-Z1JtXx5 wp-block-lazyblock-media-text\">\n<section class=\"media-text\">\n\t<div class=\"l-container l-container--medium\">\n\t\t<div class=\"media-text__media\">\n\t\t\t<img decoding=\"async\" src=\"https:\/\/finorabank.eu\/wp-content\/uploads\/2022\/09\/avaleht-digitaalne-personaalne.jpg\" alt=\"\">\n\t\t<\/div>\n\t\t<div class=\"media-text__text\">\n\t\t\t<h2>Finora Bank tegutseb Euroopa Keskpangalt saadud pangalitsentsi alusel, mis v\u00f5imaldab osutada pangateenuseid kogu Euroopas.<\/h2>\n\t\t\t\t\t\t\t<div><p>Litsents v\u00e4ljastati 2022. aasta aprillis AS Finora Group t\u00fctarettev\u00f5ttele Finora kreditas Leedus, millest on t\u00e4naseks saanud Finora Bank UAB.<\/p><br><p>AS Finora Group alustas tegevust Eestis 2014. aastal ja Leedus 2019. aastal. Finora on v\u00e4ljastanud laene, liisingut, faktooringut ligi 100 miljoni euro v\u00e4\u00e4rtuses, praeguse koondlaenuportfelliga pea 20 miljonit eurot.<\/p><br><p>Otsuste langetamine Finora pangas toimub nii Eestis kui Leedus kohapeal, kuna kohalikud meeskonnad tunnevad oma turu ettev\u00f5tjate vajadusi k\u00f5ige paremini.<\/p><\/div>\n\t\t\t\t\t<\/div>\n\t<\/div>\n<\/section>\n<\/div>\n\n<div class=\"lazyblock-media-text-1KBDq8 wp-block-lazyblock-media-text\">\n<section class=\"media-text media-text--right\">\n\t<div class=\"l-container l-container--medium\">\n\t\t<div class=\"media-text__media\">\n\t\t\t<img decoding=\"async\" src=\"https:\/\/finorabank.eu\/wp-content\/uploads\/2022\/09\/avaleht-laen-kui-lahendus.jpg\" alt=\"\">\n\t\t<\/div>\n\t\t<div class=\"media-text__text\">\n\t\t\t<h2>Finora Group&#8217;i asutajad on pikaajalise finantsvaldkonna kogemusega Veikko Maripuu ja Andrus Alber.<\/h2>\n\t\t\t\t\t\t\t<div><p>Finora aktsion\u00e4rideks on ligi 30 Eesti ettev\u00f5tjat ja eraisikut; suurim aktsion\u00e4r on n\u00f5ukogu esimees Veikko Maripuu.\u00a0<br><br>Andrus Alber on 30 aastase finantssektori kogemusega juht, olles t\u00f6\u00f6tanud Eesti Pangas, IMF-s, Nasdaq Tallinna b\u00f6rsil ning viimased 8 aastat juhtinud Finora Group&#8217;i. Andrus on ka FinanceEstonia juhatuse liige ja  Eelarven\u00f5ukogu aseesimees.<br>Veikko Maripuu on investor ja ettev\u00f5tja, investeerimisgrupi Head Capital, ning l\u00e4bi selle, mitmetes valdkondades\u00a0 tegutsevate ettev\u00f5tete omanik.\u00a0 Varasemalt oli Veikko \u00fcks Redgate Capitali asutajatest ning partner Suprema ja Evli investeerimispangas.\u00a0<\/p><\/div>\n\t\t\t\t\t<\/div>\n\t<\/div>\n<\/section>\n<\/div>\n\n<div class=\"lazyblock-grouped-experts-container-ZEK9k7 wp-block-lazyblock-grouped-experts-container\">\n<section class=\"experts\">\n\t<div class=\"l-container\">\n\t\t\n<div class=\"lazyblock-grouped-experts-vUzqQ wp-block-lazyblock-grouped-experts\">\n\n\n<h2 class=\"experts__title\">Eesti meeskond<\/h2>\n\n<div class=\"experts__list\">\n\t\t\t\t\t<article class=\"expert\">\n\t\t\t<div class=\"expert__thumbnail\">\n\t\t\t\t\t\t\t\t<img decoding=\"async\" src=\"https:\/\/finorabank.eu\/wp-content\/uploads\/2025\/03\/Raigo-Piil.png\" alt=\"\">\n\t\t\t\t\t\t\t<\/div>\n\t\t\t<div class=\"expert__content\">\n\t\t\t\t<h3>Raigo Piil<\/h3>\n\t\t\t\t<div class=\"expert__job-title\">\u00c4rikliendihaldur<\/div>\n\t\t\t\t<div class=\"expert__phone\"><a href=\"tel:+372 5 393 7496\">+372 5 393 7496<\/a><\/div>\n\t\t\t\t<div class=\"expert__email\"><a href=\"mailto:raigo.piil@finorabank.eu\">raigo.piil@finorabank.eu<\/a><\/div>\n\t\t\t\t\t\t\t<\/div>\n\t\t<\/article>\n\t\t\t\t\t<article class=\"expert\">\n\t\t\t<div class=\"expert__thumbnail\">\n\t\t\t\t\t\t\t\t<img decoding=\"async\" src=\"https:\/\/finorabank.eu\/wp-content\/uploads\/2025\/03\/Julia-Aiste.png\" alt=\"\">\n\t\t\t\t\t\t\t<\/div>\n\t\t\t<div class=\"expert__content\">\n\t\t\t\t<h3>Julia Aiste<\/h3>\n\t\t\t\t<div class=\"expert__job-title\">\u00c4rikliendihaldur<\/div>\n\t\t\t\t<div class=\"expert__phone\"><a href=\"tel:+372 5 194 0603\">+372 5 194 0603<\/a><\/div>\n\t\t\t\t<div class=\"expert__email\"><a href=\"mailto:julia.aiste@finorabank.eu\">julia.aiste@finorabank.eu<\/a><\/div>\n\t\t\t\t\t\t\t<\/div>\n\t\t<\/article>\n\t\t\t\t\t<article class=\"expert\">\n\t\t\t<div class=\"expert__thumbnail\">\n\t\t\t\t\t\t\t\t<img decoding=\"async\" src=\"https:\/\/finorabank.eu\/wp-content\/uploads\/2025\/03\/Gert-Lehtme.png\" alt=\"\">\n\t\t\t\t\t\t\t<\/div>\n\t\t\t<div class=\"expert__content\">\n\t\t\t\t<h3>Gert Lehtme<\/h3>\n\t\t\t\t<div class=\"expert__job-title\">\u00c4rikliendihaldur<\/div>\n\t\t\t\t<div class=\"expert__phone\"><a href=\"tel:+372 5 348 4864\">+372 5 348 4864<\/a><\/div>\n\t\t\t\t<div class=\"expert__email\"><a href=\"mailto:gert.lehtme@finorabank.eu\">gert.lehtme@finorabank.eu<\/a><\/div>\n\t\t\t\t\t\t\t<\/div>\n\t\t<\/article>\n\t<\/div>\n\n<\/div>\n\n<div class=\"lazyblock-grouped-experts-2dvnvW wp-block-lazyblock-grouped-experts\">\n\n\n<h2 class=\"experts__title\">Juhtkond<\/h2>\n\n<div class=\"experts__list\">\n\t\t\t\t\t<article class=\"expert\">\n\t\t\t<div class=\"expert__thumbnail\">\n\t\t\t\t\t\t\t\t<img decoding=\"async\" src=\"https:\/\/finorabank.eu\/wp-content\/uploads\/2023\/05\/Untitled-design-12.png\" alt=\"\">\n\t\t\t\t\t\t\t<\/div>\n\t\t\t<div class=\"expert__content\">\n\t\t\t\t<h3>\u0160ar\u016bnas Ruzgys<\/h3>\n\t\t\t\t<div class=\"expert__job-title\">Tegevjuht (CEO) ja juhatuse esimees<\/div>\n\t\t\t\t<div class=\"expert__phone\"><a href=\"tel:\"><\/a><\/div>\n\t\t\t\t<div class=\"expert__email\"><a href=\"mailto:\"><\/a><\/div>\n\t\t\t\t\t\t\t\t\t<div class=\"expert__linkedin expert__linkedin--empty\"><a href=\"https:\/\/www.linkedin.com\/in\/sarunas-ruzgys\/\" target=\"_blank\"><svg id=\"Layer_1\" data-name=\"Layer 1\" xmlns=\"http:\/\/www.w3.org\/2000\/svg\" viewBox=\"0 0 25 25\"><defs><style>.cls-1{fill:#fff;}<\/style><\/defs><path class=\"cls-1\" d=\"M0,0V25H25V0ZM7.68,20.62a.58.58,0,0,1-.58.58H4.65a.58.58,0,0,1-.58-.58V10.16a.58.58,0,0,1,.58-.58H7.1a.58.58,0,0,1,.58.58ZM5.87,8A2.09,2.09,0,1,1,8,5.89,2.09,2.09,0,0,1,5.87,8Zm15.35,5.28V21a.23.23,0,0,1-.24.24H17.85a.24.24,0,0,1-.24-.24V14.5A2,2,0,0,0,17,13.07a2,2,0,0,0-1.46-.59,2,2,0,0,0-2,2V21a.24.24,0,0,1-.24.24H10.2A.24.24,0,0,1,10,21V9.82a.24.24,0,0,1,.24-.24h3.06a.24.24,0,0,1,.24.24v1.29h0a3.21,3.21,0,0,1,.19-.31,3.52,3.52,0,0,1,2.9-1.51h.63a4,4,0,0,1,4,4Z\"\/><\/svg><\/a><\/div>\n\t\t\t\t\t\t\t<\/div>\n\t\t<\/article>\n\t\t\t\t\t<article class=\"expert\">\n\t\t\t<div class=\"expert__thumbnail\">\n\t\t\t\t\t\t\t\t<img decoding=\"async\" src=\"https:\/\/finorabank.eu\/wp-content\/uploads\/2024\/08\/Darius-Buzys.png\" alt=\"\">\n\t\t\t\t\t\t\t<\/div>\n\t\t\t<div class=\"expert__content\">\n\t\t\t\t<h3>Darius Buzys<\/h3>\n\t\t\t\t<div class=\"expert__job-title\">Riskijuht (CRO) ja juhatuse liige<\/div>\n\t\t\t\t<div class=\"expert__phone\"><a href=\"tel:\"><\/a><\/div>\n\t\t\t\t<div class=\"expert__email\"><a href=\"mailto:\"><\/a><\/div>\n\t\t\t\t\t\t\t\t\t<div class=\"expert__linkedin expert__linkedin--empty\"><a href=\"https:\/\/linkedin.com\/in\/darius-buzys-01770877\/\" target=\"_blank\"><svg id=\"Layer_1\" data-name=\"Layer 1\" xmlns=\"http:\/\/www.w3.org\/2000\/svg\" viewBox=\"0 0 25 25\"><defs><style>.cls-1{fill:#fff;}<\/style><\/defs><path class=\"cls-1\" d=\"M0,0V25H25V0ZM7.68,20.62a.58.58,0,0,1-.58.58H4.65a.58.58,0,0,1-.58-.58V10.16a.58.58,0,0,1,.58-.58H7.1a.58.58,0,0,1,.58.58ZM5.87,8A2.09,2.09,0,1,1,8,5.89,2.09,2.09,0,0,1,5.87,8Zm15.35,5.28V21a.23.23,0,0,1-.24.24H17.85a.24.24,0,0,1-.24-.24V14.5A2,2,0,0,0,17,13.07a2,2,0,0,0-1.46-.59,2,2,0,0,0-2,2V21a.24.24,0,0,1-.24.24H10.2A.24.24,0,0,1,10,21V9.82a.24.24,0,0,1,.24-.24h3.06a.24.24,0,0,1,.24.24v1.29h0a3.21,3.21,0,0,1,.19-.31,3.52,3.52,0,0,1,2.9-1.51h.63a4,4,0,0,1,4,4Z\"\/><\/svg><\/a><\/div>\n\t\t\t\t\t\t\t<\/div>\n\t\t<\/article>\n\t\t\t\t\t<article class=\"expert\">\n\t\t\t<div class=\"expert__thumbnail\">\n\t\t\t\t\t\t\t\t<img decoding=\"async\" src=\"https:\/\/finorabank.eu\/wp-content\/uploads\/2024\/07\/Mangirdas_Kireilis_Finora-Bank.png\" alt=\"\">\n\t\t\t\t\t\t\t<\/div>\n\t\t\t<div class=\"expert__content\">\n\t\t\t\t<h3>Mangirdas Kireilis<\/h3>\n\t\t\t\t<div class=\"expert__job-title\">M\u00fc\u00fcgijuht, filiaali juht (CBDO) ja juhatuse liige<\/div>\n\t\t\t\t<div class=\"expert__phone\"><a href=\"tel:\"><\/a><\/div>\n\t\t\t\t<div class=\"expert__email\"><a href=\"mailto:mangirdas.kireilis@finorabank.eu\">mangirdas.kireilis@finorabank.eu<\/a><\/div>\n\t\t\t\t\t\t\t\t\t<div class=\"expert__linkedin expert__linkedin--empty\"><a href=\"https:\/\/www.linkedin.com\/in\/mangirdas-kireilis-67914817\/\" target=\"_blank\"><svg id=\"Layer_1\" data-name=\"Layer 1\" xmlns=\"http:\/\/www.w3.org\/2000\/svg\" viewBox=\"0 0 25 25\"><defs><style>.cls-1{fill:#fff;}<\/style><\/defs><path class=\"cls-1\" d=\"M0,0V25H25V0ZM7.68,20.62a.58.58,0,0,1-.58.58H4.65a.58.58,0,0,1-.58-.58V10.16a.58.58,0,0,1,.58-.58H7.1a.58.58,0,0,1,.58.58ZM5.87,8A2.09,2.09,0,1,1,8,5.89,2.09,2.09,0,0,1,5.87,8Zm15.35,5.28V21a.23.23,0,0,1-.24.24H17.85a.24.24,0,0,1-.24-.24V14.5A2,2,0,0,0,17,13.07a2,2,0,0,0-1.46-.59,2,2,0,0,0-2,2V21a.24.24,0,0,1-.24.24H10.2A.24.24,0,0,1,10,21V9.82a.24.24,0,0,1,.24-.24h3.06a.24.24,0,0,1,.24.24v1.29h0a3.21,3.21,0,0,1,.19-.31,3.52,3.52,0,0,1,2.9-1.51h.63a4,4,0,0,1,4,4Z\"\/><\/svg><\/a><\/div>\n\t\t\t\t\t\t\t<\/div>\n\t\t<\/article>\n\t\t\t\t\t<article class=\"expert\">\n\t\t\t<div class=\"expert__thumbnail\">\n\t\t\t\t\t\t\t\t<img decoding=\"async\" src=\"https:\/\/finorabank.eu\/wp-content\/uploads\/2022\/08\/Untitled-design-23.png\" alt=\"\">\n\t\t\t\t\t\t\t<\/div>\n\t\t\t<div class=\"expert__content\">\n\t\t\t\t<h3>Kristi H\u00f5rrak<\/h3>\n\t\t\t\t<div class=\"expert__job-title\">Finantsdirektor<\/div>\n\t\t\t\t<div class=\"expert__phone\"><a href=\"tel:\"><\/a><\/div>\n\t\t\t\t<div class=\"expert__email\"><a href=\"mailto:kristi.horrak@finorabank.eu\">kristi.horrak@finorabank.eu<\/a><\/div>\n\t\t\t\t\t\t\t\t\t<div class=\"expert__linkedin expert__linkedin--empty\"><a href=\"https:\/\/www.linkedin.com\/in\/kristihorrak\/\" target=\"_blank\"><svg id=\"Layer_1\" data-name=\"Layer 1\" xmlns=\"http:\/\/www.w3.org\/2000\/svg\" viewBox=\"0 0 25 25\"><defs><style>.cls-1{fill:#fff;}<\/style><\/defs><path class=\"cls-1\" d=\"M0,0V25H25V0ZM7.68,20.62a.58.58,0,0,1-.58.58H4.65a.58.58,0,0,1-.58-.58V10.16a.58.58,0,0,1,.58-.58H7.1a.58.58,0,0,1,.58.58ZM5.87,8A2.09,2.09,0,1,1,8,5.89,2.09,2.09,0,0,1,5.87,8Zm15.35,5.28V21a.23.23,0,0,1-.24.24H17.85a.24.24,0,0,1-.24-.24V14.5A2,2,0,0,0,17,13.07a2,2,0,0,0-1.46-.59,2,2,0,0,0-2,2V21a.24.24,0,0,1-.24.24H10.2A.24.24,0,0,1,10,21V9.82a.24.24,0,0,1,.24-.24h3.06a.24.24,0,0,1,.24.24v1.29h0a3.21,3.21,0,0,1,.19-.31,3.52,3.52,0,0,1,2.9-1.51h.63a4,4,0,0,1,4,4Z\"\/><\/svg><\/a><\/div>\n\t\t\t\t\t\t\t<\/div>\n\t\t<\/article>\n\t\t\t\t\t<article class=\"expert\">\n\t\t\t<div class=\"expert__thumbnail\">\n\t\t\t\t\t\t\t\t<img decoding=\"async\" src=\"https:\/\/finorabank.eu\/wp-content\/uploads\/2024\/08\/Rasa-Meskauskiene_Finora-Bank.png\" alt=\"\">\n\t\t\t\t\t\t\t<\/div>\n\t\t\t<div class=\"expert__content\">\n\t\t\t\t<h3>Rasa Me\u0161kauskien\u0117<\/h3>\n\t\t\t\t<div class=\"expert__job-title\">Personalijuht (CPO)<\/div>\n\t\t\t\t<div class=\"expert__phone\"><a href=\"tel:\"><\/a><\/div>\n\t\t\t\t<div class=\"expert__email\"><a href=\"mailto:rasa.meskauskiene@finorabank.eu\">rasa.meskauskiene@finorabank.eu<\/a><\/div>\n\t\t\t\t\t\t\t\t\t<div class=\"expert__linkedin expert__linkedin--empty\"><a href=\"https:\/\/www.linkedin.com\/in\/rasa-meskauskiene\/\" target=\"_blank\"><svg id=\"Layer_1\" data-name=\"Layer 1\" xmlns=\"http:\/\/www.w3.org\/2000\/svg\" viewBox=\"0 0 25 25\"><defs><style>.cls-1{fill:#fff;}<\/style><\/defs><path class=\"cls-1\" d=\"M0,0V25H25V0ZM7.68,20.62a.58.58,0,0,1-.58.58H4.65a.58.58,0,0,1-.58-.58V10.16a.58.58,0,0,1,.58-.58H7.1a.58.58,0,0,1,.58.58ZM5.87,8A2.09,2.09,0,1,1,8,5.89,2.09,2.09,0,0,1,5.87,8Zm15.35,5.28V21a.23.23,0,0,1-.24.24H17.85a.24.24,0,0,1-.24-.24V14.5A2,2,0,0,0,17,13.07a2,2,0,0,0-1.46-.59,2,2,0,0,0-2,2V21a.24.24,0,0,1-.24.24H10.2A.24.24,0,0,1,10,21V9.82a.24.24,0,0,1,.24-.24h3.06a.24.24,0,0,1,.24.24v1.29h0a3.21,3.21,0,0,1,.19-.31,3.52,3.52,0,0,1,2.9-1.51h.63a4,4,0,0,1,4,4Z\"\/><\/svg><\/a><\/div>\n\t\t\t\t\t\t\t<\/div>\n\t\t<\/article>\n\t\t\t\t\t<article class=\"expert\">\n\t\t\t<div class=\"expert__thumbnail\">\n\t\t\t\t\t\t\t\t<img decoding=\"async\" src=\"https:\/\/finorabank.eu\/wp-content\/uploads\/2024\/08\/Dovydas-Asanavicius_Finora-Bank.png\" alt=\"\">\n\t\t\t\t\t\t\t<\/div>\n\t\t\t<div class=\"expert__content\">\n\t\t\t\t<h3>Dovydas Asanavi\u010dius<\/h3>\n\t\t\t\t<div class=\"expert__job-title\">Investorsuhete juht (CIRO)<\/div>\n\t\t\t\t<div class=\"expert__phone\"><a href=\"tel:\"><\/a><\/div>\n\t\t\t\t<div class=\"expert__email\"><a href=\"mailto:dovydas.asanavicius@finorabank.eu\">dovydas.asanavicius@finorabank.eu<\/a><\/div>\n\t\t\t\t\t\t\t\t\t<div class=\"expert__linkedin expert__linkedin--empty\"><a href=\"https:\/\/www.linkedin.com\/in\/asanavicius\/\" target=\"_blank\"><svg id=\"Layer_1\" data-name=\"Layer 1\" xmlns=\"http:\/\/www.w3.org\/2000\/svg\" viewBox=\"0 0 25 25\"><defs><style>.cls-1{fill:#fff;}<\/style><\/defs><path class=\"cls-1\" d=\"M0,0V25H25V0ZM7.68,20.62a.58.58,0,0,1-.58.58H4.65a.58.58,0,0,1-.58-.58V10.16a.58.58,0,0,1,.58-.58H7.1a.58.58,0,0,1,.58.58ZM5.87,8A2.09,2.09,0,1,1,8,5.89,2.09,2.09,0,0,1,5.87,8Zm15.35,5.28V21a.23.23,0,0,1-.24.24H17.85a.24.24,0,0,1-.24-.24V14.5A2,2,0,0,0,17,13.07a2,2,0,0,0-1.46-.59,2,2,0,0,0-2,2V21a.24.24,0,0,1-.24.24H10.2A.24.24,0,0,1,10,21V9.82a.24.24,0,0,1,.24-.24h3.06a.24.24,0,0,1,.24.24v1.29h0a3.21,3.21,0,0,1,.19-.31,3.52,3.52,0,0,1,2.9-1.51h.63a4,4,0,0,1,4,4Z\"\/><\/svg><\/a><\/div>\n\t\t\t\t\t\t\t<\/div>\n\t\t<\/article>\n\t\t\t\t\t<article class=\"expert\">\n\t\t\t<div class=\"expert__thumbnail\">\n\t\t\t\t\t\t\t\t<img decoding=\"async\" src=\"https:\/\/finorabank.eu\/wp-content\/uploads\/2024\/09\/3.png\" alt=\"\">\n\t\t\t\t\t\t\t<\/div>\n\t\t\t<div class=\"expert__content\">\n\t\t\t\t<h3>Darius Guoba<\/h3>\n\t\t\t\t<div class=\"expert__job-title\">Jurist<\/div>\n\t\t\t\t<div class=\"expert__phone\"><a href=\"tel:\"><\/a><\/div>\n\t\t\t\t<div class=\"expert__email\"><a href=\"mailto:\"><\/a><\/div>\n\t\t\t\t\t\t\t\t\t<div class=\"expert__linkedin expert__linkedin--empty\"><a href=\"https:\/\/www.linkedin.com\/in\/dariusguobaheadoflegal\/\" target=\"_blank\"><svg id=\"Layer_1\" data-name=\"Layer 1\" xmlns=\"http:\/\/www.w3.org\/2000\/svg\" viewBox=\"0 0 25 25\"><defs><style>.cls-1{fill:#fff;}<\/style><\/defs><path class=\"cls-1\" d=\"M0,0V25H25V0ZM7.68,20.62a.58.58,0,0,1-.58.58H4.65a.58.58,0,0,1-.58-.58V10.16a.58.58,0,0,1,.58-.58H7.1a.58.58,0,0,1,.58.58ZM5.87,8A2.09,2.09,0,1,1,8,5.89,2.09,2.09,0,0,1,5.87,8Zm15.35,5.28V21a.23.23,0,0,1-.24.24H17.85a.24.24,0,0,1-.24-.24V14.5A2,2,0,0,0,17,13.07a2,2,0,0,0-1.46-.59,2,2,0,0,0-2,2V21a.24.24,0,0,1-.24.24H10.2A.24.24,0,0,1,10,21V9.82a.24.24,0,0,1,.24-.24h3.06a.24.24,0,0,1,.24.24v1.29h0a3.21,3.21,0,0,1,.19-.31,3.52,3.52,0,0,1,2.9-1.51h.63a4,4,0,0,1,4,4Z\"\/><\/svg><\/a><\/div>\n\t\t\t\t\t\t\t<\/div>\n\t\t<\/article>\n\t\t\t\t\t<article class=\"expert\">\n\t\t\t<div class=\"expert__thumbnail\">\n\t\t\t\t\t\t\t\t<img decoding=\"async\" src=\"https:\/\/finorabank.eu\/wp-content\/uploads\/2024\/08\/Juste-Zuliene_Finora-Bank.png\" alt=\"\">\n\t\t\t\t\t\t\t<\/div>\n\t\t\t<div class=\"expert__content\">\n\t\t\t\t<h3>Just\u0117 \u017dulien\u0117<\/h3>\n\t\t\t\t<div class=\"expert__job-title\">Turundus- ja kommunikatsiooni juht<\/div>\n\t\t\t\t<div class=\"expert__phone\"><a href=\"tel:\"><\/a><\/div>\n\t\t\t\t<div class=\"expert__email\"><a href=\"mailto:juste.zuliene@finorabank.eu\">juste.zuliene@finorabank.eu<\/a><\/div>\n\t\t\t\t\t\t\t\t\t<div class=\"expert__linkedin expert__linkedin--empty\"><a href=\"https:\/\/www.linkedin.com\/in\/juste-zuliene\/\" target=\"_blank\"><svg id=\"Layer_1\" data-name=\"Layer 1\" xmlns=\"http:\/\/www.w3.org\/2000\/svg\" viewBox=\"0 0 25 25\"><defs><style>.cls-1{fill:#fff;}<\/style><\/defs><path class=\"cls-1\" d=\"M0,0V25H25V0ZM7.68,20.62a.58.58,0,0,1-.58.58H4.65a.58.58,0,0,1-.58-.58V10.16a.58.58,0,0,1,.58-.58H7.1a.58.58,0,0,1,.58.58ZM5.87,8A2.09,2.09,0,1,1,8,5.89,2.09,2.09,0,0,1,5.87,8Zm15.35,5.28V21a.23.23,0,0,1-.24.24H17.85a.24.24,0,0,1-.24-.24V14.5A2,2,0,0,0,17,13.07a2,2,0,0,0-1.46-.59,2,2,0,0,0-2,2V21a.24.24,0,0,1-.24.24H10.2A.24.24,0,0,1,10,21V9.82a.24.24,0,0,1,.24-.24h3.06a.24.24,0,0,1,.24.24v1.29h0a3.21,3.21,0,0,1,.19-.31,3.52,3.52,0,0,1,2.9-1.51h.63a4,4,0,0,1,4,4Z\"\/><\/svg><\/a><\/div>\n\t\t\t\t\t\t\t<\/div>\n\t\t<\/article>\n\t<\/div>\n\n<\/div>\n\n<div class=\"lazyblock-grouped-experts-Z1lLspv wp-block-lazyblock-grouped-experts\">\n\n\n<h2 class=\"experts__title\">N\u00f5ukogu<\/h2>\n\n<div class=\"experts__list\">\n\t\t\t\t\t<article class=\"expert\">\n\t\t\t<div class=\"expert__thumbnail\">\n\t\t\t\t\t\t\t<\/div>\n\t\t\t<div class=\"expert__content\">\n\t\t\t\t<h3>Veikko Maripuu<\/h3>\n\t\t\t\t<div class=\"expert__job-title\">N\u00f5ukogu esimees<\/div>\n\t\t\t\t<div class=\"expert__phone\"><a href=\"tel:\"><\/a><\/div>\n\t\t\t\t<div class=\"expert__email\"><a href=\"mailto:\"><\/a><\/div>\n\t\t\t\t\t\t\t<\/div>\n\t\t<\/article>\n\t\t\t\t\t<article class=\"expert\">\n\t\t\t<div class=\"expert__thumbnail\">\n\t\t\t\t\t\t\t<\/div>\n\t\t\t<div class=\"expert__content\">\n\t\t\t\t<h3>Vahur Kraft<\/h3>\n\t\t\t\t<div class=\"expert__job-title\">N\u00f5ukogu liige<\/div>\n\t\t\t\t<div class=\"expert__phone\"><a href=\"tel:\"><\/a><\/div>\n\t\t\t\t<div class=\"expert__email\"><a href=\"mailto:\"><\/a><\/div>\n\t\t\t\t\t\t\t<\/div>\n\t\t<\/article>\n\t\t\t\t\t<article class=\"expert\">\n\t\t\t<div class=\"expert__thumbnail\">\n\t\t\t\t\t\t\t<\/div>\n\t\t\t<div class=\"expert__content\">\n\t\t\t\t<h3>Rein Ojavere<\/h3>\n\t\t\t\t<div class=\"expert__job-title\">N\u00f5ukogu liige<\/div>\n\t\t\t\t<div class=\"expert__phone\"><a href=\"tel:\"><\/a><\/div>\n\t\t\t\t<div class=\"expert__email\"><a href=\"mailto:\"><\/a><\/div>\n\t\t\t\t\t\t\t<\/div>\n\t\t<\/article>\n\t\t\t\t\t<article class=\"expert\">\n\t\t\t<div class=\"expert__thumbnail\">\n\t\t\t\t\t\t\t<\/div>\n\t\t\t<div class=\"expert__content\">\n\t\t\t\t<h3>Ieva Dosinaite<\/h3>\n\t\t\t\t<div class=\"expert__job-title\">N\u00f5ukogu liige<\/div>\n\t\t\t\t<div class=\"expert__phone\"><a href=\"tel:\"><\/a><\/div>\n\t\t\t\t<div class=\"expert__email\"><a href=\"mailto:\"><\/a><\/div>\n\t\t\t\t\t\t\t<\/div>\n\t\t<\/article>\n\t\t\t\t\t<article class=\"expert\">\n\t\t\t<div class=\"expert__thumbnail\">\n\t\t\t\t\t\t\t<\/div>\n\t\t\t<div class=\"expert__content\">\n\t\t\t\t<h3>Oleg \u0160vaikovski<\/h3>\n\t\t\t\t<div class=\"expert__job-title\">N\u00f5ukogu liige<\/div>\n\t\t\t\t<div class=\"expert__phone\"><a href=\"tel:\"><\/a><\/div>\n\t\t\t\t<div class=\"expert__email\"><a href=\"mailto:\"><\/a><\/div>\n\t\t\t\t\t\t\t<\/div>\n\t\t<\/article>\n\t<\/div>\n\n<\/div>\n\t<\/div>\n<\/section>\n<\/div>","protected":false},"excerpt":{"rendered":"","protected":false},"author":1,"featured_media":0,"parent":0,"menu_order":0,"comment_status":"closed","ping_status":"closed","template":"","meta":{"_acf_changed":false,"footnotes":""},"class_list":["post-270","page","type-page","status-publish","hentry"],"acf":[],"_links":{"self":[{"href":"https:\/\/finorabank.eu\/et\/wp-json\/wp\/v2\/pages\/270","targetHints":{"allow":["GET"]}}],"collection":[{"href":"https:\/\/finorabank.eu\/et\/wp-json\/wp\/v2\/pages"}],"about":[{"href":"https:\/\/finorabank.eu\/et\/wp-json\/wp\/v2\/types\/page"}],"author":[{"embeddable":true,"href":"https:\/\/finorabank.eu\/et\/wp-json\/wp\/v2\/users\/1"}],"replies":[{"embeddable":true,"href":"https:\/\/finorabank.eu\/et\/wp-json\/wp\/v2\/comments?post=270"}],"version-history":[{"count":86,"href":"https:\/\/finorabank.eu\/et\/wp-json\/wp\/v2\/pages\/270\/revisions"}],"predecessor-version":[{"id":12139,"href":"https:\/\/finorabank.eu\/et\/wp-json\/wp\/v2\/pages\/270\/revisions\/12139"}],"wp:attachment":[{"href":"https:\/\/finorabank.eu\/et\/wp-json\/wp\/v2\/media?parent=270"}],"curies":[{"name":"wp","href":"https:\/\/api.w.org\/{rel}","templated":true}]}}