{"id":2851,"date":"2023-02-06T15:31:47","date_gmt":"2023-02-06T13:31:47","guid":{"rendered":"https:\/\/finorabank.eu\/?page_id=2851"},"modified":"2024-06-13T10:11:02","modified_gmt":"2024-06-13T08:11:02","slug":"deposiit","status":"publish","type":"page","link":"https:\/\/finorabank.eu\/et\/deposiit\/","title":{"rendered":"Deposiit"},"content":{"rendered":"<div class=\"lazyblock-hero-10jOf5 wp-block-lazyblock-hero\">\n<section class=\"hero\">\n\t<div class=\"l-container\">\n\t\t<div class=\"hero__content\">\n\t\t\t<h1>Raha hoiustamine Finora Pangas<\/h1>\t\t\t\t\t\t\t<div class=\"hero__content-txt\"><ul>\n<li style=\"font-weight: 400;\" aria-level=\"1\"><span style=\"font-weight: 400;\">K\u00f5rged hoiuse intressim\u00e4\u00e4rad\u00a0<\/span><\/li>\n<li style=\"font-weight: 400;\" aria-level=\"1\"><span style=\"font-weight: 400;\">M\u00e4\u00e4ratud t\u00e4htajaga hoiused 6 kuust kuni 5 aastani\u00a0<\/span><\/li>\n<li style=\"font-weight: 400;\" aria-level=\"1\"><span style=\"font-weight: 400;\">Hoiuse summat ja t\u00e4htaega saate j\u00e4lgida ning hallata iseteeninduses\u00a0<\/span><\/li>\n<li><span style=\"font-weight: 400;\">T\u00e4psem teave hoiuste tagamise tingimuste ja juhtumite kohta, millal hoiuseid ei tagata ning millal kehtivad hoiuste tagamise h\u00fcvitise maksmisele piirangud, leiate Riikliku Hoiuste Tagamise Fondi kodulehelt aadressil <\/span><span style=\"font-weight: 400;\">www.iidraudimas.lt\/en\/<\/span><span style=\"font-weight: 400;\">. <\/span><a href=\"https:\/\/finoracapital.sharepoint.com\/sites\/FinoraBank\/Shared%20Documents\/Finora%20Bank\/PR%20and%20Marketing\/Marketing_Just%C4%97\/Technical\/Term%20Deposits_terms%20%26%20conditions.docx?d=wa858db1312de4157a6540a521b74c9d2&amp;csf=1&amp;web=1&amp;e=9UkNvz\"><span style=\"font-weight: 400;\">Lisateave on leitav siit. <\/span><\/a><\/li>\n<\/ul><\/div>\n\t\t\t\t\t\t\t\t\t\t<a href=\"#form\" class=\"btn hero__cta smooth-scroll\"><span>Lihtne ja mugav viis oma raha enda heaks t\u00f6\u00f6le panna<\/span><\/a>\n\t\t\t\t\t<\/div>\n\t\t\t\t\t<div class=\"hero__image\">\n\t\t\t\t<img decoding=\"async\" src=\"https:\/\/finorabank.eu\/wp-content\/uploads\/2022\/09\/liising-hero.jpg\" alt=\"\">\n\t\t\t<\/div>\n\t\t\t<\/div>\n<\/section><\/div>\n\n\n<div class=\"sticky\">\n\n\t<div class=\"sticky__menu\">\n\t\t<ul>\n\t\t\t\t\t\t\t<li><a class=\"smooth-scroll\" href=\"#general\"><span>01.<\/span>\u00dcldine teave<\/a><\/li>\n\t\t\t\t\t\t\t<li><a class=\"smooth-scroll\" href=\"#process\"><span>02.<\/span>Protsess<\/a><\/li>\n\t\t\t\t\t\t\t<li><a class=\"smooth-scroll\" href=\"#price\"><span>03.<\/span>Hinnakiri ja tingimused<\/a><\/li>\n\t\t\t\t\t\t\t<li><a class=\"smooth-scroll\" href=\"#faq\"><span>04.<\/span>KKK<\/a><\/li>\n\t\t\t\t\t\t\t<li><a class=\"smooth-scroll\" href=\"#form\"><span>05.<\/span>Ava hoius<\/a><\/li>\n\t\t\t\t\t<\/ul>\n\t<\/div>\n\n\t<div class=\"sticky__content\">\n\t\t\n\t\t\n<div class=\"lazyblock-service-general-info-16m9Bl wp-block-lazyblock-service-general-info\" id=\"general\">\n<section class=\"service-block\">\n\t<div class=\"service-block__container\">\n\t\t<div class=\"service-block__title-row\">\n\t\t\t<div class=\"service-block__icon\"><img decoding=\"async\" src=\"https:\/\/finorabank.eu\/wp-content\/themes\/finora\/img\/icon-1.svg\"><\/div>\n\t\t\t<h2 class=\"service-block__title\">\u00dcldine informatsioon<\/h2>\n\t\t<\/div>\n\t\t<div class=\"service-block__content\">\n\t\t\t\n\n<p>Pange oma s\u00e4\u00e4stud turvalisel viisil teenima, teades kui palju intresse te teenite. <\/p>\n\n\n\n<p id=\"tw-target-text\">Valige sobiv hoiuse t\u00e4htaeg. Hoiustage summa vahemikus 1000 \u20ac kuni 100 000 \u20ac ja valmistuge esimesest p\u00e4evast alates teenima fikseeritud intressim\u00e4\u00e4raga intressi. <\/p>\n\n\n\n<p><\/p>\n\n\t\t<\/div>\n\t<\/div>\n<\/section>\n\n<\/div>\n\n<div class=\"lazyblock-service-process-Im2b5 wp-block-lazyblock-service-process\" id=\"process\">\n\n\n<section class=\"service-block\">\n\t<div class=\"service-block__container\">\n\t\t<div class=\"service-block__title-row\">\n\t\t\t<div class=\"service-block__icon\"><img decoding=\"async\" src=\"https:\/\/finorabank.eu\/wp-content\/themes\/finora\/img\/process.svg\"><\/div>\n\t\t\t<h2 class=\"service-block__title\">Protsess<\/h2>\n\t\t<\/div>\n\t\t<div class=\"service-block__content\">\n\t\t\t\t\t\t\t<div class=\"service-block__process-step\">\n\t\t\t\t\t<h3>SAMM 1<\/h3>\n\t\t\t\t\t<div class=\"service-block__process-subtitle\">T\u00e4itke taotlus<\/div>\n\t\t\t\t\t<div>Registreerige id-kaardi v\u00f5i smart-idga. T\u00e4itke online taotlus ja n\u00f5ustuge tingimustega.<\/div>\n\t\t\t\t<\/div>\n\t\t\t\t\t\t\t<div class=\"service-block__process-step\">\n\t\t\t\t\t<h3>SAMM 2<\/h3>\n\t\t\t\t\t<div class=\"service-block__process-subtitle\">Identifitseeri end<\/div>\n\t\t\t\t\t<div>Identifitseerige end veebis iDenfy abil<\/div>\n\t\t\t\t<\/div>\n\t\t\t\t\t\t\t<div class=\"service-block__process-step\">\n\t\t\t\t\t<h3>SAMM 3<\/h3>\n\t\t\t\t\t<div class=\"service-block__process-subtitle\">Allkirjastage leping<\/div>\n\t\t\t\t\t<div>Allkirjastage veebis leping<\/div>\n\t\t\t\t<\/div>\n\t\t\t\t\t\t\t<div class=\"service-block__process-step\">\n\t\t\t\t\t<h3>SAMM 4<\/h3>\n\t\t\t\t\t<div class=\"service-block__process-subtitle\">Tehke \u00fclekanne<\/div>\n\t\t\t\t\t<div><\/div>\n\t\t\t\t<\/div>\n\t\t\t\t\t<\/div>\n\t<\/div>\n<\/section>\n\n<\/div>\n\n<div class=\"lazyblock-service-price-24M8fn wp-block-lazyblock-service-price\" id=\"price\">\n\n\n<section class=\"service-block\">\n\t<div class=\"service-block__container\">\n\t\t<div class=\"service-block__title-row\">\n\t\t\t<div class=\"service-block__icon\"><img decoding=\"async\" src=\"https:\/\/finorabank.eu\/wp-content\/themes\/finora\/img\/price.svg\"><\/div>\n\t\t\t<h2 class=\"service-block__title\">Hinnakiri ja tingimused<\/h2>\n\t\t<\/div>\n\t\t<div class=\"service-block__content\">\n\t\t\t<div class=\"service-block__price-table\">\n\t\t\t\t\t\t\t\t\t<div class=\"service-block__priceitem\">\n\t\t\t\t\t\t<div class=\"service-block__fee\">Hoiuse summa:<\/div>\n\t\t\t\t\t\t<div class=\"service-block__price\">Alates 1 000 \u20ac  <\/div>\n\t\t\t\t\t<\/div>\n\t\t\t\t\t\t\t\t\t<div class=\"service-block__priceitem\">\n\t\t\t\t\t\t<div class=\"service-block__fee\">INTRESSIM\u00c4\u00c4RAD <\/div>\n\t\t\t\t\t\t<div class=\"service-block__price\">6 kuud &#8211; 3.50% <br>12 kuud &#8211; 3.60% <br> 24 kuud &#8211; 3.60% <br> 36 kuud &#8211; 2.50% <br> 48 kuud &#8211; 2.50% <br> 60 kuud &#8211; 2.50% <\/div>\n\t\t\t\t\t<\/div>\n\t\t\t\t\t\t\t\t\t<div class=\"service-block__priceitem\">\n\t\t\t\t\t\t<div class=\"service-block__fee\">TAGATISRAHA PERIOOD:  <\/div>\n\t\t\t\t\t\t<div class=\"service-block__price\">6 kuud kuni 5 aastat<\/div>\n\t\t\t\t\t<\/div>\n\t\t\t\t\t\t\t<\/div>\n\t\t\t<div class=\"service-block__price-disclaimer\">\n\t\t\t\t<em>* Saate valida hoiuse t\u00e4htajaks 6 kuud kuni 5 aastat.\u00a0<\/em>\u00a0<br><em>** Saate hoiustada mis tahes summat alates 1000 eurost. Raha hoitakse hoiukontol kogu t\u00e4htaja jooksul.\u00a0<\/em>\u00a0<br><em>*** Kuna intressim\u00e4\u00e4r on eelnevalt fikseeritud, teate t\u00e4pselt, kui palju intressi teenite t\u00e4htaja l\u00f5puni.\u00a0<\/em>\u00a0\t\t\t<\/div>\n\t\t<\/div>\n\t<\/div>\n<\/section>\n\n<\/div>\n\n<div class=\"lazyblock-service-faq-Z2poGmO wp-block-lazyblock-service-faq\" id=\"faq\">\n\n\n<section class=\"service-block\">\n\t<div class=\"service-block__container\">\n\t\t<div class=\"service-block__title-row\">\n\t\t\t<div class=\"service-block__icon\"><img decoding=\"async\" src=\"https:\/\/finorabank.eu\/wp-content\/themes\/finora\/img\/faq.svg\"><\/div>\n\t\t\t<h2 class=\"service-block__title\">Korduma kippuvad k\u00fcsimused<\/h2>\n\t\t<\/div>\n\t\t<div class=\"service-block__content\">\n\t\t\t<div class=\"service-block__faq accordion-container\">\n\t\t\t\t\t\t\t\t\t<div class=\"ac\">\n\t\t\t\t\t\t<h3 class=\"ac-header ac-trigger\">\n\t\t\t\t\t\t\t<span>Millisele kontole makstakse intressid?<\/span><span class=\"chevron\"><svg enable-background=\"new 0 0 30 30\" viewBox=\"0 0 30 30\" xmlns=\"http:\/\/www.w3.org\/2000\/svg\"><g stroke=\"#0101fd\"><circle cx=\"15\" cy=\"15\" fill=\"none\" r=\"14.5\"\/><path d=\"m20.4 13.9-5 5c-.1.1-.3.1-.4.1s-.3-.1-.4-.2l-5-5c-.2-.2-.2-.6 0-.8s.6-.2.8 0l4.6 4.6 4.6-4.6c.2-.2.6-.2.8 0 .2.3.2.7 0 .9z\" fill=\"#0101fd\" stroke-width=\".1\"\/><\/g><\/svg><\/span>\n\t\t\t\t\t\t<\/h3>\n\t\t\t\t\t\t<div class=\"ac-panel\">\n\t\t\t\t\t\t\t<div class=\"ac-content\">\n\t\t\t\t\t\t\t\tIntressid kantakse hoiustamisperioodi l\u00f5pus otse teie kontole. Finora Pank maksab intressi samale kontole, mida kasutasite esialgse hoiuse tegemiseks.\u00a0\u00a0\t\t\t\t\t\t\t<\/div>\n\t\t\t\t\t\t<\/div>\n\t\t\t\t\t<\/div>\n\t\t\t\t\t\t\t\t\t<div class=\"ac\">\n\t\t\t\t\t\t<h3 class=\"ac-header ac-trigger\">\n\t\t\t\t\t\t\t<span>Kas minu intressim\u00e4\u00e4r muutub aja jooksul?  <\/span><span class=\"chevron\"><svg enable-background=\"new 0 0 30 30\" viewBox=\"0 0 30 30\" xmlns=\"http:\/\/www.w3.org\/2000\/svg\"><g stroke=\"#0101fd\"><circle cx=\"15\" cy=\"15\" fill=\"none\" r=\"14.5\"\/><path d=\"m20.4 13.9-5 5c-.1.1-.3.1-.4.1s-.3-.1-.4-.2l-5-5c-.2-.2-.2-.6 0-.8s.6-.2.8 0l4.6 4.6 4.6-4.6c.2-.2.6-.2.8 0 .2.3.2.7 0 .9z\" fill=\"#0101fd\" stroke-width=\".1\"\/><\/g><\/svg><\/span>\n\t\t\t\t\t\t<\/h3>\n\t\t\t\t\t\t<div class=\"ac-panel\">\n\t\t\t\t\t\t\t<div class=\"ac-content\">\n\t\t\t\t\t\t\t\tTeie intressim\u00e4\u00e4r p\u00fcsib kogu hoiustamisperioodi jooksul fikseeritud, nii et te teate eelnevalt t\u00e4pselt, kui palju intressi te teenite kuni hoiustamisperioodi l\u00f5puni.\u00a0\u00a0\t\t\t\t\t\t\t<\/div>\n\t\t\t\t\t\t<\/div>\n\t\t\t\t\t<\/div>\n\t\t\t\t\t\t\t\t\t<div class=\"ac\">\n\t\t\t\t\t\t<h3 class=\"ac-header ac-trigger\">\n\t\t\t\t\t\t\t<span>Kas ma v\u00f5in raha varem v\u00e4lja v\u00f5tta?<\/span><span class=\"chevron\"><svg enable-background=\"new 0 0 30 30\" viewBox=\"0 0 30 30\" xmlns=\"http:\/\/www.w3.org\/2000\/svg\"><g stroke=\"#0101fd\"><circle cx=\"15\" cy=\"15\" fill=\"none\" r=\"14.5\"\/><path d=\"m20.4 13.9-5 5c-.1.1-.3.1-.4.1s-.3-.1-.4-.2l-5-5c-.2-.2-.2-.6 0-.8s.6-.2.8 0l4.6 4.6 4.6-4.6c.2-.2.6-.2.8 0 .2.3.2.7 0 .9z\" fill=\"#0101fd\" stroke-width=\".1\"\/><\/g><\/svg><\/span>\n\t\t\t\t\t\t<\/h3>\n\t\t\t\t\t\t<div class=\"ac-panel\">\n\t\t\t\t\t\t\t<div class=\"ac-content\">\n\t\t\t\t\t\t\t\tEi, raha ei saa enne lepingu l\u00f5ppemist k\u00e4tte.\t\t\t\t\t\t\t<\/div>\n\t\t\t\t\t\t<\/div>\n\t\t\t\t\t<\/div>\n\t\t\t\t\t\t\t\t\t<div class=\"ac\">\n\t\t\t\t\t\t<h3 class=\"ac-header ac-trigger\">\n\t\t\t\t\t\t\t<span>Kas mul on \u00f5igus oma s\u00e4\u00e4ste hoiustada?<\/span><span class=\"chevron\"><svg enable-background=\"new 0 0 30 30\" viewBox=\"0 0 30 30\" xmlns=\"http:\/\/www.w3.org\/2000\/svg\"><g stroke=\"#0101fd\"><circle cx=\"15\" cy=\"15\" fill=\"none\" r=\"14.5\"\/><path d=\"m20.4 13.9-5 5c-.1.1-.3.1-.4.1s-.3-.1-.4-.2l-5-5c-.2-.2-.2-.6 0-.8s.6-.2.8 0l4.6 4.6 4.6-4.6c.2-.2.6-.2.8 0 .2.3.2.7 0 .9z\" fill=\"#0101fd\" stroke-width=\".1\"\/><\/g><\/svg><\/span>\n\t\t\t\t\t\t<\/h3>\n\t\t\t\t\t\t<div class=\"ac-panel\">\n\t\t\t\t\t\t\t<div class=\"ac-content\">\n\t\t\t\t\t\t\t\tK\u00f5ik EL-i kodanikud, kes on v\u00e4hemalt 18-aastased, saavad alustada oma s\u00e4\u00e4stude deponeerimist.\t\t\t\t\t\t\t<\/div>\n\t\t\t\t\t\t<\/div>\n\t\t\t\t\t<\/div>\n\t\t\t\t\t\t\t\t\t<div class=\"ac\">\n\t\t\t\t\t\t<h3 class=\"ac-header ac-trigger\">\n\t\t\t\t\t\t\t<span>Kuidas on intress arvutatud?<\/span><span class=\"chevron\"><svg enable-background=\"new 0 0 30 30\" viewBox=\"0 0 30 30\" xmlns=\"http:\/\/www.w3.org\/2000\/svg\"><g stroke=\"#0101fd\"><circle cx=\"15\" cy=\"15\" fill=\"none\" r=\"14.5\"\/><path d=\"m20.4 13.9-5 5c-.1.1-.3.1-.4.1s-.3-.1-.4-.2l-5-5c-.2-.2-.2-.6 0-.8s.6-.2.8 0l4.6 4.6 4.6-4.6c.2-.2.6-.2.8 0 .2.3.2.7 0 .9z\" fill=\"#0101fd\" stroke-width=\".1\"\/><\/g><\/svg><\/span>\n\t\t\t\t\t\t<\/h3>\n\t\t\t\t\t\t<div class=\"ac-panel\">\n\t\t\t\t\t\t\t<div class=\"ac-content\">\n\t\t\t\t\t\t\t\tTeie intressim\u00e4\u00e4r on fikseeritud kogu teie hoiuperioodi jooksul. Intressi arvestatakse iga p\u00e4ev ja makstakse v\u00e4lja hoiulepingu l\u00f5ppedes.\t\t\t\t\t\t\t<\/div>\n\t\t\t\t\t\t<\/div>\n\t\t\t\t\t<\/div>\n\t\t\t\t\t\t\t\t\t<div class=\"ac\">\n\t\t\t\t\t\t<h3 class=\"ac-header ac-trigger\">\n\t\t\t\t\t\t\t<span>Kas on taganemisperioodi?<\/span><span class=\"chevron\"><svg enable-background=\"new 0 0 30 30\" viewBox=\"0 0 30 30\" xmlns=\"http:\/\/www.w3.org\/2000\/svg\"><g stroke=\"#0101fd\"><circle cx=\"15\" cy=\"15\" fill=\"none\" r=\"14.5\"\/><path d=\"m20.4 13.9-5 5c-.1.1-.3.1-.4.1s-.3-.1-.4-.2l-5-5c-.2-.2-.2-.6 0-.8s.6-.2.8 0l4.6 4.6 4.6-4.6c.2-.2.6-.2.8 0 .2.3.2.7 0 .9z\" fill=\"#0101fd\" stroke-width=\".1\"\/><\/g><\/svg><\/span>\n\t\t\t\t\t\t<\/h3>\n\t\t\t\t\t\t<div class=\"ac-panel\">\n\t\t\t\t\t\t\t<div class=\"ac-content\">\n\t\t\t\t\t\t\t\tK\u00f5igile investoritele kehtib 14-p\u00e4evane j\u00e4relem\u00f5tlemisperiood ja lepingu saab t\u00fchistada ilma trahvi maksmata.\t\t\t\t\t\t\t<\/div>\n\t\t\t\t\t\t<\/div>\n\t\t\t\t\t<\/div>\n\t\t\t\t\t\t\t\t\t<div class=\"ac\">\n\t\t\t\t\t\t<h3 class=\"ac-header ac-trigger\">\n\t\t\t\t\t\t\t<span>Kas mu hoius on turvaline?<\/span><span class=\"chevron\"><svg enable-background=\"new 0 0 30 30\" viewBox=\"0 0 30 30\" xmlns=\"http:\/\/www.w3.org\/2000\/svg\"><g stroke=\"#0101fd\"><circle cx=\"15\" cy=\"15\" fill=\"none\" r=\"14.5\"\/><path d=\"m20.4 13.9-5 5c-.1.1-.3.1-.4.1s-.3-.1-.4-.2l-5-5c-.2-.2-.2-.6 0-.8s.6-.2.8 0l4.6 4.6 4.6-4.6c.2-.2.6-.2.8 0 .2.3.2.7 0 .9z\" fill=\"#0101fd\" stroke-width=\".1\"\/><\/g><\/svg><\/span>\n\t\t\t\t\t\t<\/h3>\n\t\t\t\t\t\t<div class=\"ac-panel\">\n\t\t\t\t\t\t\t<div class=\"ac-content\">\n\t\t\t\t\t\t\t\tK\u00f5ik hoiused on tagatud riikliku hoiuste ja investeeringute kindlustusega. Lisateavet leiate <a href=\"https:\/\/www.iidraudimas.lt\/en\/\" target=\"_blank\" rel=\"noreferrer noopener\">V\u012e \u201eInd\u0117li\u0173 ir investicij\u0173 draudimas\u201c<\/a> veebisaidilt ja <a href=\"https:\/\/finorabank.eu\/lt\/indeliai_info\/\" target=\"_blank\" rel=\"noreferrer noopener\">hoiustajate teabe jaotisest.<\/a>\u00a0<br>\u00a0\t\t\t\t\t\t\t<\/div>\n\t\t\t\t\t\t<\/div>\n\t\t\t\t\t<\/div>\n\t\t\t\t\t\t\t<\/div>\n\t\t<\/div>\n\t<\/div>\n<\/section>\n\n<\/div>\n\n<div class=\"lazyblock-onboarding-start-djTzO wp-block-lazyblock-onboarding-start\" id=\"form\">\n<section class=\"service-block service-block--form service-block--onboarding\">\n\t<div class=\"service-block__container\">\n\t\t<div class=\"service-block__title-row\">\n\t\t\t<div class=\"service-block__icon\"><img decoding=\"async\" src=\"https:\/\/finorabank.eu\/wp-content\/themes\/finora\/img\/apply.svg\"><\/div>\n\t\t\t<h2 class=\"service-block__title\">Alusta registreerumist<\/h2>\n\t\t<\/div>\n\t\t<div class=\"service-block__content\">\n\t\t\t\n\t\t\t<style>\n\t\t#smartid-login-block .login-button {\n\t\t\tdisplay:inline;\n\t\t\tmargin-left: 5px;\n\t\t\tmargin-right: 5px;\n\t\t}\n\t\t#smartid-login-block .login-button img {                    \n\t\t\tmargin: 3px;\n\t\t\theight: 46px;\n\t\t}\n\t\t#smartid-login-block .login-square-w img {\n\t\t\twidth: 46px;\n\t\t}\n\t\t#smartid-login-block .login-middle-w img {\n\t\t\twidth: 130px;\n\t\t}\n\t\t#smartid-login-block .login-wide-w img {\n\t\t\twidth: 200px;\n\t\t}                \n\t<\/style><div id=\"smartid-login-block\"><a class=\"btn\" id=\"eid-login-process-btn\">Logi sisse<\/a><\/div><script>    if(document.getElementById(\"smartid-id-login\")) document.getElementById(\"smartid-id-login\").addEventListener(\"click\", function () {        startEidEasyLogin(\"https:\/\/id.eideasy.com\/oauth\/authorize?client_id=4jhVtmB6UIsCv6cvp7zvx1KFvWKKSSTV&redirect_uri=https%3A%2F%2Ffinorabank.eu%2Fet%2Fonboarding%2F&response_type=code&country=EE&lang=et&start=ee-id-card\");    });    if(document.getElementById(\"smartid-mid-login\")) document.getElementById(\"smartid-mid-login\").addEventListener(\"click\", function () {        startEidEasyLogin(\"https:\/\/id.eideasy.com\/oauth\/authorize?client_id=4jhVtmB6UIsCv6cvp7zvx1KFvWKKSSTV&redirect_uri=https%3A%2F%2Ffinorabank.eu%2Fet%2Fonboarding%2F&response_type=code&country=EE&lang=et&method=ee-mobile-id\");    });    if(document.getElementById(\"smartid-lveid-login\")) document.getElementById(\"smartid-lveid-login\").addEventListener(\"click\", function () {        startEidEasyLogin(\"https:\/\/id.eideasy.com\/oauth\/authorize?client_id=4jhVtmB6UIsCv6cvp7zvx1KFvWKKSSTV&redirect_uri=https%3A%2F%2Ffinorabank.eu%2Fet%2Fonboarding%2F&response_type=code&country=EE&lang=et&start=lv-id-card\");    });    if(document.getElementById(\"smartid-lt-id-card-login\")) document.getElementById(\"smartid-lt-id-card-login\").addEventListener(\"click\", function () {        startEidEasyLogin(\"https:\/\/id.eideasy.com\/oauth\/authorize?client_id=4jhVtmB6UIsCv6cvp7zvx1KFvWKKSSTV&redirect_uri=https%3A%2F%2Ffinorabank.eu%2Fet%2Fonboarding%2F&response_type=code&country=EE&lang=et&start=lt-id-card\");    });    if(document.getElementById(\"eideasy-eparaksts-mobile-login\")) document.getElementById(\"eideasy-eparaksts-mobile-login\").addEventListener(\"click\", function () {        startEidEasyLogin(\"https:\/\/id.eideasy.com\/oauth\/start\/lv-eparaksts-mobile-login?client_id=4jhVtmB6UIsCv6cvp7zvx1KFvWKKSSTV&redirect_uri=https%3A%2F%2Ffinorabank.eu%2Fet%2Fonboarding%2F&response_type=code&country=EE&lang=et\");    });    if(document.getElementById(\"smartid-be-id-card-login\")) document.getElementById(\"smartid-be-id-card-login\").addEventListener(\"click\", function () {        startEidEasyLogin(\"https:\/\/id.eideasy.com\/oauth\/authorize?client_id=4jhVtmB6UIsCv6cvp7zvx1KFvWKKSSTV&redirect_uri=https%3A%2F%2Ffinorabank.eu%2Fet%2Fonboarding%2F&response_type=code&country=EE&lang=et&start=be-id-card\");    });    if(document.getElementById(\"smartid-pt-id-card-login\")) document.getElementById(\"smartid-pt-id-card-login\").addEventListener(\"click\", function () {        startEidEasyLogin(\"https:\/\/id.eideasy.com\/oauth\/authorize?client_id=4jhVtmB6UIsCv6cvp7zvx1KFvWKKSSTV&redirect_uri=https%3A%2F%2Ffinorabank.eu%2Fet%2Fonboarding%2F&response_type=code&country=EE&lang=et&start=pt-id-card\");    });    if(document.getElementById(\"smartid-lt-mobile-id-login\")) document.getElementById(\"smartid-lt-mobile-id-login\").addEventListener(\"click\", function () {        startEidEasyLogin(\"https:\/\/id.eideasy.com\/oauth\/authorize?client_id=4jhVtmB6UIsCv6cvp7zvx1KFvWKKSSTV&redirect_uri=https%3A%2F%2Ffinorabank.eu%2Fet%2Fonboarding%2F&response_type=code&country=EE&lang=et&method=lt-mobile-id\");    });    if(document.getElementById(\"smartid-smartid-login\")) document.getElementById(\"smartid-smartid-login\").addEventListener(\"click\", function () {        startEidEasyLogin(\"https:\/\/id.eideasy.com\/oauth\/authorize?client_id=4jhVtmB6UIsCv6cvp7zvx1KFvWKKSSTV&redirect_uri=https%3A%2F%2Ffinorabank.eu%2Fet%2Fonboarding%2F&response_type=code&country=EE&lang=et&method=smart-id\");    });    if(document.getElementById(\"eideasy-itsme-login-standard\")) document.getElementById(\"eideasy-itsme-login-standard\").addEventListener(\"click\", function () {        startEidEasyLogin(\"https:\/\/id.eideasy.com\/oauth\/authorize?client_id=4jhVtmB6UIsCv6cvp7zvx1KFvWKKSSTV&redirect_uri=https%3A%2F%2Ffinorabank.eu%2Fet%2Fonboarding%2F&response_type=code&country=EE&lang=et&method=itsme-login-standard\");    });    if(document.getElementById(\"eid-login-process-btn\")) document.getElementById(\"eid-login-process-btn\").addEventListener(\"click\", function () {        startEidEasyLogin(\"https:\/\/id.eideasy.com\/oauth\/authorize?client_id=4jhVtmB6UIsCv6cvp7zvx1KFvWKKSSTV&redirect_uri=https%3A%2F%2Ffinorabank.eu%2Fet%2Fonboarding%2F&response_type=code&country=EE&lang=et\");    });<\/script>\t\t<\/div>\n\t\t\t\t\t<div class=\"service-block__footer-text\">\n\t\t\t\tRegistreerumiseks on vajalik teie isik tuvastada. Enne registreerumist tee kindlaks, et sul on ID kaart ja t\u00f6\u00f6tava kaameraga seade valmis. Rohkem infot: <a rel=\"noreferrer noopener\" href=\"https:\/\/www.idenfy.com\/blog\/10-tips-successful-identity-verification-idenfy\/\" target=\"_blank\">identiteedi tuvastus<\/a>.\t\t\t<\/div>\n\t\t\t<\/div>\n<\/section>\n<\/div>\n\n\n\t<\/div>\n<\/div>\n","protected":true},"excerpt":{"rendered":"","protected":true},"author":1,"featured_media":3081,"parent":0,"menu_order":0,"comment_status":"closed","ping_status":"closed","template":"","meta":{"_acf_changed":false,"footnotes":""},"class_list":["post-2851","page","type-page","status-publish","post-password-protected","has-post-thumbnail","hentry"],"acf":[],"_links":{"self":[{"href":"https:\/\/finorabank.eu\/et\/wp-json\/wp\/v2\/pages\/2851","targetHints":{"allow":["GET"]}}],"collection":[{"href":"https:\/\/finorabank.eu\/et\/wp-json\/wp\/v2\/pages"}],"about":[{"href":"https:\/\/finorabank.eu\/et\/wp-json\/wp\/v2\/types\/page"}],"author":[{"embeddable":true,"href":"https:\/\/finorabank.eu\/et\/wp-json\/wp\/v2\/users\/1"}],"replies":[{"embeddable":true,"href":"https:\/\/finorabank.eu\/et\/wp-json\/wp\/v2\/comments?post=2851"}],"version-history":[{"count":62,"href":"https:\/\/finorabank.eu\/et\/wp-json\/wp\/v2\/pages\/2851\/revisions"}],"predecessor-version":[{"id":7276,"href":"https:\/\/finorabank.eu\/et\/wp-json\/wp\/v2\/pages\/2851\/revisions\/7276"}],"wp:featuredmedia":[{"embeddable":true,"href":"https:\/\/finorabank.eu\/et\/wp-json\/wp\/v2\/media\/3081"}],"wp:attachment":[{"href":"https:\/\/finorabank.eu\/et\/wp-json\/wp\/v2\/media?parent=2851"}],"curies":[{"name":"wp","href":"https:\/\/api.w.org\/{rel}","templated":true}]}}