{"id":29,"date":"2022-07-20T13:33:05","date_gmt":"2022-07-20T13:33:05","guid":{"rendered":"https:\/\/finorabank.eu\/?page_id=29"},"modified":"2025-07-08T13:49:56","modified_gmt":"2025-07-08T11:49:56","slug":"home","status":"publish","type":"page","link":"https:\/\/finorabank.eu\/et\/","title":{"rendered":"Avaleht"},"content":{"rendered":"<div class=\"lazyblock-hero-slider-2o4nq7 wp-block-lazyblock-hero-slider\">\n<section class=\"hero-slider\">\n\t<div class=\"l-container\">\n\t\t<div class=\"splide hero-slider__splide\">\n\t\t\t<div class=\"splide__track\">\n\t\t\t\t<div class=\"splide__list\">\n\t\t\t\t\t\t\t\t\t\t\t<div class=\"splide__slide hero-slider__slide\">\n\t\t\t\t\t\t\t<div class=\"hero-slider__content\">\n\t\t\t\t\t\t\t\t\t\t\t\t\t\t\t\t\t<h1>Pakume Teile terviklikke ja paindlikke finantsteenuseid<\/h1>\n\t\t\t\t\t\t\t\t\t\t\t\t\t\t\t\t<div>\n\t\t\t\t\t\t\t\t\t<ul>\n<li>Hea abivahend likviidsuse parandamiseks<\/li>\n<li>Lai kasutusv\u00f5imalus ning paindlik maksegraafik<\/li>\n<li>Tasuta ennet\u00e4htaegne tagastamine\u00a0<\/li>\n<\/ul>\t\t\t\t\t\t\t\t<\/div>\n\t\t\t\t\t\t\t\t\t\t\t\t\t\t\t\t\t<a href=\"https:\/\/finorabank.eu\/mikrolaen\/\" class=\"btn\"><span>Tutvu mikrolaenuga<\/span><\/a>\n\t\t\t\t\t\t\t\t\t\t\t\t\t\t\t<\/div>\n\t\t\t\t\t\t\t<div class=\"hero-slider__image\">\n\t\t\t\t\t\t\t\t<img decoding=\"async\" src=\"https:\/\/finorabank.eu\/wp-content\/uploads\/2022\/09\/avaleht-banner-1.jpg\" alt=\"\">\n\t\t\t\t\t\t\t<\/div>\n\t\t\t\t\t\t<\/div>\n\t\t\t\t\t\t\t\t\t\t\t<div class=\"splide__slide hero-slider__slide\">\n\t\t\t\t\t\t\t<div class=\"hero-slider__content\">\n\t\t\t\t\t\t\t\t\t\t\t\t\t\t\t\t\t<h2>M\u00f5istlikud finantseerimis-lahendused v\u00e4ikeettev\u00f5tetele<\/h2>\n\t\t\t\t\t\t\t\t\t\t\t\t\t\t\t\t<div>\n\t\t\t\t\t\t\t\t\t<p>aitab ettev\u00f5ttel kaubanduskrediiti hallata\u00a0<\/p>\t\t\t\t\t\t\t\t<\/div>\n\t\t\t\t\t\t\t\t\t\t\t\t\t\t\t\t\t<a href=\"https:\/\/finorabank.eu\/faktooring\/\" class=\"btn\"><span>Tutvu faktooringuga<\/span><\/a>\n\t\t\t\t\t\t\t\t\t\t\t\t\t\t\t<\/div>\n\t\t\t\t\t\t\t<div class=\"hero-slider__image\">\n\t\t\t\t\t\t\t\t<img decoding=\"async\" src=\"https:\/\/finorabank.eu\/wp-content\/uploads\/2022\/09\/avaleht-banner-5.jpg\" alt=\"\">\n\t\t\t\t\t\t\t<\/div>\n\t\t\t\t\t\t<\/div>\n\t\t\t\t\t\t\t\t\t<\/div>\n\t\t\t<\/div>\n\t\t<\/div>\n\t<\/div>\n<\/section>\n\n\n<\/div>\n\n<div class=\"lazyblock-services-1KisVB wp-block-lazyblock-services\"><section class=\"services\">\n\t<div class=\"l-container\">\n\t\t<div class=\"services__wrapper\">\n\t\t\t<div class=\"services__list\">\n\t\t\t\t\t\t\t\t\t<div class=\"services__card\">\n\t\t\t\t\t\t\t\t\t\t\t\t\t<a href=\"https:\/\/finorabank.eu\/et\/hupoteeklaen\/\">\n\t\t\t\t\t\t\n\t\t\t\t\t\t<div class=\"services__card-icon\"><img decoding=\"async\" src=\"https:\/\/finorabank.eu\/wp-content\/uploads\/2024\/08\/Untitled-design-15.png\"><\/div>\n\t\t\t\t\t\t<h2 class=\"services__card-title\">H\u00fcpoteeklaen<\/h2>\n\t\t\t\t\t\t<div class=\"services__card-content\">H\u00fcpoteeklaen ehk kinnisvaraga tagatud laen pakub kiiret otsustusprotsessi, laialdasi kasutusv\u00f5imalusi ja paindlikku maksegraafikut. Laenusumma alates 25 000 \u20ac.<\/div>\n\t\t\t\t\t\t\t\t\t\t\t\t\t<span class=\"arrow-link arrow-link--white\"><span>Tutvu teenusega l\u00e4hemalt<\/span><\/span>\n\t\t\t\t\t\t<\/a>\n\t\t\t\t\t\t\t\t\t\t\t<\/div>\n\t\t\t\t\t\t\t\t\t<div class=\"services__card\">\n\t\t\t\t\t\t\t\t\t\t\t\t\t<a href=\"https:\/\/finorabank.eu\/liising\/\">\n\t\t\t\t\t\t\n\t\t\t\t\t\t<div class=\"services__card-icon\"><img decoding=\"async\" src=\"https:\/\/finorabank.eu\/wp-content\/uploads\/2024\/08\/Untitled-design-11.png\"><\/div>\n\t\t\t\t\t\t<h2 class=\"services__card-title\">Liising<\/h2>\n\t\t\t\t\t\t<div class=\"services__card-content\">Liising on mugavaim viis \u00e4ritegemiseks vajalike seadmete soetamiseks. Nii j\u00e4\u00e4b Teie ettev\u00f5ttele seadmete kasutamise r\u00f5\u00f5m, ent mitte nende omamisega seotud kohustused.<\/div>\n\t\t\t\t\t\t\t\t\t\t\t\t\t<span class=\"arrow-link arrow-link--white\"><span>Tutvu teenusega l\u00e4hemalt<\/span><\/span>\n\t\t\t\t\t\t<\/a>\n\t\t\t\t\t\t\t\t\t\t\t<\/div>\n\t\t\t\t\t\t\t\t\t<div class=\"services__card\">\n\t\t\t\t\t\t\t\t\t\t\t\t\t<a href=\"https:\/\/finorabank.eu\/faktooring\/\">\n\t\t\t\t\t\t\n\t\t\t\t\t\t<div class=\"services__card-icon\"><img decoding=\"async\" src=\"https:\/\/finorabank.eu\/wp-content\/uploads\/2024\/08\/Untitled-design-16.png\"><\/div>\n\t\t\t\t\t\t<h2 class=\"services__card-title\">Faktooring<\/h2>\n\t\t\t\t\t\t<div class=\"services__card-content\">Faktooringu kasutamine v\u00f5imaldab kaotada pikad makset\u00e4htajad ning muuta arved otse rahaks. M\u00fc\u00fcgiarvete rahastamine vabastab laekumata arvete all kinni seisva raha, mida saab omakorda kasutada ettev\u00f5tte arendamiseks.<\/div>\n\t\t\t\t\t\t\t\t\t\t\t\t\t<span class=\"arrow-link arrow-link--white\"><span>Tutvu teenusega l\u00e4hemalt<\/span><\/span>\n\t\t\t\t\t\t<\/a>\n\t\t\t\t\t\t\t\t\t\t\t<\/div>\n\t\t\t\t\t\t\t\t\t<div class=\"services__card\">\n\t\t\t\t\t\t\t\t\t\t\t\t\t<div class=\"services__nolink\">\n\t\t\t\t\t\t\n\t\t\t\t\t\t<div class=\"services__card-icon\"><img decoding=\"async\" src=\"https:\/\/finorabank.eu\/wp-content\/uploads\/2024\/08\/Untitled-design-13-1.png\"><\/div>\n\t\t\t\t\t\t<h2 class=\"services__card-title\">\u00c4rilaen EISi k\u00e4endusel<\/h2>\n\t\t\t\t\t\t<div class=\"services__card-content\">Laena kuni 250 000 eurot oma\u00a0\u00e4ritegevuse\u00a0kasvatamiseks.<br>Piisab ka v\u00e4iksemast tagatisest \u2014 EISi k\u00e4endus katab kuni 80% laenusummast.<br>Kiire ja lihtne laenuprotsess.<\/div>\n\t\t\t\t\t\t\t\t\t\t\t\t\t<\/div>\n\t\t\t\t\t\t\t\t\t\t\t<\/div>\n\t\t\t\t\t\t\t<\/div>\n\t\t<\/div>\n\t<\/div>\n<\/section>\n\n<\/div>\n\n<div class=\"lazyblock-media-text-Z1JtXx5 wp-block-lazyblock-media-text\">\n<section class=\"media-text\">\n\t<div class=\"l-container l-container--medium\">\n\t\t<div class=\"media-text__media\">\n\t\t\t<img decoding=\"async\" src=\"https:\/\/finorabank.eu\/wp-content\/uploads\/2022\/09\/avaleht-digitaalne-personaalne.jpg\" alt=\"\">\n\t\t<\/div>\n\t\t<div class=\"media-text__text\">\n\t\t\t<h2>Digitaalne ja personaalne<\/h2>\n\t\t\t\t\t\t\t<div>Laen on oluline otsus, mida tuleb p\u00f5hjalikult kaaluda. Meie jaoks on see igap\u00e4evane t\u00f6\u00f6. Meie Finora Bankis teame, et erinevates olukordades vajatakse erinevaid lahendusi. Kui laenutoode on just see, mida Sa vajad, siis me saame Sind aidata. Me oleme paindlikud ja kiired ning arvestame Sinu vajadustega. Kogu laenu taotlusprotsess Finorast on digitaalne ja Sa ei pea tegema \u00fchtegi \u00fcleliigset liigutust. Sulle sobiv personaalne pakkumine on meie jaoks prioriteediks, sest me m\u00f5istame aja t\u00e4htsust.<\/div>\n\t\t\t\t\t<\/div>\n\t<\/div>\n<\/section>\n<\/div>\n\n<div class=\"lazyblock-media-text-1KBDq8 wp-block-lazyblock-media-text\">\n<section class=\"media-text media-text--right media-text--blue\">\n\t<div class=\"l-container l-container--medium\">\n\t\t<div class=\"media-text__media\">\n\t\t\t<img decoding=\"async\" src=\"https:\/\/finorabank.eu\/wp-content\/uploads\/2022\/09\/avaleht-laen-kui-lahendus.jpg\" alt=\"\">\n\t\t<\/div>\n\t\t<div class=\"media-text__text\">\n\t\t\t<h2>Laen kui lahendus<\/h2>\n\t\t\t\t\t\t\t<div>Me teame, et laen saab olla edasiviiv lahendus.<br>Me m\u00f5istame Sind, ole Sa eraisik v\u00f5i ettev\u00f5tja. Me pakume alati just Sulle sobivat finantslahendust, olgu selleks laen kinnisvara tagatisel ehk h\u00fcpoteeklaen, v\u00e4ikelaen, j\u00e4relmaks v\u00f5i faktooring. Me hoiame oma intressid v\u00f5imalikult madalal ning meie lepingutasud on kliendis\u00f5bralikud.\u00a0Lubame, et leiame Sinu vajadustele sobivaima lahenduse. Olgu Su vajaduseks kodu remont, oma \u00e4ri loomine, lapse \u00f5ppemaks, uus auto v\u00f5i midagi hoopis muud. Sina tunned oma vajadusi. Meie saame sind lahendustega aidata.<\/div>\n\t\t\t\t\t<\/div>\n\t<\/div>\n<\/section>\n<\/div>\n\n<div class=\"lazyblock-latest-news-Z24Txar wp-block-lazyblock-latest-news\">\n<section class=\"latest-news\">\n\t<div class=\"l-container\">\n\t\t<div class=\"latest-news__intro\">\n\t\t\t<h2>V\u00e4rskemad uudised<\/h2>\n\t\t\t\t\t\t\t\t\t\t<a href=\"https:\/\/finorabank.eu\/uudised\/\">Vaata k\u00f5iki uudiseid<\/a>\n\t\t\t\t\t<\/div>\n\n\t\t<div class=\"latest-news__list\">\n\n\t\t\t\n<article id=\"post-11006\" class=\"news post-11006 post type-post status-publish format-standard has-post-thumbnail hentry category-uudised\">\n\t<a href=\"https:\/\/finorabank.eu\/et\/uudised\/kristi-horrak-vaikeettevote-finantsjuhtimine-aastal-2025-on-nagu-3d-malemang-kuidas-voita\/\">\n\t\t<div class=\"news__thumbnail\">\n\t\t\t<img decoding=\"async\" src=\"https:\/\/finorabank.eu\/wp-content\/uploads\/2025\/06\/Kristi-Horrak-740x504.png\" alt=\"\">\n\t\t<\/div>\n\t\t<h3 class=\"news__title\">Kristi H\u00f5rrak: V\u00e4ikeettev\u00f5te finantsjuhtimine aastal 2025 on nagu 3D-malem\u00e4ng. Kuidas v\u00f5ita?<\/h3>\n\t\t<p class=\"news__excerpt\">J\u00e4tkuv hinnat\u00f5us, kogu majandustegevuse digitaalne l\u00e4bivalgustamine ning avaliku sektori hiigelinvesteeringud \u00fcksikutesse valdkondadesse muudavad Eesti v\u00e4ikeettev\u00f5tja elu l\u00e4hitulevikus keeruliseks, kuid oma raha teadliku juhtimisega on v\u00f5imalik ohte v\u00e4ltida ning v\u00f5imalusi \u00e4ra kasutada, annab&hellip;<\/p>\n\t\t<span class=\"news__link arrow-link\"><span>Loe artiklit<\/span><\/span>\n\t<\/a>\n<\/article><!-- #post-11006 -->\n<article id=\"post-10704\" class=\"news post-10704 post type-post status-publish format-standard has-post-thumbnail hentry category-blogi category-uudised\">\n\t<a href=\"https:\/\/finorabank.eu\/et\/uudised\/ettevotja-voimalused-paranevad-finora-pank-alustab-koostood-vaikelaenajatega-et-iga-eesti-ari-saaks-kiire-ja-paindliku-rahastuse\/\">\n\t\t<div class=\"news__thumbnail\">\n\t\t\t<img decoding=\"async\" src=\"https:\/\/finorabank.eu\/wp-content\/uploads\/2025\/07\/Untitled-design-16-740x504.png\" alt=\"\">\n\t\t<\/div>\n\t\t<h3 class=\"news__title\">Ettev\u00f5tja v\u00f5imalused paranevad: Finora Pank alustab koost\u00f6\u00f6d v\u00e4ikelaenajatega, et iga Eesti \u00e4ri saaks kiire ja paindliku rahastuse<\/h3>\n\t\t<p class=\"news__excerpt\">Finora Pank alustas strateegilist koost\u00f6\u00f6d v\u00e4iksemate \u00e4rilaenude pakkujatega, v\u00f5imaldades seel\u00e4bi paindlikku kapitali nii mikroettev\u00f5tetele, kasvavatele v\u00e4ikefirmadele kui juba tugevatele keskmise suurusega \u00e4ridele. Laienenud on rahastuse alam- ja \u00fclempiir ning kordades v\u00e4henenud tagatise&hellip;<\/p>\n\t\t<span class=\"news__link arrow-link\"><span>Loe artiklit<\/span><\/span>\n\t<\/a>\n<\/article><!-- #post-10704 -->\n<article id=\"post-10596\" class=\"news post-10596 post type-post status-publish format-standard has-post-thumbnail hentry category-uudised\">\n\t<a href=\"https:\/\/finorabank.eu\/et\/uudised\/koos-maailmakorraga-rapub-ka-eesti-pangaturg-ja-ettevotjale-muutub-seis-aina-paremaks\/\">\n\t\t<div class=\"news__thumbnail\">\n\t\t\t<img decoding=\"async\" src=\"https:\/\/finorabank.eu\/wp-content\/uploads\/2025\/06\/Kristi-Horrak-740x504.png\" alt=\"\">\n\t\t<\/div>\n\t\t<h3 class=\"news__title\">Koos maailmakorraga rapub ka Eesti pangaturg \u2013 ja ettev\u00f5tjale muutub seis aina paremaks<\/h3>\n\t\t<p class=\"news__excerpt\">\u00c4raspidisel moel on globaalne finantskuritegevus ning geopoliitilised pinged aidanud kaasa Eesti pangaturu elavnemisele, sest kaitseks loodud euroreeglid v\u00e4hendavad suurpankade paindlikkust, luues v\u00f5imalusi kodumaistele spetsiaalpankadele, selgitab Finora Panga finantsdirektor Kristi H\u00f5rrak. Eestis tegutsevad&hellip;<\/p>\n\t\t<span class=\"news__link arrow-link\"><span>Loe artiklit<\/span><\/span>\n\t<\/a>\n<\/article><!-- #post-10596 -->\t\t<\/div>\n\t<\/div>\n<\/section><\/div>","protected":false},"excerpt":{"rendered":"","protected":false},"author":1,"featured_media":1162,"parent":0,"menu_order":0,"comment_status":"closed","ping_status":"closed","template":"","meta":{"_acf_changed":false,"footnotes":""},"class_list":["post-29","page","type-page","status-publish","has-post-thumbnail","hentry"],"acf":[],"_links":{"self":[{"href":"https:\/\/finorabank.eu\/et\/wp-json\/wp\/v2\/pages\/29","targetHints":{"allow":["GET"]}}],"collection":[{"href":"https:\/\/finorabank.eu\/et\/wp-json\/wp\/v2\/pages"}],"about":[{"href":"https:\/\/finorabank.eu\/et\/wp-json\/wp\/v2\/types\/page"}],"author":[{"embeddable":true,"href":"https:\/\/finorabank.eu\/et\/wp-json\/wp\/v2\/users\/1"}],"replies":[{"embeddable":true,"href":"https:\/\/finorabank.eu\/et\/wp-json\/wp\/v2\/comments?post=29"}],"version-history":[{"count":80,"href":"https:\/\/finorabank.eu\/et\/wp-json\/wp\/v2\/pages\/29\/revisions"}],"predecessor-version":[{"id":10714,"href":"https:\/\/finorabank.eu\/et\/wp-json\/wp\/v2\/pages\/29\/revisions\/10714"}],"wp:featuredmedia":[{"embeddable":true,"href":"https:\/\/finorabank.eu\/et\/wp-json\/wp\/v2\/media\/1162"}],"wp:attachment":[{"href":"https:\/\/finorabank.eu\/et\/wp-json\/wp\/v2\/media?parent=29"}],"curies":[{"name":"wp","href":"https:\/\/api.w.org\/{rel}","templated":true}]}}