{"id":3327,"date":"2023-03-20T16:17:03","date_gmt":"2023-03-20T14:17:03","guid":{"rendered":"https:\/\/finorabank.eu\/?page_id=3327"},"modified":"2023-03-20T16:17:04","modified_gmt":"2023-03-20T14:17:04","slug":"politically-exposed-person","status":"publish","type":"page","link":"https:\/\/finorabank.eu\/et\/politically-exposed-person\/","title":{"rendered":"Riikliku taustaga isik"},"content":{"rendered":"\n<p><strong>Riikliku taustaga isik<\/strong> k\u00e4esoleva seaduse t\u00e4henduses on f\u00fc\u00fcsiline isik, kes t\u00e4idab v\u00f5i on t\u00e4itnud avaliku v\u00f5imu olulisi \u00fclesandeid ja kelle suhtes j\u00e4tkuvalt esinevad sellega seotud riskid.<\/p>\n\n\n\n<p><strong>Avaliku v\u00f5imu<\/strong> oluliste \u00fclesannete t\u00e4itjateks loetakse v\u00e4hemalt:<br>A)&nbsp;riigipea v\u00f5i valitsusjuht;<br>B)&nbsp;minister, ase- v\u00f5i abiminister;<br>C)&nbsp;seadusandliku kogu liige;<br>D)&nbsp;erakonna juhtorgani liige;<br>E)&nbsp;riigi k\u00f5rgeima kohtu kohtunik;<br>F)&nbsp;riigikontrol\u00f6r v\u00f5i keskpanga n\u00f5ukogu v\u00f5i juhatuse liige;<br>G)&nbsp;\u00f5iguskantsler;<br>H)&nbsp;suursaadik, saadik v\u00f5i asjur;<br>I)&nbsp;kaitsej\u00f5udude k\u00f5rgem ohvitser;<br>J)&nbsp;riigi valitseva m\u00f5ju all oleva \u00e4ri\u00fchingu juhatuse ja haldus- v\u00f5i j\u00e4relevalveorgani liige;<br>K)&nbsp;rahvusvahelise organisatsiooni juht, juhi aset\u00e4itja ja juhtorgani liige.<\/p>\n\n\n\n<p>L) S\u00f5ltumata k\u00e4esoleva paragrahvi l\u00f5ikes 2 s\u00e4testatust, ei loeta riikliku taustaga isikuks kesk- ja alamastme ametnikke.<\/p>\n\n\n\n<p>(M) Riikliku taustaga isikuks loetakse ka isik, keda vastavalt Euroopa Komisjoni avaldatud loetelule peab avaliku v\u00f5imu oluliste \u00fclesannete t\u00e4itjaks Euroopa Liidu liikmesriik, Euroopa Komisjon v\u00f5i Euroopa Liidu territooriumil akrediteeritud rahvusvaheline organisatsioon.<\/p>\n\n\n\n<p>&nbsp;<strong>Riikliku taustaga isiku pereliige<\/strong> k\u00e4esoleva seaduse t\u00e4henduses on tema:<br>&nbsp;1)&nbsp;abikaasa v\u00f5i abikaasaga samav\u00e4\u00e4rseks peetav isik;<br>&nbsp;2)&nbsp;vanem;<br>&nbsp;3)&nbsp;laps;<br>&nbsp;4)&nbsp;lapse abikaasa v\u00f5i abikaasaga samav\u00e4\u00e4rseks peetav isik.<\/p>\n\n\n\n<p><strong>Riikliku taustaga isiku l\u00e4hedaseks kaast\u00f6\u00f6tajaks <\/strong>peetav isik k\u00e4esoleva seaduse t\u00e4henduses on f\u00fc\u00fcsiline isik, kelle kohta on teada, et:<br>1)&nbsp;ta on juriidilise isiku v\u00f5i usaldushalduse tegelik kasusaaja koos riikliku taustaga isikuga;<br>2)&nbsp;tal on l\u00e4hedased \u00e4risuhted riikliku taustaga isikuga;<br>3)&nbsp;ta on riikliku taustaga isiku huvides loodud juriidilise isiku v\u00f5i usaldushalduse tegelik kasusaaja.<\/p>\n","protected":false},"excerpt":{"rendered":"<p>Riikliku taustaga isik k\u00e4esoleva seaduse t\u00e4henduses on f\u00fc\u00fcsiline isik, kes t\u00e4idab v\u00f5i on t\u00e4itnud avaliku v\u00f5imu olulisi \u00fclesandeid ja kelle suhtes j\u00e4tkuvalt esinevad sellega seotud riskid. Avaliku v\u00f5imu oluliste \u00fclesannete t\u00e4itjateks loetakse v\u00e4hemalt:A)&nbsp;riigipea v\u00f5i valitsusjuht;B)&nbsp;minister, ase- v\u00f5i abiminister;C)&nbsp;seadusandliku kogu liige;D)&nbsp;erakonna juhtorgani liige;E)&nbsp;riigi k\u00f5rgeima kohtu kohtunik;F)&nbsp;riigikontrol\u00f6r v\u00f5i keskpanga n\u00f5ukogu v\u00f5i juhatuse liige;G)&nbsp;\u00f5iguskantsler;H)&nbsp;suursaadik, saadik v\u00f5i asjur;I)&nbsp;kaitsej\u00f5udude k\u00f5rgem ohvitser;J)&nbsp;riigi valitseva m\u00f5ju all oleva \u00e4ri\u00fchingu juhatuse ja haldus- v\u00f5i j\u00e4relevalveorgani liige;K)&nbsp;rahvusvahelise organisatsiooni juht, juhi aset\u00e4itja ja juhtorgani liige. L) S\u00f5ltumata k\u00e4esoleva paragrahvi l\u00f5ikes 2 s\u00e4testatust, ei loeta riikliku taustaga isikuks kesk- ja alamastme ametnikke. (M) Riikliku taustaga isikuks loetakse ka isik, keda vastavalt Euroopa [&hellip;]<\/p>\n","protected":false},"author":1,"featured_media":0,"parent":0,"menu_order":0,"comment_status":"closed","ping_status":"closed","template":"template-terms.php","meta":{"_acf_changed":false,"footnotes":""},"class_list":["post-3327","page","type-page","status-publish","hentry"],"acf":[],"_links":{"self":[{"href":"https:\/\/finorabank.eu\/et\/wp-json\/wp\/v2\/pages\/3327","targetHints":{"allow":["GET"]}}],"collection":[{"href":"https:\/\/finorabank.eu\/et\/wp-json\/wp\/v2\/pages"}],"about":[{"href":"https:\/\/finorabank.eu\/et\/wp-json\/wp\/v2\/types\/page"}],"author":[{"embeddable":true,"href":"https:\/\/finorabank.eu\/et\/wp-json\/wp\/v2\/users\/1"}],"replies":[{"embeddable":true,"href":"https:\/\/finorabank.eu\/et\/wp-json\/wp\/v2\/comments?post=3327"}],"version-history":[{"count":1,"href":"https:\/\/finorabank.eu\/et\/wp-json\/wp\/v2\/pages\/3327\/revisions"}],"predecessor-version":[{"id":3328,"href":"https:\/\/finorabank.eu\/et\/wp-json\/wp\/v2\/pages\/3327\/revisions\/3328"}],"wp:attachment":[{"href":"https:\/\/finorabank.eu\/et\/wp-json\/wp\/v2\/media?parent=3327"}],"curies":[{"name":"wp","href":"https:\/\/api.w.org\/{rel}","templated":true}]}}