{"id":415,"date":"2022-08-21T20:04:07","date_gmt":"2022-08-21T18:04:07","guid":{"rendered":"https:\/\/finorabank.eu\/?page_id=415"},"modified":"2024-12-02T12:56:05","modified_gmt":"2024-12-02T10:56:05","slug":"hinnakiri","status":"publish","type":"page","link":"https:\/\/finorabank.eu\/et\/hinnakiri\/","title":{"rendered":"Hinnakiri"},"content":{"rendered":"\n<p>Finora Bank UAB hinnakiri*<br>Hinnakiri kehtib alates 1. juulist 2024.<\/p>\n\n\n\n<h2 class=\"wp-block-heading\">Laenulepinguga seotud tasud<\/h2>\n\n\n\n<figure class=\"wp-block-table\"><table><tbody><tr><td>Krediidilepingu tasu<\/td><td>1,5%-2% laenusummast (v\u00e4hemalt 500 \u20ac) \u00e4rilaenude, faktooringu ja liisingu puhul.<\/td><\/tr><tr><td>Tagatisega krediidilepingu tasu<\/td><td>1% laenusummast (v\u00e4hemalt 200 \u20ac).<\/td><\/tr><tr><td>Lepingu muutmise tasu<\/td><td>2% laenusummast (v\u00e4hemalt 500 \u20ac).<\/td><\/tr><tr><td>Ennet\u00e4htaegse l\u00f5petamise tasu<\/td><td>1% (v\u00e4hemalt 200 \u20ac).<\/td><\/tr><tr><td>Ennet\u00e4htaegse l\u00f5petamise tasu<br>(refinantseerimisel)<\/td><td>3% (v\u00e4hemalt 500 \u20ac).<\/td><\/tr><tr><td>Trahvid (hilinenud<br>finantsaruanded, kindlustus,<br>kasutust\u00f5end, KYC uuendamine)<\/td><td>1% laenusummast (v\u00e4hemalt 500 \u20ac).<\/td><\/tr><tr><td>Viivistasu<\/td><td>0,20% v\u00f5lgnetavast summast (p\u00e4evas).<\/td><\/tr><\/tbody><\/table><\/figure>\n\n\n\n<h2 class=\"wp-block-heading\">Muud tasud<\/h2>\n\n\n\n<figure class=\"wp-block-table\"><table><tbody><tr><td>Makset\u00e4htaja muutmine<\/td><td>Esimene kord tasuta. Edaspidi 100 \u20ac.<\/td><\/tr><tr><td>Ostja vahetamine<\/td><td>50 \u20ac.<\/td><\/tr><tr><td>T\u00e4iendava ostja lisamine<\/td><td>50 \u20ac.<\/td><\/tr><tr><td>T\u00f5endid ja load<\/td><td>Juhatuse liikmetelt: 50 \u20ac; <br>Kollegiaalselt organilt: 500 \u20ac.<\/td><\/tr><\/tbody><\/table><\/figure>\n\n\n\n<h2 class=\"wp-block-heading\">Muud lepinguga kaasnevad kulud<\/h2>\n\n\n\n<figure class=\"wp-block-table\"><table><tbody><tr><td>Laenu v\u00f5tmisega v\u00f5ivad kaasneda ka kindlustuskulud ja h\u00fcpoteegi seadmise kulud, mille suurus s\u00f5ltub vastava teenusepakkuja hinnakirjast ja riigi poolt s\u00e4testatud l\u00f5ivudest. Nende suurus ei s\u00f5ltu Finora Bank UABst.<\/td><\/tr><\/tbody><\/table><\/figure>\n\n\n\n<h4 class=\"wp-block-heading\">Arhiiv<\/h4>\n\n\n\n<ul class=\"wp-block-list\">\n<li><strong><a href=\"https:\/\/finorabank.eu\/wp-content\/uploads\/2024\/07\/Pricelist-vadid-up-to-07.01.2024-Lithunian.pdf\" data-type=\"link\" data-id=\"https:\/\/finorabank.eu\/wp-content\/uploads\/2024\/07\/Pricelist-vadid-up-to-07.01.2024-Lithunian.pdf\" target=\"_blank\" rel=\"noreferrer noopener\">Hinnakiri Leedus registreeritud ettev\u00f5tetele (Hinnakirjad kehtivad kuni 01.07.2024.)<\/a><\/strong>.<\/li>\n\n\n\n<li><strong><a href=\"https:\/\/finorabank.eu\/wp-content\/uploads\/2024\/07\/Pricelist-vadit-up-to-01.07.20124.-Estonian.pdf\" data-type=\"link\" data-id=\"https:\/\/finorabank.eu\/wp-content\/uploads\/2024\/07\/Pricelist-vadit-up-to-01.07.20124.-Estonian.pdf\" target=\"_blank\" rel=\"noreferrer noopener\">Hinnakiri Eestis registreeritud ettev\u00f5tetele (Hinnakirjad kehtivad kuni 01.07.2024.)<\/a><\/strong>.<\/li>\n<\/ul>\n","protected":false},"excerpt":{"rendered":"<p>Finora Bank UAB hinnakiri*Hinnakiri kehtib alates 1. juulist 2024. Laenulepinguga seotud tasud Krediidilepingu tasu 1,5%-2% laenusummast (v\u00e4hemalt 500 \u20ac) \u00e4rilaenude, faktooringu ja liisingu puhul. Tagatisega krediidilepingu tasu 1% laenusummast (v\u00e4hemalt 200 \u20ac). Lepingu muutmise tasu 2% laenusummast (v\u00e4hemalt 500 \u20ac). Ennet\u00e4htaegse l\u00f5petamise tasu 1% (v\u00e4hemalt 200 \u20ac). Ennet\u00e4htaegse l\u00f5petamise tasu(refinantseerimisel) 3% (v\u00e4hemalt 500 \u20ac). Trahvid (hilinenudfinantsaruanded, kindlustus,kasutust\u00f5end, KYC uuendamine) 1% laenusummast (v\u00e4hemalt 500 \u20ac). Viivistasu 0,20% v\u00f5lgnetavast summast (p\u00e4evas). Muud tasud Makset\u00e4htaja muutmine Esimene kord tasuta. Edaspidi 100 \u20ac. Ostja vahetamine 50 \u20ac. T\u00e4iendava ostja lisamine 50 \u20ac. T\u00f5endid ja load Juhatuse liikmetelt: 50 \u20ac; Kollegiaalselt organilt: 500 \u20ac. Muud [&hellip;]<\/p>\n","protected":false},"author":1,"featured_media":0,"parent":0,"menu_order":0,"comment_status":"closed","ping_status":"closed","template":"template-terms.php","meta":{"_acf_changed":false,"footnotes":""},"class_list":["post-415","page","type-page","status-publish","hentry"],"acf":[],"_links":{"self":[{"href":"https:\/\/finorabank.eu\/et\/wp-json\/wp\/v2\/pages\/415","targetHints":{"allow":["GET"]}}],"collection":[{"href":"https:\/\/finorabank.eu\/et\/wp-json\/wp\/v2\/pages"}],"about":[{"href":"https:\/\/finorabank.eu\/et\/wp-json\/wp\/v2\/types\/page"}],"author":[{"embeddable":true,"href":"https:\/\/finorabank.eu\/et\/wp-json\/wp\/v2\/users\/1"}],"replies":[{"embeddable":true,"href":"https:\/\/finorabank.eu\/et\/wp-json\/wp\/v2\/comments?post=415"}],"version-history":[{"count":10,"href":"https:\/\/finorabank.eu\/et\/wp-json\/wp\/v2\/pages\/415\/revisions"}],"predecessor-version":[{"id":9227,"href":"https:\/\/finorabank.eu\/et\/wp-json\/wp\/v2\/pages\/415\/revisions\/9227"}],"wp:attachment":[{"href":"https:\/\/finorabank.eu\/et\/wp-json\/wp\/v2\/media?parent=415"}],"curies":[{"name":"wp","href":"https:\/\/api.w.org\/{rel}","templated":true}]}}