{"id":1389,"date":"2022-08-21T20:04:07","date_gmt":"2022-08-21T18:04:07","guid":{"rendered":"https:\/\/finorabank.eu\/hinnakiri\/"},"modified":"2025-04-11T13:30:01","modified_gmt":"2025-04-11T11:30:01","slug":"kainorastis","status":"publish","type":"page","link":"https:\/\/finorabank.eu\/lt\/kainorastis\/","title":{"rendered":"Kainora\u0161tis"},"content":{"rendered":"\n<p>Finora Bank UAB kainora\u0161tis*&nbsp;(galioja nuo 01.07.2024)<\/p>\n\n\n\n<h2 class=\"wp-block-heading\"><strong>Su&nbsp;finansavimo sutartimi susij\u0119 mokes\u010diai<\/strong><\/h2>\n\n\n\n<figure class=\"wp-block-table\"><table><tbody><tr><td>Sutarties sudarymo mokestis<\/td><td>nuo 2% paskolos sumos (ne ma\u017eiau kaip 500 \u20ac), verslo paskoloms, faktoringui, lizingui.&nbsp;<\/td><\/tr><tr><td>Pal\u016bkanos&nbsp;<\/td><td>pagal susitarim\u0105.&nbsp;<\/td><\/tr><tr><td>Sutarties keitimo mokestis&nbsp;<\/td><td>2% nuo paskolos sumos (ne ma\u017eiau kaip 500 \u20ac).&nbsp;<\/td><\/tr><tr><td>Kredito gr\u0105\u017einimas anks\u010diau nustatyto termino (savomis l\u0117\u0161omis) &nbsp;<\/td><td>1% (ne ma\u017eiau kaip 200 \u20ac).&nbsp;<\/td><\/tr><tr><td>Kredito gr\u0105\u017einimas anks\u010diau nustatyto termino (refinansavimas) &nbsp;<\/td><td>3% (ne ma\u017eiau kaip 500 \u20ac).&nbsp;<\/td><\/tr><tr><td>V\u0117lavimai pateikti finansinius dokumentus, draudimo pa\u017eymas; KYC atnaujinimai)\u00a0<\/td><td>1% nuo paskolos sumos (ne ma\u017eiau kaip 500 \u20ac).<\/td><\/tr><tr><td>Kompensuojamosios pal\u016bkanos<\/td><td>0,20% nuo pradelstos sumos (u\u017e kiekvien\u0105 dien\u0105).<\/td><\/tr><\/tbody><\/table><\/figure>\n\n\n\n<p><em>*Pasikeitus \u012fstatymams ar mokestiniams reikalavimams Finora Bank UAB pasilieka teis\u0119 viena\u0161ali\u0161kais keisti numatytus mokes\u010dius ar skai\u010diuoti privalomus papildomus mokes\u010dius jei to reikalauja \u012fstatymai.<\/em><\/p>\n\n\n\n<p><\/p>\n\n\n\n<h4 class=\"wp-block-heading\"><strong>Archyvas<\/strong><\/h4>\n\n\n\n<ul class=\"wp-block-list\">\n<li><a href=\"https:\/\/finorabank.eu\/wp-content\/uploads\/2024\/07\/Pricelist-vadid-up-to-07.01.2024-Lithunian.pdf\" target=\"_blank\" rel=\"noreferrer noopener\"><strong>Kainora\u0161tis Lietuvoje registruotoms \u012fmon\u0117ms<\/strong> (galiojo iki 01.07.2024).&nbsp;&nbsp;<\/a><\/li>\n<\/ul>\n\n\n\n<ul class=\"wp-block-list\">\n<li><a href=\"https:\/\/finorabank.eu\/wp-content\/uploads\/2024\/07\/Pricelist-vadit-up-to-01.07.20124.-Estonian.pdf\" data-type=\"link\" data-id=\"https:\/\/finorabank.eu\/wp-content\/uploads\/2024\/07\/Pricelist-vadit-up-to-01.07.20124.-Estonian.pdf\" target=\"_blank\" rel=\"noreferrer noopener\"><strong>Kainora\u0161tis Estijoje registruotoms \u012fmon\u0117ms<\/strong> (galiojo iki 01.07.2024)<\/a>.<\/li>\n<\/ul>\n","protected":false},"excerpt":{"rendered":"<p>Finora Bank UAB kainora\u0161tis*&nbsp;(galioja nuo 01.07.2024) Su&nbsp;finansavimo sutartimi susij\u0119 mokes\u010diai Sutarties sudarymo mokestis nuo 2% paskolos sumos (ne ma\u017eiau kaip 500 \u20ac), verslo paskoloms, faktoringui, lizingui.&nbsp; Pal\u016bkanos&nbsp; pagal susitarim\u0105.&nbsp; Sutarties keitimo mokestis&nbsp; 2% nuo paskolos sumos (ne ma\u017eiau kaip 500 \u20ac).&nbsp; Kredito gr\u0105\u017einimas anks\u010diau nustatyto termino (savomis l\u0117\u0161omis) &nbsp; 1% (ne ma\u017eiau kaip 200 \u20ac).&nbsp; Kredito gr\u0105\u017einimas anks\u010diau nustatyto termino (refinansavimas) &nbsp; 3% (ne ma\u017eiau kaip 500 \u20ac).&nbsp; V\u0117lavimai pateikti finansinius dokumentus, draudimo pa\u017eymas; KYC atnaujinimai)\u00a0 1% nuo paskolos sumos (ne ma\u017eiau kaip 500 \u20ac). Kompensuojamosios pal\u016bkanos 0,20% nuo pradelstos sumos (u\u017e kiekvien\u0105 dien\u0105). *Pasikeitus \u012fstatymams ar mokestiniams reikalavimams Finora [&hellip;]<\/p>\n","protected":false},"author":1,"featured_media":0,"parent":0,"menu_order":0,"comment_status":"closed","ping_status":"closed","template":"template-terms.php","meta":{"_acf_changed":false,"footnotes":""},"class_list":["post-1389","page","type-page","status-publish","hentry"],"acf":[],"_links":{"self":[{"href":"https:\/\/finorabank.eu\/lt\/wp-json\/wp\/v2\/pages\/1389","targetHints":{"allow":["GET"]}}],"collection":[{"href":"https:\/\/finorabank.eu\/lt\/wp-json\/wp\/v2\/pages"}],"about":[{"href":"https:\/\/finorabank.eu\/lt\/wp-json\/wp\/v2\/types\/page"}],"author":[{"embeddable":true,"href":"https:\/\/finorabank.eu\/lt\/wp-json\/wp\/v2\/users\/1"}],"replies":[{"embeddable":true,"href":"https:\/\/finorabank.eu\/lt\/wp-json\/wp\/v2\/comments?post=1389"}],"version-history":[{"count":9,"href":"https:\/\/finorabank.eu\/lt\/wp-json\/wp\/v2\/pages\/1389\/revisions"}],"predecessor-version":[{"id":10136,"href":"https:\/\/finorabank.eu\/lt\/wp-json\/wp\/v2\/pages\/1389\/revisions\/10136"}],"wp:attachment":[{"href":"https:\/\/finorabank.eu\/lt\/wp-json\/wp\/v2\/media?parent=1389"}],"curies":[{"name":"wp","href":"https:\/\/api.w.org\/{rel}","templated":true}]}}