{"id":1956,"date":"2022-11-04T17:53:20","date_gmt":"2022-11-04T15:53:20","guid":{"rendered":"https:\/\/finorabank.eu\/join-us\/"},"modified":"2025-07-21T09:34:32","modified_gmt":"2025-07-21T07:34:32","slug":"prisijunk-prie-musu","status":"publish","type":"page","link":"https:\/\/finorabank.eu\/lt\/prisijunk-prie-musu\/","title":{"rendered":"Prisijunk prie m\u016bs\u0173"},"content":{"rendered":"<div class=\"lazyblock-hero-Z2ly82w wp-block-lazyblock-hero\">\n<section class=\"hero\">\n\t<div class=\"l-container\">\n\t\t<div class=\"hero__content\">\n\t\t\t<h1>Prisijunk prie m\u016bs\u0173<\/h1>\t\t\t\t\t\t\t\t\t\t<a href=\"#joblist\" class=\"btn hero__cta smooth-scroll\"><span>Per\u017ei\u016br\u0117kite m\u016bs\u0173 atviras pozicijas<\/span><\/a>\n\t\t\t\t\t<\/div>\n\t\t\t\t\t<div class=\"hero__image\">\n\t\t\t\t<img decoding=\"async\" src=\"https:\/\/finorabank.eu\/wp-content\/uploads\/2025\/07\/Picture4-1.jpg\" alt=\"\">\n\t\t\t<\/div>\n\t\t\t<\/div>\n<\/section><\/div>\n\n<div class=\"lazyblock-job-list-1um6Om wp-block-lazyblock-job-list\">\n\n\t<script type=\"text\/javascript\">\n\t\tvar jobData = {\n\t\t\tstrings: {\"all\":\"Visi\",\"view\":\"Pa\\u017ei\\u016br\\u0117ti daugiau\",\"location\":\"Vieta\",\"deadline\":\"Galioja iki\"},\n\t\t\titems: [{\"id\":11998,\"title\":\"Chief Operating Officer\",\"link\":\"https:\\\/\\\/finorabank.eu\\\/lt\\\/jobad\\\/chief-operating-officer\\\/\",\"locations\":[\"Lietuva\"],\"deadline\":\"\"},{\"id\":12226,\"title\":\"Chief Risk Officer Deputy\",\"link\":\"https:\\\/\\\/finorabank.eu\\\/lt\\\/jobad\\\/chief-risk-officer-deputy\\\/\",\"locations\":[\"Lietuva\"],\"deadline\":\"\"},{\"id\":5722,\"title\":\"Client Relationship Manager\",\"link\":\"https:\\\/\\\/finorabank.eu\\\/lt\\\/jobad\\\/client-relationship-manager\\\/\",\"locations\":[\"Lietuva\"],\"deadline\":\"\"},{\"id\":12270,\"title\":\"Financial Reporting and Data Analyst\",\"link\":\"https:\\\/\\\/finorabank.eu\\\/lt\\\/jobad\\\/financial-reporting-data-analyst\\\/\",\"locations\":[\"Lietuva\"],\"deadline\":\"\"},{\"id\":12251,\"title\":\"Junior Lawyer\",\"link\":\"https:\\\/\\\/finorabank.eu\\\/lt\\\/jobad\\\/junior-lawyer\\\/\",\"locations\":[\"Lietuva\"],\"deadline\":\"\"},{\"id\":12253,\"title\":\"Marketing Communications Manager\",\"link\":\"https:\\\/\\\/finorabank.eu\\\/lt\\\/jobad\\\/marketing-communications-manager\\\/\",\"locations\":[\"Lietuva\"],\"deadline\":\"\"}]\t\t}\n\t<\/script>\n\n<div class=\"l-container l-container--med\">\n\t\t<div id=\"joblist\"><\/div>\n\t<script type=\"module\" crossorigin src=\"https:\/\/finorabank.eu\/wp-content\/themes\/finora\/job-ads\/dist\/assets\/index.js?v=1\"><\/script>\n    <link rel=\"modulepreload\" href=\"https:\/\/finorabank.eu\/wp-content\/themes\/finora\/job-ads\/dist\/assets\/vendor.js\">\n\t<\/div>\n<\/div>\n\n<div class=\"lazyblock-job-banner-ZgQCDl wp-block-lazyblock-job-banner\"><div class=\"l-container\">\n\t<section class=\"job-banner\" style=\"background-image:url(https:\/\/finorabank.eu\/wp-content\/uploads\/2022\/11\/video.png)\">\n\t\t<div class=\"job-banner__content\">\n\t\t\t<h3>Ar neradote jums patinkan\u010dio darbo pasi\u016blymo?<\/h3>\n\t\t\t<div class=\"job-banner__desc\">\n\t\t\t\tAtsi\u0173skite mums savo CV ir mes su Jumis susisieksime.\t\t\t<\/div>\n\t\t<\/div>\n\t\t<div class=\"job-banner__cta\">\n\t\t\t<a href=\"mailto:rasa.meskauskiene@finorabank.eu\" class=\"btn btn--color-3\">cv@finorabank.eu<\/a>\n\t\t<\/div>\n\t<\/section>\n<\/div>\n<\/div>","protected":false},"excerpt":{"rendered":"","protected":false},"author":1,"featured_media":0,"parent":0,"menu_order":0,"comment_status":"closed","ping_status":"closed","template":"","meta":{"_acf_changed":false,"footnotes":""},"class_list":["post-1956","page","type-page","status-publish","hentry"],"acf":[],"_links":{"self":[{"href":"https:\/\/finorabank.eu\/lt\/wp-json\/wp\/v2\/pages\/1956","targetHints":{"allow":["GET"]}}],"collection":[{"href":"https:\/\/finorabank.eu\/lt\/wp-json\/wp\/v2\/pages"}],"about":[{"href":"https:\/\/finorabank.eu\/lt\/wp-json\/wp\/v2\/types\/page"}],"author":[{"embeddable":true,"href":"https:\/\/finorabank.eu\/lt\/wp-json\/wp\/v2\/users\/1"}],"replies":[{"embeddable":true,"href":"https:\/\/finorabank.eu\/lt\/wp-json\/wp\/v2\/comments?post=1956"}],"version-history":[{"count":8,"href":"https:\/\/finorabank.eu\/lt\/wp-json\/wp\/v2\/pages\/1956\/revisions"}],"predecessor-version":[{"id":10795,"href":"https:\/\/finorabank.eu\/lt\/wp-json\/wp\/v2\/pages\/1956\/revisions\/10795"}],"wp:attachment":[{"href":"https:\/\/finorabank.eu\/lt\/wp-json\/wp\/v2\/media?parent=1956"}],"curies":[{"name":"wp","href":"https:\/\/api.w.org\/{rel}","templated":true}]}}