{"id":2393,"date":"2022-12-19T14:50:56","date_gmt":"2022-12-19T12:50:56","guid":{"rendered":"https:\/\/finorabank.eu\/?page_id=2393"},"modified":"2024-06-26T10:34:49","modified_gmt":"2024-06-26T08:34:49","slug":"indeliai_info-2","status":"publish","type":"page","link":"https:\/\/finorabank.eu\/lt\/indeliai_info-2\/","title":{"rendered":"Ind\u0117liai &#8211; informacija"},"content":{"rendered":"\n<h3 class=\"wp-block-heading\"><strong><strong>INFORMACIJA IND\u0116LININKUI<\/strong><\/strong><\/h3>\n\n\n\n<p>Detali informacija apie ind\u0117li\u0173 draudimo s\u0105lygas ir atvejus, kai ind\u0117liai n\u0117ra draud\u017eiami ir kai yra taikomi ind\u0117li\u0173 draudimo i\u0161mok\u0173 mok\u0117jimo apribojimai, pateikiama <em>V\u0161\u012e<\/em> \u201eInd\u0117li\u0173 ir investicij\u0173 draudimas\u201c interneto svetain\u0117je <a href=\"http:\/\/www.iidraudimas.lt\" data-type=\"URL\" data-id=\"www.iidraudimas.lt\" target=\"_blank\" rel=\"noreferrer noopener\">www.iidraudimas.lt<\/a>.<\/p>\n\n\n\n<h3 class=\"wp-block-heading\"><strong>Informacija ind\u0117lininkui<\/strong><\/h3>\n\n\n\n<figure class=\"wp-block-table\"><table><tbody><tr><td><strong><font style=\"vertical-align: inherit;\"><font style=\"vertical-align: inherit;\">Finora Bank UAB<\/font><\/font><\/strong><font style=\"vertical-align: inherit;\"><font style=\"vertical-align: inherit;\"> laikomi ind\u0117liai yra draud\u017eiami<\/font><\/font><\/td><td><font style=\"vertical-align: inherit;\"><font style=\"vertical-align: inherit;\">Vie\u0161oji \u012fstaiga \u201eInd\u0117li\u0173 ir investicij\u0173 draudimas\u201c<\/font><\/font><\/td><\/tr><tr><td><font style=\"vertical-align: inherit;\"><font style=\"vertical-align: inherit;\">PApsaugos riba<\/font><\/font><\/td><td>iki 100\u00a0000 eur\u0173 vienam ind\u0117lininkui u\u017e visus vienoje kredito \u012fstaigoje laikomus ind\u0117lius<sup>1<\/sup><\/td><\/tr><tr><td>Jeigu turite daugiau ind\u0117li\u0173 toje pa\u010dioje kredito \u012fstaigoje<\/td><td>visi j\u016bs\u0173 ind\u0117liai, laikomi toje pa\u010dioje kredito \u012fstaigoje, susumuojami ir bendrai sumai taikoma 100\u00a0000 eur\u0173 apsaugos riba<sup>1<\/sup><\/td><\/tr><tr><td>Jeigu turite bendr\u0105 s\u0105skait\u0105 su kitu (kitais) asmeniu (asmenimis)<\/td><td>100\u00a0000 eur\u0173 riba atskirai taikoma kiekvienam ind\u0117lininkui<sup>2<\/sup><\/td><\/tr><tr><td>Ind\u0117li\u0173 draudimo i\u0161mokos i\u0161mok\u0117jimo terminas, jeigu kredito \u012fstaiga nevykdo \u012fsipareigojim\u0173<\/td><td>7 darbo dienos<\/td><\/tr><tr><td>Ind\u0117li\u0173 draudimo i\u0161mokos i\u0161mok\u0117jimo valiuta<\/td><td>eurai<\/td><\/tr><tr><td>Kontaktiniai duomenys<\/td><td>Vie\u0161oji \u012fstaiga \u201eInd\u0117li\u0173\u0328 ir investicij\u0173\u0328 draudimas\u201c, \u00a0Savanori\u0173 pr. 5, LT03116 Vilnius, tel. +370 5 213 5657, el. pa\u0161tas <a href=\"mailto:idf@idf.lt\" target=\"_blank\" rel=\"noreferrer noopener\">idf@idf.lt<\/a><\/td><\/tr><tr><td>Daugiau informacijos<\/td><td><a href=\"http:\/\/www.iidraudimas.lt\" target=\"_blank\" rel=\"noreferrer noopener\">www.iidraudimas.lt<\/a><\/td><\/tr><\/tbody><\/table><\/figure>\n\n\n\n<h5 class=\"wp-block-heading\"><strong>Pastabos:<\/strong><\/h5>\n\n\n\n<p><sup>1<\/sup>Paai\u0161kinimas d\u0117l 2 ir 3 punktuose pateikiamos informacijos. Jeigu ind\u0117lis negr\u0105\u017einamas d\u0117l to, kad kredito \u012fstaiga nepaj\u0117gi \u012fvykdyti savo finansini\u0173 \u012fsipareigojim\u0173, ind\u0117lininkams draudimo \u012fmon\u0117 i\u0161moka ind\u0117li\u0173 draudimo i\u0161mokas. Did\u017eiausia ind\u0117li\u0173, laikom\u0173 vienoje kredito \u012fstaigoje, draudimo i\u0161mokos suma vienam ind\u0117lininkui yra 100\u00a0000 eur\u0173. Nustatant ind\u0117li\u0173 draudimo i\u0161mokos dyd\u012f, visi toje pa\u010dioje kredito \u012fstaigoje laikomi ind\u0117liai yra susumuojami. Pavyzd\u017eiui, jeigu ind\u0117lininkas turi taupom\u0105j\u0105 s\u0105skait\u0105, kurioje yra 90\u00a0000 eur\u0173, ir einam\u0105j\u0105 s\u0105skait\u0105, kurioje yra 20\u00a0000 eur\u0173, jam bus i\u0161mokama tik 100\u00a0000 eur\u0173 draudimo i\u0161moka.<\/p>\n\n\n\n<p>Tam tikrais atvejais (kai \u012f ind\u0117lininko s\u0105skait\u0105 ne anks\u010diau kaip prie\u0161 6 m\u0117nesius iki ind\u0117li\u0173 draud\u017eiamojo \u012fvykio dienos pervesti pinigai u\u017e parduot\u0105 ind\u0117lininkui nuosavyb\u0117s teise priklausius\u012f gyvenam\u0105j\u012f b\u016bst\u0105; ind\u0117lininko paveld\u0117ti pinigai pagal testament\u0105 arba pagal \u012fstatym\u0105; ind\u0117lininko kaip naudos gav\u0117jo pagal gyvyb\u0117s draudimo sutart\u012f ar jos esm\u0119 atitinkan\u010di\u0105 sutart\u012f mirties atveju gauti pinigai; ind\u0117lininko kaip kompensacija arba i\u0161moka \u012fstatym\u0173 nustatytais atvejais d\u0117l kito asmens \u017e\u016bties atliekant darbo ar tarnybines pareigas gauti pinigai; i\u0161mokos ar kompensacijos u\u017e smurtiniais nusikaltimais padaryt\u0105 \u017eal\u0105) ind\u0117liai apsaugomi didesne kaip 100&nbsp;000 eur\u0173 suma.<\/p>\n\n\n\n<p>Daugiau informacijos galima rasti interneto svetain\u0117je <a href=\"http:\/\/www.iidraudimas.lt.\" data-type=\"link\" data-id=\"www.iidraudimas.lt.\" target=\"_blank\" rel=\"noreferrer noopener\">www.<em>iidraudimas.lt<\/em>.<\/a><\/p>\n\n\n\n<p><sup><font style=\"vertical-align: inherit;\"><font style=\"vertical-align: inherit;\">2<\/font><\/font><\/sup><font style=\"vertical-align: inherit;\"><font style=\"vertical-align: inherit;\">Paai\u0161kinimas d\u0117l 4 punkte pateikiamos informacijos. Jeigu turite bendr\u0105 s\u0105skait\u0105 su kitu (kitais) asmeniu (asmenimis), 100\u00a0000 eur\u0173 apsaugos riba atskirai taikoma kiekvienam ind\u0117lio bendratur\u010diui.<\/font><\/font><\/p>\n\n\n\n<p><sup><font style=\"vertical-align: inherit;\"><font style=\"vertical-align: inherit;\">3<\/font><\/font><\/sup>Paai\u0161kinimas d\u0117l 5 punkte pateikiamos informacijos. Draudimo i\u0161mok\u0173 i\u0161mok\u0117jimas.<\/p>\n\n\n\n<p>Atsakinga u\u017e ind\u0117li\u0173 draudimo sistem\u0105 yra draudimo \u012fmon\u0117 (<em>\u012fra\u0161yti draudimo \u012fmon\u0117s pavadinim\u0105, adres\u0105, telefono, fakso numer\u012f, el. pa\u0161to adres\u0105<\/em>),interneto svetain\u0117 <a href=\"http:\/\/www.iidraudimas.lt\" data-type=\"link\" data-id=\"www.iidraudimas.lt\" target=\"_blank\" rel=\"noreferrer noopener\">www.<em>iidraudimas.lt<\/em><\/a>. Ji gr\u0105\u017eins j\u016bs\u0173 ind\u0117lius (iki 100\u00a0000 eur\u0173) ne v\u0117liau kaip per 7 darbo dienas.<\/p>\n\n\n\n<p>Jeigu per \u0161\u012f termin\u0105 draudimo i\u0161moka jums nebuvo i\u0161mok\u0117ta, tur\u0117tum\u0117te susisiekti su draudimo \u012fmone. Daugiau informacijos galima rasti interneto svetain\u0117je <a href=\"http:\/\/www.iidraudimas.lt\" data-type=\"link\" data-id=\"www.iidraudimas.lt\" target=\"_blank\" rel=\"noreferrer noopener\">www.<em>iidraudimas.lt<\/em>.<\/a><\/p>\n\n\n\n<h5 class=\"wp-block-heading\"><strong><font style=\"vertical-align: inherit;\"><font style=\"vertical-align: inherit;\">Kita svarbi informacija.<\/font><\/font><\/strong><\/h5>\n\n\n\n<p>I\u0161 principo visi ma\u017emenini\u0173 ind\u0117linink\u0173 ir \u012fmoni\u0173 ind\u0117liai yra apdrausti draudimo \u012fmon\u0117je.<\/p>\n\n\n\n<p>Tam tikriems ind\u0117liams taikomos i\u0161imtys yra nurodytos draudimo \u012fmon\u0117s interneto svetain\u0117je <em>iidraudimas.lt<\/em>. J\u016bs\u0173 papra\u0161yta kredito \u012fstaiga taip pat informuos jus, ar tam tikri produktai yra apdrausti. Jeigu ind\u0117liai apdrausti, kredito \u012fstaiga tai patvirtina ir s\u0105skaitos i\u0161ra\u0161e.<\/p>\n\n\n\n<h3 class=\"wp-block-heading\">INFORMACIJA APIE IND\u0116LI\u0172 DRAUDIM\u0104<\/h3>\n\n\n\n<p><font style=\"vertical-align: inherit;\"><font style=\"vertical-align: inherit;\">Pagrindin\u0117 informacija apie atvejus, kai ind\u0117liai n\u0117ra draud\u017eiami ir kai yra taikomi ind\u0117li\u0173 draudimo i\u0161mok\u0173 mok\u0117jimo apribojimai<\/font><\/font><\/p>\n\n\n\n<figure class=\"wp-block-table\"><table><tbody><tr><td><strong><font style=\"vertical-align: inherit;\"><font style=\"vertical-align: inherit;\">Finora Bank UAB<\/font><\/font><\/strong><font style=\"vertical-align: inherit;\"><font style=\"vertical-align: inherit;\"> laikomi ind\u0117liai yra draud\u017eiami<\/font><\/font><\/td><td><font style=\"vertical-align: inherit;\"><font style=\"vertical-align: inherit;\">Vie\u0161oji \u012fstaiga \u201eInd\u0117li\u0173 ir investicij\u0173 draudimas\u201c<\/font><\/font><\/td><\/tr><tr><td>Atvejai, kai ind\u0117liai n\u0117ra draud\u017eiami<\/td><td>Informuojama, kad pagal Lietuvos Respublikos ind\u0117li\u0173 ir \u012fsipareigojim\u0173 investuotojams draudimo \u012fstatymo 3 straipsnio 2 dal\u012f ind\u0117li\u0173 draudimo objektas n\u0117ra<strong> <\/strong>(nurodyt\u0173 subjekt\u0173 ind\u0117liai n\u0117ra ind\u0117li\u0173 draudimo objektas, neatsi\u017evelgiant \u012f tai, pagal kurios valstyb\u0117s teis\u0117s aktus \u0161ie subjektai yra \u012fsteigti)<strong>:<\/strong><br>1.1. kit\u0173 kredito \u012fstaig\u0173 ind\u0117liai, laikomi savo s\u0105skaita ir savo vardu;<br>1.2. \u00a0kredito \u012fstaigos nuosavos l\u0117\u0161os;<br>1.3. ind\u0117liai, d\u0117l kuri\u0173 priimtas apkaltinamasis nuosprendis baud\u017eiamojoje byloje d\u0117l pinig\u0173 plovimo;<br>1.4. finans\u0173 \u012fstaig\u0173 ind\u0117liai;<br>1.5. valdymo \u012fmoni\u0173 ind\u0117liai;<br>1.6. finans\u0173 maklerio \u012fmoni\u0173 ind\u0117liai;<br>1.7. ind\u0117liai, kuri\u0173 savinink\u0173 tapatyb\u0117 nenustatyta (anonimin\u0117se ir koduotose s\u0105skaitose laikomi ind\u0117liai);<br>1.8. draudimo \u012fmoni\u0173 ir perdraudimo \u012fmoni\u0173, kitose valstyb\u0117se nar\u0117se ir tre\u010diosiose valstyb\u0117se \u012fsteigt\u0173 draudimo \u012fmoni\u0173 ir perdraudimo \u012fmoni\u0173 ind\u0117liai;<br>1.9. kolektyvinio investavimo subjekt\u0173 ind\u0117liai;<br>1.10. pensij\u0173 fond\u0173 ind\u0117liai;<br>1.11. valstyb\u0117s ir savivaldybi\u0173 institucij\u0173 ir \u012fstaig\u0173, kaip jos apibr\u0117\u017etos Lietuvos Respublikos valstyb\u0117s tarnybos \u012fstatyme, ind\u0117liai, i\u0161skyrus toki\u0173 institucij\u0173 ir \u012fstaig\u0173 depozitin\u0117se s\u0105skaitose laikomas kitiems asmenims priklausan\u010dias l\u0117\u0161as;<br>1.12. Lietuvos banko ind\u0117liai;<br>1.13. paties ind\u0117li\u0173 draudimo sistemos dalyvio i\u0161leisti skolos vertybiniai popieriai ir \u012fsipareigojimai, susij\u0119 su jo akceptais ir paprastaisiais vekseliais;<br>1.14. elektroniniai pinigai ir i\u0161 elektronini\u0173 pinig\u0173 tur\u0117toj\u0173 mainams \u012f elektroninius pinigus gautos l\u0117\u0161os.<\/td><\/tr><tr><td>Atvejai, kai yra taikomi ind\u0117li\u0173 draudimo i\u0161mok\u0173 mok\u0117jimo apribojimai<\/td><td>Informuojama, kad pagal Ind\u0117li\u0173 ir \u012fsipareigojim\u0173 investuotojams draudimo \u012fstatymo 8 straipsn\u012f ind\u0117li\u0173 draudimo i\u0161mokos nemokamos:<br>2.1. u\u017e ind\u0117lius, l\u0117\u0161as, pinigus, vertybinius popierius ir \u012fsipareigojimus, kurie pagal Ind\u0117li\u0173 ir \u012fsipareigojim\u0173 investuotojams draudimo \u012fstatymo 3 straipsnio 2 dal\u012f n\u0117ra ind\u0117li\u0173 draudimo objektas;<br>2.2. ind\u0117lininkams u\u017e ind\u0117lius s\u0105skaitoje, kurioje per pastaruosius 24 m\u0117nesius iki ind\u0117li\u0173 draud\u017eiamojo \u012fvykio dienos n\u0117ra atlikta joki\u0173 su ind\u0117liu susijusi\u0173 operacij\u0173 ir laikomo ind\u0117lio suma yra ma\u017eesn\u0117 kaip 10 eur\u0173;<br>2.3. ind\u0117lininkams ar kitiems asmenims, kurie turi reikalavimo teis\u0119 \u012f ind\u0117li\u0173 draudimo i\u0161mok\u0105 ir kuriems d\u0117l j\u0173 laikom\u0173 kaip ind\u0117li\u0173 pinig\u0173 \u012fsigijimo teis\u0117tumo priimtas apkaltinamasis nuosprendis baud\u017eiamojoje byloje d\u0117l pinig\u0173 plovimo ir (ar) terorist\u0173 finansavimo.<\/td><\/tr><tr><td>Atvejai, kai ind\u0117li\u0173 draudimo i\u0161mokos i\u0161mok\u0117jimas atidedamas<\/td><td>Informuojama, kad pagal Ind\u0117li\u0173 ir \u012fsipareigojim\u0173 investuotojams draudimo \u012fstatymo 7 straipsnio 4 dal\u012f ind\u0117li\u0173 draudimo i\u0161mokos i\u0161mok\u0117jimas atidedamas, kai:<br>3.1. tr\u016bksta duomen\u0173, kuriais pagrind\u017eiama besikreipian\u010dio asmens teis\u0117 \u012f ind\u0117li\u0173 draudimo i\u0161mok\u0105, arba d\u0117l ind\u0117lio vyksta teisminis gin\u010das, \u2013 iki bus pateikti duomenys, kuriais pagrind\u017eiama teis\u0117 gauti ind\u0117li\u0173 draudimo i\u0161mok\u0105, arba \u012fsiteis\u0117s galutinis teismo sprendimas, kuriuo i\u0161sprend\u017eiamas gin\u010das d\u0117l ind\u0117lio;<br>3.2. \u012fstatym\u0173 nustatytais atvejais ir tvarka ind\u0117lininkui apribota teis\u0117 disponuoti ind\u0117liu, \u2013 iki apribojim\u0173 panaikinimo;<br>3.3. per pastaruosius 24 m\u0117nesius iki ind\u0117li\u0173 draud\u017eiamojo \u012fvykio dienos n\u0117ra atlikta joki\u0173 su ind\u0117liu susijusi\u0173 operacij\u0173, \u2013 iki 3 m\u0117nesi\u0173 nuo\u00a0ind\u0117li\u0173 draud\u017eiamojo \u012fvykio dienos;<br>3.4. draudimo \u012fmon\u0117 i\u0161 ind\u0117li\u0173 draudimo sistemos dalyvio gauna duomenis apie ind\u0117li\u0173 draudimo i\u0161mokos sum\u0105, kuri bus didesn\u0117 kaip 100\u00a0000 eur\u0173 d\u0117l Ind\u0117li\u0173 ir \u012fsipareigojim\u0173 investuotojams draudimo \u012fstatymo 4 straipsnio 2\u00a0dalyje nurodyt\u0173 prie\u017eas\u010di\u0173, sumai, vir\u0161ijan\u010diai 100\u00a0000 eur\u0173, \u2013 iki bus i\u0161siai\u0161kintos Ind\u0117li\u0173 ir \u012fsipareigojim\u0173 investuotojams draudimo \u012fstatymo 4 straipsnio 2 dalyje nurodytos sumos, bet ne ilgiau kaip 3 m\u0117nesiams nuo\u00a0ind\u0117li\u0173 draud\u017eiamojo \u012fvykio dienos;<br>3.5.\u00a0tinkamas drausti ind\u0117lis laikomas bendroje ar depozitin\u0117je s\u0105skaitoje,\u00a0\u2013\u00a0iki bus i\u0161siai\u0161kintos konkre\u010diam asmeniui bendroje ar\u00a0depozitin\u0117je s\u0105skaitoje\u00a0priklausan\u010dios sumos, bet ne ilgiau kaip 3 m\u0117nesiams nuo\u00a0ind\u0117li\u0173 draud\u017eiamojo \u012fvykio dienos;<br>3.6. ind\u0117li\u0173 draudimo i\u0161mokos mokamos Lietuvos Respublikoje \u012fsteigtos kredito \u012fstaigos priiman\u010diojoje valstyb\u0117je nar\u0117je \u012fsteigto filialo ind\u0117lininkams pagal Ind\u0117li\u0173 ir \u012fsipareigojim\u0173 investuotojams draudimo \u012fstatymo 7 straipsnio 7 dal\u012f, \u2013 iki priiman\u010diosios valstyb\u0117s nar\u0117s ind\u0117li\u0173 draudimo sistemos administratorius patvirtins, kad jis yra pasiruo\u0161\u0119s mok\u0117ti ind\u0117li\u0173 draudimo i\u0161mokas;<br>3.7. ind\u0117li\u0173 draudimo i\u0161mokos mokamos kitoje valstyb\u0117je nar\u0117je buvein\u0119 turin\u010dios kredito \u012fstaigos Lietuvos Respublikoje \u012fsteigto filialo ind\u0117lininkams pagal Ind\u0117li\u0173 ir \u012fsipareigojim\u0173 investuotojams draudimo \u012fstatymo 7 straipsnio 8 dal\u012f, \u2013 iki buvein\u0117s valstyb\u0117s nar\u0117s ind\u0117li\u0173 draudimo sistemos, kurios dalyv\u0117 yra kredito \u012fstaiga, \u012fsteigusi filial\u0105 Lietuvos Respublikoje, administratorius pateiks draudimo \u012fmonei duomenis, reikalingus draudimo i\u0161mokoms i\u0161mok\u0117ti, ir perves draudimo i\u0161mokoms i\u0161mok\u0117ti reikiam\u0105 l\u0117\u0161\u0173 sum\u0105;<br>3.8.\u00a0ind\u0117lininkui ar kitam asmeniui, kurie turi reikalavimo teis\u0119 \u012f ind\u0117li\u0173 draudimo i\u0161mok\u0105,\u00a0d\u0117l j\u0173 laikom\u0173 kaip ind\u0117li\u0173 pinig\u0173 \u012fsigijimo teis\u0117tumo pareik\u0161tas kaltinimas d\u0117l pinig\u0173 plovimo ir (ar) terorist\u0173 finansavimo,\u00a0\u2013\u00a0iki galutinio teismo sprendimo \u012fsiteis\u0117jimo dienos.<\/td><\/tr><tr><td>Kontaktiniai duomenys<\/td><td>Vie\u0161oji \u012fstaiga \u201eInd\u0117li\u0173\u0328 ir investicij\u0173\u0328 draudimas\u201c, &nbsp;Savanori\u0173 pr. 5, LT03116 Vilnius, tel. +370 5 213 5657, el. pa\u0161tas <a href=\"mailto:idf@idf.lt\" target=\"_blank\" rel=\"noreferrer noopener\">idf@idf.lt<\/a><\/td><\/tr><tr><td>Daugiau informacijos<\/td><td><a href=\"http:\/\/www.iidraudimas.lt\/\" target=\"_blank\" rel=\"noreferrer noopener\">www.iidraudimas.lt<\/a><\/td><\/tr><\/tbody><\/table><\/figure>\n\n\n\n<p><\/p>\n\n\n\n<p><a href=\"https:\/\/finorabank.eu\/wp-content\/uploads\/2024\/06\/Informacijos-indelininkui-teikimo-forma.pdf\" target=\"_blank\" rel=\"noreferrer noopener\">Atsisi\u0173sti informacijos apie ind\u0117li\u0173 draudim\u0105 form\u0105.<\/a><\/p>\n","protected":false},"excerpt":{"rendered":"<p>INFORMACIJA IND\u0116LININKUI Detali informacija apie ind\u0117li\u0173 draudimo s\u0105lygas ir atvejus, kai ind\u0117liai n\u0117ra draud\u017eiami ir kai yra taikomi ind\u0117li\u0173 draudimo i\u0161mok\u0173 mok\u0117jimo apribojimai, pateikiama V\u0161\u012e \u201eInd\u0117li\u0173 ir investicij\u0173 draudimas\u201c interneto svetain\u0117je www.iidraudimas.lt. Informacija ind\u0117lininkui Finora Bank UAB laikomi ind\u0117liai yra draud\u017eiami Vie\u0161oji \u012fstaiga \u201eInd\u0117li\u0173 ir investicij\u0173 draudimas\u201c PApsaugos riba iki 100\u00a0000 eur\u0173 vienam ind\u0117lininkui u\u017e visus vienoje kredito \u012fstaigoje laikomus ind\u0117lius1 Jeigu turite daugiau ind\u0117li\u0173 toje pa\u010dioje kredito \u012fstaigoje visi j\u016bs\u0173 ind\u0117liai, laikomi toje pa\u010dioje kredito \u012fstaigoje, susumuojami ir bendrai sumai taikoma 100\u00a0000 eur\u0173 apsaugos riba1 Jeigu turite bendr\u0105 s\u0105skait\u0105 su kitu (kitais) asmeniu (asmenimis) 100\u00a0000 eur\u0173 riba atskirai taikoma [&hellip;]<\/p>\n","protected":false},"author":6,"featured_media":0,"parent":0,"menu_order":0,"comment_status":"closed","ping_status":"closed","template":"template-terms.php","meta":{"_acf_changed":false,"footnotes":""},"class_list":["post-2393","page","type-page","status-publish","hentry"],"acf":[],"_links":{"self":[{"href":"https:\/\/finorabank.eu\/lt\/wp-json\/wp\/v2\/pages\/2393","targetHints":{"allow":["GET"]}}],"collection":[{"href":"https:\/\/finorabank.eu\/lt\/wp-json\/wp\/v2\/pages"}],"about":[{"href":"https:\/\/finorabank.eu\/lt\/wp-json\/wp\/v2\/types\/page"}],"author":[{"embeddable":true,"href":"https:\/\/finorabank.eu\/lt\/wp-json\/wp\/v2\/users\/6"}],"replies":[{"embeddable":true,"href":"https:\/\/finorabank.eu\/lt\/wp-json\/wp\/v2\/comments?post=2393"}],"version-history":[{"count":15,"href":"https:\/\/finorabank.eu\/lt\/wp-json\/wp\/v2\/pages\/2393\/revisions"}],"predecessor-version":[{"id":7409,"href":"https:\/\/finorabank.eu\/lt\/wp-json\/wp\/v2\/pages\/2393\/revisions\/7409"}],"wp:attachment":[{"href":"https:\/\/finorabank.eu\/lt\/wp-json\/wp\/v2\/media?parent=2393"}],"curies":[{"name":"wp","href":"https:\/\/api.w.org\/{rel}","templated":true}]}}