{"id":2648,"date":"2023-01-17T10:14:47","date_gmt":"2023-01-17T08:14:47","guid":{"rendered":"https:\/\/finorabank.eu\/?page_id=2648"},"modified":"2026-03-30T10:32:00","modified_gmt":"2026-03-30T08:32:00","slug":"paskola-su-invega","status":"publish","type":"page","link":"https:\/\/finorabank.eu\/lt\/paskola-su-invega\/","title":{"rendered":"Paskola su ILTE"},"content":{"rendered":"<div class=\"lazyblock-hero-sk5Ej wp-block-lazyblock-hero\">\n<section class=\"hero\">\n\t<div class=\"l-container\">\n\t\t<div class=\"hero__content\">\n\t\t\t<h1>Daugiau finansavimo galimybi\u0173 su ILTE <\/h1>\t\t\t\t\t\t\t<div class=\"hero__content-txt\"><p><b>Si\u016blome naudingas <a href=\"https:\/\/finorabank.eu\/lt\/2462\/\">ILTE<\/a> finansavimo programas J\u016bs\u0173 verslui:<\/b><\/p>\n<ul>\n<li><strong>Pal\u016bkan\u0173 kompensacija:<\/strong> susigr\u0105\u017einkite iki <strong>50 %<\/strong> sumok\u0117t\u0173 pal\u016bkan\u0173 (ne daugiau kaip <strong>7 %<\/strong> metini\u0173). D\u0117l kompensacijos reikia kreiptis per <strong>1 metus<\/strong>.<\/li>\n<\/ul>\n<p>&nbsp;<\/p>\n<ul>\n<li><strong>Paskolos garantija:<\/strong> ILTE suteikia <strong>80 %<\/strong> paskolos garantij\u0105 SVV \u012fmon\u0117ms, kai tr\u016bksta u\u017etikrinimo priemoni\u0173. Sprendim\u0105 d\u0117l finansavimo greitai priima <strong>Finora Bank<\/strong>, o paskolos gr\u0105\u017einimo grafikas pritaikomas pagal j\u016bs\u0173 poreikius.<\/li>\n<\/ul>\n<p>&nbsp;<\/p>\n<p>Dviguba nauda j\u016bs\u0173 verslui \u2013 pasinaudokite jau dabar!<\/p><\/div>\n\t\t\t\t\t\t\t\t\t\t<a href=\"#form\" class=\"btn hero__cta smooth-scroll\"><span>Kreipkit\u0117s d\u0117l paskolos<\/span><\/a>\n\t\t\t\t\t<\/div>\n\t\t\t\t\t<div class=\"hero__image\">\n\t\t\t\t<img decoding=\"async\" src=\"https:\/\/finorabank.eu\/wp-content\/uploads\/2024\/09\/Untitled-design-25-1.png\" alt=\"\">\n\t\t\t<\/div>\n\t\t\t<\/div>\n<\/section><\/div>\n\n\n<div class=\"sticky\">\n\n\t<div class=\"sticky__menu\">\n\t\t<ul>\n\t\t\t\t\t\t\t<li><a class=\"smooth-scroll\" href=\"#general\"><span>01.<\/span>Bendra informacija<\/a><\/li>\n\t\t\t\t\t\t\t<li><a class=\"smooth-scroll\" href=\"#process\"><span>02.<\/span>Procesas<\/a><\/li>\n\t\t\t\t\t\t\t<li><a class=\"smooth-scroll\" href=\"#price\"><span>03.<\/span>Kainora\u0161tis ir s\u0105lygos<\/a><\/li>\n\t\t\t\t\t\t\t<li><a class=\"smooth-scroll\" href=\"#form\"><span>04.<\/span>Kreipkit\u0117s d\u0117l paskolos<\/a><\/li>\n\t\t\t\t\t<\/ul>\n\t<\/div>\n\n\t<div class=\"sticky__content\">\n\t\t\n\t\t\n<div class=\"lazyblock-service-general-info-16m9Bl wp-block-lazyblock-service-general-info\" id=\"general\">\n<section class=\"service-block\">\n\t<div class=\"service-block__container\">\n\t\t<div class=\"service-block__title-row\">\n\t\t\t<div class=\"service-block__icon\"><img decoding=\"async\" src=\"https:\/\/finorabank.eu\/wp-content\/themes\/finora\/img\/icon-1.svg\"><\/div>\n\t\t\t<h2 class=\"service-block__title\"> Paskolos su ILTE \u2013 lengvesnis finansavimas j\u016bs\u0173 verslui<\/h2>\n\t\t<\/div>\n\t\t<div class=\"service-block__content\">\n\t\t\t\n\n<p><strong>Kam tinka?<\/strong><\/p>\n\n\n\n<ul class=\"wp-block-list\">\n<li>Smulkioms ir vidutin\u0117ms \u012fmon\u0117ms, veikian\u010dioms Lietuvoje:<\/li>\n\n\n\n<li>Iki 250 darbuotoj\u0173<\/li>\n\n\n\n<li>Apyvarta iki 50 mln. eur\u0173 arba balanse nurodyto turto vert\u0117 iki 43 mln. eur\u0173<\/li>\n<\/ul>\n\n\n\n<p><\/p>\n\n\n\n<h4 class=\"wp-block-heading\"><strong>Privalumai:<\/strong><\/h4>\n\n\n\n<ul class=\"wp-block-list\">\n<li>Greitas sprendimas \u2013 paskola gali b\u016bti suteikta per kelias dienas<\/li>\n\n\n\n<li>Galimyb\u0117 gauti paskol\u0105 net ir neturint pakankamo u\u017estato<\/li>\n\n\n\n<li>Lankstus gr\u0105\u017einimo grafikas, pritaikytas j\u016bs\u0173 poreikiams<\/li>\n<\/ul>\n\n\n\n<h3 class=\"wp-block-heading\"><strong>Paskolos garantija:<\/strong><\/h3>\n\n\n\n<ul class=\"wp-block-list\">\n<li><strong>Net 80 %<\/strong> paskolos sumos garantuoja ILTE, jei tr\u016bksta u\u017estato<\/li>\n\n\n\n<li>Sprendimas priimamas per kelias dienas<\/li>\n\n\n\n<li>Lankstus gr\u0105\u017einimo grafikas pagal verslo poreikius<\/li>\n<\/ul>\n\n\n\n<h3 class=\"wp-block-heading\"><strong>Pal\u016bkan\u0173 kompensacija:<\/strong><\/h3>\n\n\n\n<ul class=\"wp-block-list\">\n<li>Susigr\u0105\u017einkite iki <strong>50 %<\/strong> sumok\u0117t\u0173 pal\u016bkan\u0173 (ne daugiau kaip <strong>7 %<\/strong> metini\u0173)<\/li>\n\n\n\n<li>D\u0117l kompensacijos kreiptis reikia per <strong>1 metus<\/strong><\/li>\n<\/ul>\n\n\n\n<p><\/p>\n\n\n\n<h4 class=\"wp-block-heading\"><strong>Kur naudoti finansavim\u0105?<\/strong><\/h4>\n\n\n\n<ul class=\"wp-block-list\">\n<li>Verslo prad\u017eiai ar pl\u0117trai<\/li>\n\n\n\n<li>Turto \u012fsigijimui (i\u0161skyrus transporto priemones)<\/li>\n\n\n\n<li>Apyvartinio kapitalo finansavimui <\/li>\n\n\n\n<li>Vienkartin\u0117ms i\u0161laidoms ir smulkioms investicijoms<\/li>\n<\/ul>\n\n\n\n<p><\/p>\n\n\t\t<\/div>\n\t<\/div>\n<\/section>\n\n<\/div>\n\n<div class=\"lazyblock-service-process-Im2b5 wp-block-lazyblock-service-process\" id=\"process\">\n\n\n<section class=\"service-block\">\n\t<div class=\"service-block__container\">\n\t\t<div class=\"service-block__title-row\">\n\t\t\t<div class=\"service-block__icon\"><img decoding=\"async\" src=\"https:\/\/finorabank.eu\/wp-content\/themes\/finora\/img\/process.svg\"><\/div>\n\t\t\t<h2 class=\"service-block__title\">Procesas<\/h2>\n\t\t<\/div>\n\t\t<div class=\"service-block__content\">\n\t\t\t\t\t\t\t<div class=\"service-block__process-step\">\n\t\t\t\t\t<h3>\u017dINGSNIS 1<\/h3>\n\t\t\t\t\t<div class=\"service-block__process-subtitle\">U\u017epildykite Paskolos Parai\u0161k\u0105<\/div>\n\t\t\t\t\t<div>T\u0105 galite padaryti internetu <\/div>\n\t\t\t\t<\/div>\n\t\t\t\t\t\t\t<div class=\"service-block__process-step\">\n\t\t\t\t\t<h3>\u017dINGSNIS 2<\/h3>\n\t\t\t\t\t<div class=\"service-block__process-subtitle\">Atsi\u0173skite sprendimui reikalingus dokumentus<\/div>\n\t\t\t\t\t<div>Finansinius balansus su pelno nuostolio ataskaita u\u017e pra\u0117jusius finansinius metus bei ataskaitin\u012f laikotarp\u012f<\/div>\n\t\t\t\t<\/div>\n\t\t\t\t\t\t\t<div class=\"service-block__process-step\">\n\t\t\t\t\t<h3>\u017dINGSNIS 3<\/h3>\n\t\t\t\t\t<div class=\"service-block__process-subtitle\">Paskolos sprendimas<\/div>\n\t\t\t\t\t<div>Gaukite verslo paskolos pasi\u016blym\u0105 per 24h<\/div>\n\t\t\t\t<\/div>\n\t\t\t\t\t\t\t<div class=\"service-block__process-step\">\n\t\t\t\t\t<h3>\u017dINGSNIS 4<\/h3>\n\t\t\t\t\t<div class=\"service-block__process-subtitle\">Paskolos sutarties pasira\u0161ymas<\/div>\n\t\t\t\t\t<div>Atsi\u0173sime paskolos sutart\u012f elektroniniam pasira\u0161ymui. Pirminiam kontaktui J\u016bs b\u016bsite identifikuotas skaitmeniniu video ry\u0161iu, po sutarties pasira\u0161ymo paskolos l\u0117\u0161as pervesime \u012f J\u016bs\u0173 nurodyt\u0105 \u012fmon\u0117s s\u0105skait\u0105.<br><\/div>\n\t\t\t\t<\/div>\n\t\t\t\t\t<\/div>\n\t<\/div>\n<\/section>\n\n<\/div>\n\n<div class=\"lazyblock-service-form-Z1VDFuB wp-block-lazyblock-service-form\" id=\"form\">\n<section class=\"service-block service-block--form\">\n\t<div class=\"service-block__container\">\n\t\t<div class=\"service-block__title-row\">\n\t\t\t<div class=\"service-block__icon\"><img decoding=\"async\" src=\"https:\/\/finorabank.eu\/wp-content\/themes\/finora\/img\/apply.svg\"><\/div>\n\t\t\t<h2 class=\"service-block__title\">Kreipkit\u0117s d\u0117l paskolos<\/h2>\n\t\t<\/div>\n\t\t<div class=\"service-block__content\">\n\n\t\t\t<script type=\"text\/javascript\">\n\t\t\t\tvar applyForm = {\n\t\t\t\t\tapiURL: 'https:\/\/finorabank.eu\/wp-admin\/admin-ajax.php',\n\t\t\t\t\tnotifyEmail: 'info.lt@finorabank.eu',\n\t\t\t\t\tform: {\"id\":\"micro\",\"tracking_id\":\"microloan\",\"lang\":\"lt\",\"bid\":1006,\"name\":\"\\u00c4riklient > Mikrolaen\",\"action\":\"finora_form\",\"groups\":[{\"title\":\"\",\"fields\":[{\"type\":\"text\",\"name\":\"name\",\"label\":\"\\u012emon\\u0117s pavadinimas\",\"required\":true},{\"type\":\"number\",\"name\":\"reg-nr\",\"label\":\"\\u012emon\\u0117s kodas\",\"required\":true},{\"type\":\"address-select\",\"name\":\"address-select\",\"label\":\"\\u0160alis\",\"required\":true,\"options\":{\"label2\":\"Apskritis\",\"label3\":\"Miestas\"}},{\"type\":\"text\",\"name\":\"address\",\"label\":\"Adresas\",\"required\":true},{\"type\":\"text\",\"name\":\"postalcode\",\"label\":\"Pa\\u0161to kodas\",\"required\":true},{\"type\":\"phone\",\"name\":\"phone\",\"label\":\"Telefonas\",\"required\":true,\"options\":{\"defaultCountryCode\":\"LT\"}},{\"type\":\"email\",\"name\":\"email\",\"label\":\"El. pa\\u0161tas\",\"required\":true},{\"type\":\"number\",\"name\":\"loan-sum\",\"label\":\"Paskolos suma\",\"required\":true,\"min\":2000,\"max\":100000,\"minMaxField\":\"amount\"},{\"type\":\"text\",\"name\":\"loan-extra\",\"label\":\"Paskolos paskirtis ir papildoma informacija\",\"required\":true},{\"type\":\"how-found-us\",\"name\":\"how\",\"label\":\"Kaip su\\u017einojote apie mus?\",\"required\":true,\"options\":{\"label2\":\"Patikslinkite\"}}]}],\"footerFields\":[{\"type\":\"checkbox\",\"name\":\"privacy\",\"label\":\"Esu susipa\\u017ein\\u0119s <a href=\\\"https:\\\/\\\/finorabank.eu\\\/lt\\\/privatumo-politika\\\/\\\" target=\\\"_blank\\\"> su svetain\\u0117s privatumo politikos principais<\\\/a>\",\"required\":true},{\"type\":\"checkbox\",\"name\":\"newsletter\",\"label\":\"Sutinku gauti naujienlai\\u0161kius, rekomendacijas ir naudojimo patarimus bei pasi\\u016blymus i\\u0161 UAB \\u201eFinora Bank\\u201c.\",\"required\":false}],\"submit\":\"Gaukite pasi\\u016blym\\u0105\"}\t\t\t\t}\n\t\t\t<\/script>\n\t\t\t<div id=\"app\"><\/div>\n\t\t\t<script type=\"module\" crossorigin src=\"https:\/\/finorabank.eu\/wp-content\/themes\/finora\/apply-form\/dist\/assets\/index.js?v=16\"><\/script>\n\t\t\t<link rel=\"stylesheet\" href=\"https:\/\/finorabank.eu\/wp-content\/themes\/finora\/apply-form\/dist\/assets\/index.css?v=16\">\n\n\t\t<\/div>\n\t<\/div>\n<\/section>\n<\/div>\n\n<div class=\"lazyblock-service-price-24M8fn wp-block-lazyblock-service-price\" id=\"price\">\n\n\n<section class=\"service-block\">\n\t<div class=\"service-block__container\">\n\t\t<div class=\"service-block__title-row\">\n\t\t\t<div class=\"service-block__icon\"><img decoding=\"async\" src=\"https:\/\/finorabank.eu\/wp-content\/themes\/finora\/img\/price.svg\"><\/div>\n\t\t\t<h2 class=\"service-block__title\">Kainora\u0161tis ir s\u0105lygos<\/h2>\n\t\t<\/div>\n\t\t<div class=\"service-block__content\">\n\t\t\t<div class=\"service-block__price-table\">\n\t\t\t\t\t\t\t\t\t<div class=\"service-block__priceitem\">\n\t\t\t\t\t\t<div class=\"service-block__fee\">TERMINAS:<\/div>\n\t\t\t\t\t\t<div class=\"service-block__price\">Priklausomai nuo paskolos panaudojimo<\/div>\n\t\t\t\t\t<\/div>\n\t\t\t\t\t\t\t\t\t<div class=\"service-block__priceitem\">\n\t\t\t\t\t\t<div class=\"service-block__fee\">PAL\u016aKANOS:<\/div>\n\t\t\t\t\t\t<div class=\"service-block__price\">nuo 5% <\/div>\n\t\t\t\t\t<\/div>\n\t\t\t\t\t\t\t\t\t<div class=\"service-block__priceitem\">\n\t\t\t\t\t\t<div class=\"service-block__fee\">GARANTIJOS MOKESTIS:<\/div>\n\t\t\t\t\t\t<div class=\"service-block__price\">N\u0117ra<\/div>\n\t\t\t\t\t<\/div>\n\t\t\t\t\t\t\t<\/div>\n\t\t\t<div class=\"service-block__price-disclaimer\">\n\t\t\t\t\t\t\t<\/div>\n\t\t<\/div>\n\t<\/div>\n<\/section>\n\n<\/div>\n\n<div class=\"lazyblock-service-faq-Z2poGmO wp-block-lazyblock-service-faq\" id=\"faq\">\n\n\n<section class=\"service-block\">\n\t<div class=\"service-block__container\">\n\t\t<div class=\"service-block__title-row\">\n\t\t\t<div class=\"service-block__icon\"><img decoding=\"async\" src=\"https:\/\/finorabank.eu\/wp-content\/themes\/finora\/img\/faq.svg\"><\/div>\n\t\t\t<h2 class=\"service-block__title\">Da\u017enai u\u017eduodami klausimai<\/h2>\n\t\t<\/div>\n\t\t<div class=\"service-block__content\">\n\t\t\t<div class=\"service-block__faq accordion-container\">\n\t\t\t\t\t\t\t\t\t<div class=\"ac\">\n\t\t\t\t\t\t<h3 class=\"ac-header ac-trigger\">\n\t\t\t\t\t\t\t<span>Kokius dokumentus privalau pateikti nor\u0117damas gauti  Paskolos pasi\u016blym\u0105?<\/span><span class=\"chevron\"><svg enable-background=\"new 0 0 30 30\" viewBox=\"0 0 30 30\" xmlns=\"http:\/\/www.w3.org\/2000\/svg\"><g stroke=\"#0101fd\"><circle cx=\"15\" cy=\"15\" fill=\"none\" r=\"14.5\"\/><path d=\"m20.4 13.9-5 5c-.1.1-.3.1-.4.1s-.3-.1-.4-.2l-5-5c-.2-.2-.2-.6 0-.8s.6-.2.8 0l4.6 4.6 4.6-4.6c.2-.2.6-.2.8 0 .2.3.2.7 0 .9z\" fill=\"#0101fd\" stroke-width=\".1\"\/><\/g><\/svg><\/span>\n\t\t\t\t\t\t<\/h3>\n\t\t\t\t\t\t<div class=\"ac-panel\">\n\t\t\t\t\t\t\t<div class=\"ac-content\">\n\t\t\t\t\t\t\t\t\u012emon\u0117s finansinius balansus su pelno nuostolio ataskaita u\u017e pra\u0117jusius finansinius metus bei ataskaitin\u012f laikotarp\u012f ir parai\u0161k\u0105.\t\t\t\t\t\t\t<\/div>\n\t\t\t\t\t\t<\/div>\n\t\t\t\t\t<\/div>\n\t\t\t\t\t\t\t\t\t<div class=\"ac\">\n\t\t\t\t\t\t<h3 class=\"ac-header ac-trigger\">\n\t\t\t\t\t\t\t<span>Koks yra paskolos su ILTE garantija laikotarpis?<\/span><span class=\"chevron\"><svg enable-background=\"new 0 0 30 30\" viewBox=\"0 0 30 30\" xmlns=\"http:\/\/www.w3.org\/2000\/svg\"><g stroke=\"#0101fd\"><circle cx=\"15\" cy=\"15\" fill=\"none\" r=\"14.5\"\/><path d=\"m20.4 13.9-5 5c-.1.1-.3.1-.4.1s-.3-.1-.4-.2l-5-5c-.2-.2-.2-.6 0-.8s.6-.2.8 0l4.6 4.6 4.6-4.6c.2-.2.6-.2.8 0 .2.3.2.7 0 .9z\" fill=\"#0101fd\" stroke-width=\".1\"\/><\/g><\/svg><\/span>\n\t\t\t\t\t\t<\/h3>\n\t\t\t\t\t\t<div class=\"ac-panel\">\n\t\t\t\t\t\t\t<div class=\"ac-content\">\n\t\t\t\t\t\t\t\tMaksimal\u016bs terminai teikiant:<br>Investicines paskolas <strong>iki 120 m\u0117n.;<\/strong><br>finansin\u0119 nuom\u0105 (lizing\u0105) <strong>iki<\/strong> <strong>60 m\u0117n.<\/strong>;<br>apyvartines paskolas <strong>iki\u00a036 m\u0117n.<\/strong>;\t\t\t\t\t\t\t<\/div>\n\t\t\t\t\t\t<\/div>\n\t\t\t\t\t<\/div>\n\t\t\t\t\t\t\t\t\t<div class=\"ac\">\n\t\t\t\t\t\t<h3 class=\"ac-header ac-trigger\">\n\t\t\t\t\t\t\t<span>Ar gali b\u016bti suteikiama paskola su ILTE garantija \u012fmonei, kuri veikia ma\u017eiau nei 12 m\u0117n.?<\/span><span class=\"chevron\"><svg enable-background=\"new 0 0 30 30\" viewBox=\"0 0 30 30\" xmlns=\"http:\/\/www.w3.org\/2000\/svg\"><g stroke=\"#0101fd\"><circle cx=\"15\" cy=\"15\" fill=\"none\" r=\"14.5\"\/><path d=\"m20.4 13.9-5 5c-.1.1-.3.1-.4.1s-.3-.1-.4-.2l-5-5c-.2-.2-.2-.6 0-.8s.6-.2.8 0l4.6 4.6 4.6-4.6c.2-.2.6-.2.8 0 .2.3.2.7 0 .9z\" fill=\"#0101fd\" stroke-width=\".1\"\/><\/g><\/svg><\/span>\n\t\t\t\t\t\t<\/h3>\n\t\t\t\t\t\t<div class=\"ac-panel\">\n\t\t\t\t\t\t\t<div class=\"ac-content\">\n\t\t\t\t\t\t\t\tTaip, tam reikalingas individualus vertinimas, reikalaujami papildomi dokumentai, pvz. Verslo planas.\t\t\t\t\t\t\t<\/div>\n\t\t\t\t\t\t<\/div>\n\t\t\t\t\t<\/div>\n\t\t\t\t\t\t\t\t\t<div class=\"ac\">\n\t\t\t\t\t\t<h3 class=\"ac-header ac-trigger\">\n\t\t\t\t\t\t\t<span>Kod\u0117l \u012fmon\u0117 turi veikti bent 1 metus?<\/span><span class=\"chevron\"><svg enable-background=\"new 0 0 30 30\" viewBox=\"0 0 30 30\" xmlns=\"http:\/\/www.w3.org\/2000\/svg\"><g stroke=\"#0101fd\"><circle cx=\"15\" cy=\"15\" fill=\"none\" r=\"14.5\"\/><path d=\"m20.4 13.9-5 5c-.1.1-.3.1-.4.1s-.3-.1-.4-.2l-5-5c-.2-.2-.2-.6 0-.8s.6-.2.8 0l4.6 4.6 4.6-4.6c.2-.2.6-.2.8 0 .2.3.2.7 0 .9z\" fill=\"#0101fd\" stroke-width=\".1\"\/><\/g><\/svg><\/span>\n\t\t\t\t\t\t<\/h3>\n\t\t\t\t\t\t<div class=\"ac-panel\">\n\t\t\t\t\t\t\t<div class=\"ac-content\">\n\t\t\t\t\t\t\t\tSuteikdami paskol\u0105 verslui norime b\u016bti tikri, kad \u012fmon\u0117 turi pakankamai l\u0117\u0161\u0173 \u012fsipareigojimams dengti ir paskolai gr\u0105\u017einti. Metin\u0117 apyvarta parodo, kiek verslas ir jo veikla yra finansi\u0161kai tvar\u016bs.\t\t\t\t\t\t\t<\/div>\n\t\t\t\t\t\t<\/div>\n\t\t\t\t\t<\/div>\n\t\t\t\t\t\t\t\t\t<div class=\"ac\">\n\t\t\t\t\t\t<h3 class=\"ac-header ac-trigger\">\n\t\t\t\t\t\t\t<span>Kokiomis s\u0105lygomis paskol\u0105 galima gr\u0105\u017einti anks\u010diau laiko?<\/span><span class=\"chevron\"><svg enable-background=\"new 0 0 30 30\" viewBox=\"0 0 30 30\" xmlns=\"http:\/\/www.w3.org\/2000\/svg\"><g stroke=\"#0101fd\"><circle cx=\"15\" cy=\"15\" fill=\"none\" r=\"14.5\"\/><path d=\"m20.4 13.9-5 5c-.1.1-.3.1-.4.1s-.3-.1-.4-.2l-5-5c-.2-.2-.2-.6 0-.8s.6-.2.8 0l4.6 4.6 4.6-4.6c.2-.2.6-.2.8 0 .2.3.2.7 0 .9z\" fill=\"#0101fd\" stroke-width=\".1\"\/><\/g><\/svg><\/span>\n\t\t\t\t\t\t<\/h3>\n\t\t\t\t\t\t<div class=\"ac-panel\">\n\t\t\t\t\t\t\t<div class=\"ac-content\">\n\t\t\t\t\t\t\t\tPaskol\u0105 galima gr\u0105\u017einti anks\u010diau laiko vis\u0105 arba dalimis. Nor\u0117dami tai padaryti, tur\u0117tum\u0117te mums atsi\u0173sti savo pra\u0161ym\u0105. Jums reik\u0117s sumok\u0117ti i\u0161ankstinio gr\u0105\u017einimo mokest\u012f ir einamojo m\u0117nesio pal\u016bkanas.\t\t\t\t\t\t\t<\/div>\n\t\t\t\t\t\t<\/div>\n\t\t\t\t\t<\/div>\n\t\t\t\t\t\t\t\t\t<div class=\"ac\">\n\t\t\t\t\t\t<h3 class=\"ac-header ac-trigger\">\n\t\t\t\t\t\t\t<span>Ar galima prat\u0119sti paskolos su Invega garantij\u0105 termin\u0105?<\/span><span class=\"chevron\"><svg enable-background=\"new 0 0 30 30\" viewBox=\"0 0 30 30\" xmlns=\"http:\/\/www.w3.org\/2000\/svg\"><g stroke=\"#0101fd\"><circle cx=\"15\" cy=\"15\" fill=\"none\" r=\"14.5\"\/><path d=\"m20.4 13.9-5 5c-.1.1-.3.1-.4.1s-.3-.1-.4-.2l-5-5c-.2-.2-.2-.6 0-.8s.6-.2.8 0l4.6 4.6 4.6-4.6c.2-.2.6-.2.8 0 .2.3.2.7 0 .9z\" fill=\"#0101fd\" stroke-width=\".1\"\/><\/g><\/svg><\/span>\n\t\t\t\t\t\t<\/h3>\n\t\t\t\t\t\t<div class=\"ac-panel\">\n\t\t\t\t\t\t\t<div class=\"ac-content\">\n\t\t\t\t\t\t\t\tTaip, jei paskolos gav\u0117jas atitika paskolos i\u0161davimo kriterijus.\t\t\t\t\t\t\t<\/div>\n\t\t\t\t\t\t<\/div>\n\t\t\t\t\t<\/div>\n\t\t\t\t\t\t\t\t\t<div class=\"ac\">\n\t\t\t\t\t\t<h3 class=\"ac-header ac-trigger\">\n\t\t\t\t\t\t\t<span>Ar \u012fmon\u0117 turinti aktyvi\u0173 nemok\u0173 gali tik\u0117tis paskolos?<\/span><span class=\"chevron\"><svg enable-background=\"new 0 0 30 30\" viewBox=\"0 0 30 30\" xmlns=\"http:\/\/www.w3.org\/2000\/svg\"><g stroke=\"#0101fd\"><circle cx=\"15\" cy=\"15\" fill=\"none\" r=\"14.5\"\/><path d=\"m20.4 13.9-5 5c-.1.1-.3.1-.4.1s-.3-.1-.4-.2l-5-5c-.2-.2-.2-.6 0-.8s.6-.2.8 0l4.6 4.6 4.6-4.6c.2-.2.6-.2.8 0 .2.3.2.7 0 .9z\" fill=\"#0101fd\" stroke-width=\".1\"\/><\/g><\/svg><\/span>\n\t\t\t\t\t\t<\/h3>\n\t\t\t\t\t\t<div class=\"ac-panel\">\n\t\t\t\t\t\t\t<div class=\"ac-content\">\n\t\t\t\t\t\t\t\tNe.\t\t\t\t\t\t\t<\/div>\n\t\t\t\t\t\t<\/div>\n\t\t\t\t\t<\/div>\n\t\t\t\t\t\t\t\t\t<div class=\"ac\">\n\t\t\t\t\t\t<h3 class=\"ac-header ac-trigger\">\n\t\t\t\t\t\t\t<span>Ar paskolos su Invega garantija panaudojimo tikslas yra ribotas?<\/span><span class=\"chevron\"><svg enable-background=\"new 0 0 30 30\" viewBox=\"0 0 30 30\" xmlns=\"http:\/\/www.w3.org\/2000\/svg\"><g stroke=\"#0101fd\"><circle cx=\"15\" cy=\"15\" fill=\"none\" r=\"14.5\"\/><path d=\"m20.4 13.9-5 5c-.1.1-.3.1-.4.1s-.3-.1-.4-.2l-5-5c-.2-.2-.2-.6 0-.8s.6-.2.8 0l4.6 4.6 4.6-4.6c.2-.2.6-.2.8 0 .2.3.2.7 0 .9z\" fill=\"#0101fd\" stroke-width=\".1\"\/><\/g><\/svg><\/span>\n\t\t\t\t\t\t<\/h3>\n\t\t\t\t\t\t<div class=\"ac-panel\">\n\t\t\t\t\t\t\t<div class=\"ac-content\">\n\t\t\t\t\t\t\t\tPaskola su ILTE garantija turi labai plat\u0173 panaudojimo spektr\u0105, ta\u010diau yra taikomi tam tikri apribojimai\t\t\t\t\t\t\t<\/div>\n\t\t\t\t\t\t<\/div>\n\t\t\t\t\t<\/div>\n\t\t\t\t\t\t\t\t\t<div class=\"ac\">\n\t\t\t\t\t\t<h3 class=\"ac-header ac-trigger\">\n\t\t\t\t\t\t\t<span>Ar \u012fmon\u0117 gali kreiptis d\u0117l keli\u0173 paskol\u0173?<\/span><span class=\"chevron\"><svg enable-background=\"new 0 0 30 30\" viewBox=\"0 0 30 30\" xmlns=\"http:\/\/www.w3.org\/2000\/svg\"><g stroke=\"#0101fd\"><circle cx=\"15\" cy=\"15\" fill=\"none\" r=\"14.5\"\/><path d=\"m20.4 13.9-5 5c-.1.1-.3.1-.4.1s-.3-.1-.4-.2l-5-5c-.2-.2-.2-.6 0-.8s.6-.2.8 0l4.6 4.6 4.6-4.6c.2-.2.6-.2.8 0 .2.3.2.7 0 .9z\" fill=\"#0101fd\" stroke-width=\".1\"\/><\/g><\/svg><\/span>\n\t\t\t\t\t\t<\/h3>\n\t\t\t\t\t\t<div class=\"ac-panel\">\n\t\t\t\t\t\t\t<div class=\"ac-content\">\n\t\t\t\t\t\t\t\tTaip, ta\u010diau bendra paskol\u0173 suma paprastai negali vir\u0161yti nustatyo limito bei \u012fmon\u0117s vieno m\u0117nesio apyvartos.\t\t\t\t\t\t\t<\/div>\n\t\t\t\t\t\t<\/div>\n\t\t\t\t\t<\/div>\n\t\t\t\t\t\t\t\t\t<div class=\"ac\">\n\t\t\t\t\t\t<h3 class=\"ac-header ac-trigger\">\n\t\t\t\t\t\t\t<span>Kas nutinka jei paskolos gav\u0117jas v\u0117luoja mok\u0117ti m\u0117nesinius mok\u0117jimus?<\/span><span class=\"chevron\"><svg enable-background=\"new 0 0 30 30\" viewBox=\"0 0 30 30\" xmlns=\"http:\/\/www.w3.org\/2000\/svg\"><g stroke=\"#0101fd\"><circle cx=\"15\" cy=\"15\" fill=\"none\" r=\"14.5\"\/><path d=\"m20.4 13.9-5 5c-.1.1-.3.1-.4.1s-.3-.1-.4-.2l-5-5c-.2-.2-.2-.6 0-.8s.6-.2.8 0l4.6 4.6 4.6-4.6c.2-.2.6-.2.8 0 .2.3.2.7 0 .9z\" fill=\"#0101fd\" stroke-width=\".1\"\/><\/g><\/svg><\/span>\n\t\t\t\t\t\t<\/h3>\n\t\t\t\t\t\t<div class=\"ac-panel\">\n\t\t\t\t\t\t\t<div class=\"ac-content\">\n\t\t\t\t\t\t\t\tEsant v\u0117lavimams paskolos gav\u0117jams yra siun\u010diami mok\u0117jim\u0173 priminimai. U\u017e v\u0117lavim\u0105 yra skai\u010diuojami delspinigiai. Bet kokiu atveju, jei \u017einote, kad susidursite su mok\u0117jim\u0173 sunkumais \u2013 kreipkit\u0117s \u012f Finora Bank UAB d\u0117l galimyb\u0117s per\u017ei\u016br\u0117ti mok\u0117jim\u0173 grafiko s\u0105lygas DAR IKI V\u0116LAVIMO.\t\t\t\t\t\t\t<\/div>\n\t\t\t\t\t\t<\/div>\n\t\t\t\t\t<\/div>\n\t\t\t\t\t\t\t\t\t<div class=\"ac\">\n\t\t\t\t\t\t<h3 class=\"ac-header ac-trigger\">\n\t\t\t\t\t\t\t<span>Kokiu b\u016bdu pasira\u0161omi paskolos dokumentai?<\/span><span class=\"chevron\"><svg enable-background=\"new 0 0 30 30\" viewBox=\"0 0 30 30\" xmlns=\"http:\/\/www.w3.org\/2000\/svg\"><g stroke=\"#0101fd\"><circle cx=\"15\" cy=\"15\" fill=\"none\" r=\"14.5\"\/><path d=\"m20.4 13.9-5 5c-.1.1-.3.1-.4.1s-.3-.1-.4-.2l-5-5c-.2-.2-.2-.6 0-.8s.6-.2.8 0l4.6 4.6 4.6-4.6c.2-.2.6-.2.8 0 .2.3.2.7 0 .9z\" fill=\"#0101fd\" stroke-width=\".1\"\/><\/g><\/svg><\/span>\n\t\t\t\t\t\t<\/h3>\n\t\t\t\t\t\t<div class=\"ac-panel\">\n\t\t\t\t\t\t\t<div class=\"ac-content\">\n\t\t\t\t\t\t\t\tElektroniniu b\u016bdu.\t\t\t\t\t\t\t<\/div>\n\t\t\t\t\t\t<\/div>\n\t\t\t\t\t<\/div>\n\t\t\t\t\t\t\t\t\t<div class=\"ac\">\n\t\t\t\t\t\t<h3 class=\"ac-header ac-trigger\">\n\t\t\t\t\t\t\t<span>Kada paskolos l\u0117\u0161os pervedamos \u012f paskolos gav\u0117jo s\u0105skait\u0105?<\/span><span class=\"chevron\"><svg enable-background=\"new 0 0 30 30\" viewBox=\"0 0 30 30\" xmlns=\"http:\/\/www.w3.org\/2000\/svg\"><g stroke=\"#0101fd\"><circle cx=\"15\" cy=\"15\" fill=\"none\" r=\"14.5\"\/><path d=\"m20.4 13.9-5 5c-.1.1-.3.1-.4.1s-.3-.1-.4-.2l-5-5c-.2-.2-.2-.6 0-.8s.6-.2.8 0l4.6 4.6 4.6-4.6c.2-.2.6-.2.8 0 .2.3.2.7 0 .9z\" fill=\"#0101fd\" stroke-width=\".1\"\/><\/g><\/svg><\/span>\n\t\t\t\t\t\t<\/h3>\n\t\t\t\t\t\t<div class=\"ac-panel\">\n\t\t\t\t\t\t\t<div class=\"ac-content\">\n\t\t\t\t\t\t\t\tPo sutarties pasira\u0161ymo paskolos l\u0117\u0161as pervesime \u012f J\u016bs\u0173 nurodyt\u0105 s\u0105skait\u0105.\t\t\t\t\t\t\t<\/div>\n\t\t\t\t\t\t<\/div>\n\t\t\t\t\t<\/div>\n\t\t\t\t\t\t\t<\/div>\n\t\t<\/div>\n\t<\/div>\n<\/section>\n\n<\/div>\n\n\n\t<\/div>\n<\/div>\n\n\n<div class=\"lazyblock-experts-p2n55 wp-block-lazyblock-experts\">\n\n\n<section class=\"experts\">\n\t<div class=\"l-container\">\n\t\t<h2 class=\"experts__title\">D\u0117l asmeninio aptarnavimo susisiekite su m\u016bs\u0173 darbuotojais<\/h2>\n\n\t\t<div class=\"experts__list\">\n\t\t\t\t\t\t\t\t\t\t\t<article class=\"expert\">\n\t\t\t\t\t<div class=\"expert__thumbnail\">\n\t\t\t\t\t\t\t\t\t\t\t\t<img decoding=\"async\" src=\"https:\/\/finorabank.eu\/wp-content\/uploads\/2024\/12\/Jurgita_Finora-Bank.png\" alt=\"\">\n\t\t\t\t\t\t\t\t\t\t\t<\/div>\n\t\t\t\t\t<div class=\"expert__content\">\n\t\t\t\t\t\t<h3>Jurgita Vercinkevi\u010dien\u0117<\/h3>\n\t\t\t\t\t\t<div class=\"expert__job-title\">Finansavimo projekt\u0173 vadov\u0117<\/div>\n\t\t\t\t\t\t<div class=\"expert__phone\"><a href=\"tel:+370 6 826 9449\">+370 6 826 9449<\/a><\/div>\n\t\t\t\t\t\t<div class=\"expert__email\"><a href=\"mailto:jurgita.vercinkeviciene@finorabank.eu\">jurgita.vercinkeviciene@finorabank.eu<\/a><\/div>\n\t\t\t\t\t\t\t\t\t\t\t<\/div>\n\t\t\t\t<\/article>\n\t\t\t\t\t\t\t\t\t\t\t<article class=\"expert\">\n\t\t\t\t\t<div class=\"expert__thumbnail\">\n\t\t\t\t\t\t\t\t\t\t\t\t<img decoding=\"async\" src=\"https:\/\/finorabank.eu\/wp-content\/uploads\/2024\/08\/2.png\" alt=\"\">\n\t\t\t\t\t\t\t\t\t\t\t<\/div>\n\t\t\t\t\t<div class=\"expert__content\">\n\t\t\t\t\t\t<h3>Mantas Bukantis<\/h3>\n\t\t\t\t\t\t<div class=\"expert__job-title\">Finansavimo projekt\u0173 vadovas<\/div>\n\t\t\t\t\t\t<div class=\"expert__phone\"><a href=\"tel:+370 6 094 9208\">+370 6 094 9208<\/a><\/div>\n\t\t\t\t\t\t<div class=\"expert__email\"><a href=\"mailto:mantas.bukantis@finorabank.eu\">mantas.bukantis@finorabank.eu<\/a><\/div>\n\t\t\t\t\t\t\t\t\t\t\t<\/div>\n\t\t\t\t<\/article>\n\t\t\t\t\t\t\t\t\t\t\t<article class=\"expert\">\n\t\t\t\t\t<div class=\"expert__thumbnail\">\n\t\t\t\t\t\t\t\t\t\t\t\t<img decoding=\"async\" src=\"https:\/\/finorabank.eu\/wp-content\/uploads\/2024\/08\/Tomas-Vaiginis_Finora-Bank.png\" alt=\"\">\n\t\t\t\t\t\t\t\t\t\t\t<\/div>\n\t\t\t\t\t<div class=\"expert__content\">\n\t\t\t\t\t\t<h3>Tomas Vaiginis<\/h3>\n\t\t\t\t\t\t<div class=\"expert__job-title\">Finansavimo projekt\u0173 vadovas<\/div>\n\t\t\t\t\t\t<div class=\"expert__phone\"><a href=\"tel:+370 6 599 5167\">+370 6 599 5167<\/a><\/div>\n\t\t\t\t\t\t<div class=\"expert__email\"><a href=\"mailto:tomas.vaiginis@finorabank.eu\">tomas.vaiginis@finorabank.eu<\/a><\/div>\n\t\t\t\t\t\t\t\t\t\t\t<\/div>\n\t\t\t\t<\/article>\n\t\t\t\t\t\t\t\t\t\t\t<article class=\"expert\">\n\t\t\t\t\t<div class=\"expert__thumbnail\">\n\t\t\t\t\t\t\t\t\t\t\t\t<img decoding=\"async\" src=\"https:\/\/finorabank.eu\/wp-content\/uploads\/2025\/03\/Evelina-Genyte.png\" alt=\"\">\n\t\t\t\t\t\t\t\t\t\t\t<\/div>\n\t\t\t\t\t<div class=\"expert__content\">\n\t\t\t\t\t\t<h3>Evelina Genyt\u0117<\/h3>\n\t\t\t\t\t\t<div class=\"expert__job-title\">Finansavimo projekt\u0173 vadov\u0117<\/div>\n\t\t\t\t\t\t<div class=\"expert__phone\"><a href=\"tel:+370 6 026 0278\">+370 6 026 0278<\/a><\/div>\n\t\t\t\t\t\t<div class=\"expert__email\"><a href=\"mailto:evelina.genyte@finorabank.eu\">evelina.genyte@finorabank.eu<\/a><\/div>\n\t\t\t\t\t\t\t\t\t\t\t<\/div>\n\t\t\t\t<\/article>\n\t\t\t\t\t<\/div>\n\t<\/div>\n<\/section>\n\n<\/div>","protected":false},"excerpt":{"rendered":"","protected":false},"author":6,"featured_media":0,"parent":0,"menu_order":0,"comment_status":"closed","ping_status":"closed","template":"","meta":{"_acf_changed":false,"footnotes":""},"class_list":["post-2648","page","type-page","status-publish","hentry"],"acf":[],"_links":{"self":[{"href":"https:\/\/finorabank.eu\/lt\/wp-json\/wp\/v2\/pages\/2648","targetHints":{"allow":["GET"]}}],"collection":[{"href":"https:\/\/finorabank.eu\/lt\/wp-json\/wp\/v2\/pages"}],"about":[{"href":"https:\/\/finorabank.eu\/lt\/wp-json\/wp\/v2\/types\/page"}],"author":[{"embeddable":true,"href":"https:\/\/finorabank.eu\/lt\/wp-json\/wp\/v2\/users\/6"}],"replies":[{"embeddable":true,"href":"https:\/\/finorabank.eu\/lt\/wp-json\/wp\/v2\/comments?post=2648"}],"version-history":[{"count":38,"href":"https:\/\/finorabank.eu\/lt\/wp-json\/wp\/v2\/pages\/2648\/revisions"}],"predecessor-version":[{"id":12198,"href":"https:\/\/finorabank.eu\/lt\/wp-json\/wp\/v2\/pages\/2648\/revisions\/12198"}],"wp:attachment":[{"href":"https:\/\/finorabank.eu\/lt\/wp-json\/wp\/v2\/media?parent=2648"}],"curies":[{"name":"wp","href":"https:\/\/api.w.org\/{rel}","templated":true}]}}