{"id":2866,"date":"2023-02-06T15:31:47","date_gmt":"2023-02-06T13:31:47","guid":{"rendered":"https:\/\/finorabank.eu\/deposiit\/"},"modified":"2025-05-22T15:50:48","modified_gmt":"2025-05-22T13:50:48","slug":"terminuotieji-indeliai","status":"publish","type":"page","link":"https:\/\/finorabank.eu\/lt\/terminuotieji-indeliai\/","title":{"rendered":"Terminuotieji ind\u0117liai"},"content":{"rendered":"<div class=\"lazyblock-hero-2e5KAT wp-block-lazyblock-hero\">\n<section class=\"hero\">\n\t<div class=\"l-container\">\n\t\t<div class=\"hero__content\">\n\t\t\t<h1>Kaupkite ind\u0117lius su Finora Bank<\/h1>\t\t\t\t\t\t\t<div class=\"hero__content-txt\"><p>&nbsp;<\/p>\n<ul>\n<li>Terminuoti ind\u0117liai nuo 6 m\u0117n iki 5 met\u0173<\/li>\n<li>Ind\u0117lio sum\u0105 ir termin\u0105 gal\u0117site steb\u0117ti ir valdyti savitarnoje<\/li>\n<li><span dir=\"ltr\">Detali informacija apie ind\u0117li\u0173 draudimo s\u0105lygas ir atvejus, kai ind\u0117liai n\u0117ra draud\u017eiami bei kai yra taikomi ind\u0117li\u0173 draudimo i\u0161mok\u0173 mok\u0117jimo apribojimai, pateikiama V\u0161\u012e \u201eInd\u0117li\u0173 ir investicij\u0173 draudimas\u201c interneto svetain\u0117je<\/span> <a href=\"https:\/\/www.iidraudimas.lt\/lt\/\">www.iidraudimas.lt\/lt\/. <\/a>\u00a0<span dir=\"ltr\">Papildom\u0105 informacij\u0105 ind\u0117lininkams <\/span><a href=\"https:\/\/finorabank.eu\/lt\/indeliai_info\/\">rasite \u010dia.<\/a><\/li>\n<\/ul><\/div>\n\t\t\t\t\t\t\t\t\t\t<a href=\"#form\" class=\"btn hero__cta smooth-scroll\"><span>Paprastas ir patogus b\u016bdas taupyti internetu<\/span><\/a>\n\t\t\t\t\t<\/div>\n\t\t\t<\/div>\n<\/section><\/div>\n\n\n<div class=\"sticky\">\n\n\t<div class=\"sticky__menu\">\n\t\t<ul>\n\t\t\t\t\t\t\t<li><a class=\"smooth-scroll\" href=\"#general\"><span>01.<\/span>Bendra informacija<\/a><\/li>\n\t\t\t\t\t\t\t<li><a class=\"smooth-scroll\" href=\"#price\"><span>02.<\/span>Kainora\u0161tis ir s\u0105lygos<\/a><\/li>\n\t\t\t\t\t\t\t<li><a class=\"smooth-scroll\" href=\"#process\"><span>03.<\/span>Procesas<\/a><\/li>\n\t\t\t\t\t\t\t<li><a class=\"smooth-scroll\" href=\"#faq\"><span>04.<\/span>DUK<\/a><\/li>\n\t\t\t\t\t\t\t<li><a class=\"smooth-scroll\" href=\"#form\"><span>05.<\/span>Prad\u0117ti registracij\u0105<\/a><\/li>\n\t\t\t\t\t<\/ul>\n\t<\/div>\n\n\t<div class=\"sticky__content\">\n\t\t\n\t\t\n<div class=\"lazyblock-service-general-info-Z2vXg1m wp-block-lazyblock-service-general-info\" id=\"general\">\n<section class=\"service-block\">\n\t<div class=\"service-block__container\">\n\t\t<div class=\"service-block__title-row\">\n\t\t\t<div class=\"service-block__icon\"><img decoding=\"async\" src=\"https:\/\/finorabank.eu\/wp-content\/themes\/finora\/img\/icon-1.svg\"><\/div>\n\t\t\t<h2 class=\"service-block__title\">Bendra informacija<\/h2>\n\t\t<\/div>\n\t\t<div class=\"service-block__content\">\n\t\t\t\n\n<p>B\u016bkite ram\u016bs, kad j\u016bs\u0173 santaupos auga bei \u017einodami, kiek pal\u016bkan\u0173 u\u017edirbsite.<\/p>\n\n\n\n<p>Pasirinkite savo termino trukm\u0119 bei ind\u0117lio sum\u0105 nuo 10 000 \u20ac ir nuo pirmos dienos kaupkite pal\u016bkanas u\u017e fiksuot\u0105 pal\u016bkan\u0173 norm\u0105.<\/p>\n\n\t\t<\/div>\n\t<\/div>\n<\/section>\n\n<\/div>\n\n<div class=\"lazyblock-service-price-Z1OspdM wp-block-lazyblock-service-price\" id=\"price\">\n\n\n<section class=\"service-block\">\n\t<div class=\"service-block__container\">\n\t\t<div class=\"service-block__title-row\">\n\t\t\t<div class=\"service-block__icon\"><img decoding=\"async\" src=\"https:\/\/finorabank.eu\/wp-content\/themes\/finora\/img\/price.svg\"><\/div>\n\t\t\t<h2 class=\"service-block__title\">Kainora\u0161tis ir s\u0105lygos<\/h2>\n\t\t<\/div>\n\t\t<div class=\"service-block__content\">\n\t\t\t<div class=\"service-block__price-table\">\n\t\t\t\t\t\t\t\t\t<div class=\"service-block__priceitem\">\n\t\t\t\t\t\t<div class=\"service-block__fee\">IND\u0116LIO SUMA:<\/div>\n\t\t\t\t\t\t<div class=\"service-block__price\">nuo 10 000 \u20ac<\/div>\n\t\t\t\t\t<\/div>\n\t\t\t\t\t\t\t\t\t<div class=\"service-block__priceitem\">\n\t\t\t\t\t\t<div class=\"service-block__fee\">PAL\u016aKANOS:<\/div>\n\t\t\t\t\t\t<div class=\"service-block__price\">6 m\u0117n &#8211; 1.80% <br>9 m\u0117n &#8211; 1.90% <br>12 m\u0117n &#8211; 2.00% <br> 24 m\u0117n &#8211; 2.00% <br> 36 m\u0117n &#8211; 2.00% <br> 48 m\u0117n &#8211; 2.00% <br> 60 m\u0117n &#8211; 2.00% <\/div>\n\t\t\t\t\t<\/div>\n\t\t\t\t\t\t\t\t\t<div class=\"service-block__priceitem\">\n\t\t\t\t\t\t<div class=\"service-block__fee\">IND\u0116LIO LAIKOTARPIS:<\/div>\n\t\t\t\t\t\t<div class=\"service-block__price\">nuo 6 m\u0117nesi\u0173 iki 5 met\u0173<\/div>\n\t\t\t\t\t<\/div>\n\t\t\t\t\t\t\t<\/div>\n\t\t\t<div class=\"service-block__price-disclaimer\">\n\t\t\t\t*Ind\u0117liai yra neat\u0161aukiami. Nutraukti neat\u0161aukiamo ind\u0117lio sutart\u012f prie\u0161 jos termin\u0105 ir atgauti ind\u0117lio l\u0117\u0161as gal\u0117site tik esant ypatingoms aplinkyb\u0117ms.<a href=\"https:\/\/finorabank.eu\/wp-content\/uploads\/2025\/03\/Neatsaukiamo-terminuoto-indelio-ypatingos-nutraukimo-aplinkybes.pdf\" data-type=\"link\" data-id=\"https:\/\/finorabank.eu\/wp-content\/uploads\/2025\/03\/Neatsaukiamo-terminuoto-indelio-ypatingos-nutraukimo-aplinkybes.pdf\" target=\"_blank\" rel=\"noreferrer noopener\"> Skaityti pla\u010diau. <\/a><br>** Ind\u0117lio termin\u0105 galite pasirinkti nuo 6 m\u0117nesi\u0173 iki 5 met\u0173.<br>***Galite \u012fne\u0161ti bet koki\u0105 sum\u0105 nuo 10 000 \u20ac. Pinigai yra saugomi taupomojoje s\u0105skaitoje visam terminui. <br>**** Kadangi pal\u016bkan\u0173 norma yra fiksuota i\u0161 anksto, tiksliai \u017einote, kiek pal\u016bkan\u0173 u\u017edirbsite iki termino pabaigos.\t\t\t<\/div>\n\t\t<\/div>\n\t<\/div>\n<\/section>\n\n<\/div>\n\n<div class=\"lazyblock-service-process-ZHrwB8 wp-block-lazyblock-service-process\" id=\"process\">\n\n\n<section class=\"service-block\">\n\t<div class=\"service-block__container\">\n\t\t<div class=\"service-block__title-row\">\n\t\t\t<div class=\"service-block__icon\"><img decoding=\"async\" src=\"https:\/\/finorabank.eu\/wp-content\/themes\/finora\/img\/process.svg\"><\/div>\n\t\t\t<h2 class=\"service-block__title\">Procesas<\/h2>\n\t\t<\/div>\n\t\t<div class=\"service-block__content\">\n\t\t\t\t\t\t\t<div class=\"service-block__process-step\">\n\t\t\t\t\t<h3>\u017dINGSNIS 1<\/h3>\n\t\t\t\t\t<div class=\"service-block__process-subtitle\">U\u017epildykite parai\u0161k\u0105<\/div>\n\t\t\t\t\t<div>U\u017esiregistruokite su el.para\u0161u ar Smart-ID. U\u017epildykite parai\u0161k\u0105 internetu.<\/div>\n\t\t\t\t<\/div>\n\t\t\t\t\t\t\t<div class=\"service-block__process-step\">\n\t\t\t\t\t<h3>\u017dINGSNIS 2<\/h3>\n\t\t\t\t\t<div class=\"service-block__process-subtitle\">Idenfikuokite save<\/div>\n\t\t\t\t\t<div>Patvirtinkite savo tapatyb\u0119 internetu naudodami \u201eiDenfy\u201c.<\/div>\n\t\t\t\t<\/div>\n\t\t\t\t\t\t\t<div class=\"service-block__process-step\">\n\t\t\t\t\t<h3>\u017dINGSNIS 3<\/h3>\n\t\t\t\t\t<div class=\"service-block__process-subtitle\">Sutarties pasira\u0161ymas<\/div>\n\t\t\t\t\t<div>Pasira\u0161ykite sutart\u012f internetu.<\/div>\n\t\t\t\t<\/div>\n\t\t\t\t\t\t\t<div class=\"service-block__process-step\">\n\t\t\t\t\t<h3>\u017dINGSNIS 4<\/h3>\n\t\t\t\t\t<div class=\"service-block__process-subtitle\">Pinig\u0173 pervedimas<\/div>\n\t\t\t\t\t<div>Atlikite pervedim\u0105 J\u016bs\u0173 pageidautinai sumai.<\/div>\n\t\t\t\t<\/div>\n\t\t\t\t\t<\/div>\n\t<\/div>\n<\/section>\n\n<\/div>\n\n<div class=\"lazyblock-service-faq-1fqESO wp-block-lazyblock-service-faq\" id=\"faq\">\n\n\n<section class=\"service-block\">\n\t<div class=\"service-block__container\">\n\t\t<div class=\"service-block__title-row\">\n\t\t\t<div class=\"service-block__icon\"><img decoding=\"async\" src=\"https:\/\/finorabank.eu\/wp-content\/themes\/finora\/img\/faq.svg\"><\/div>\n\t\t\t<h2 class=\"service-block__title\">Da\u017enai u\u017eduodami klausimai<\/h2>\n\t\t<\/div>\n\t\t<div class=\"service-block__content\">\n\t\t\t<div class=\"service-block__faq accordion-container\">\n\t\t\t\t\t\t\t\t\t<div class=\"ac\">\n\t\t\t\t\t\t<h3 class=\"ac-header ac-trigger\">\n\t\t\t\t\t\t\t<span>\u012e kuri\u0105 s\u0105skait\u0105 bus mokamos pal\u016bkanos?<\/span><span class=\"chevron\"><svg enable-background=\"new 0 0 30 30\" viewBox=\"0 0 30 30\" xmlns=\"http:\/\/www.w3.org\/2000\/svg\"><g stroke=\"#0101fd\"><circle cx=\"15\" cy=\"15\" fill=\"none\" r=\"14.5\"\/><path d=\"m20.4 13.9-5 5c-.1.1-.3.1-.4.1s-.3-.1-.4-.2l-5-5c-.2-.2-.2-.6 0-.8s.6-.2.8 0l4.6 4.6 4.6-4.6c.2-.2.6-.2.8 0 .2.3.2.7 0 .9z\" fill=\"#0101fd\" stroke-width=\".1\"\/><\/g><\/svg><\/span>\n\t\t\t\t\t\t<\/h3>\n\t\t\t\t\t\t<div class=\"ac-panel\">\n\t\t\t\t\t\t\t<div class=\"ac-content\">\n\t\t\t\t\t\t\t\tPal\u016bkanos bus pervedamos tiesiai \u012f j\u016bs\u0173 s\u0105skait\u0105 pasibaigus ind\u0117lio terminui. \u201eFinora Bank\u201c mok\u0117s jums pal\u016bkanas \u012f t\u0105 pa\u010di\u0105 s\u0105skait\u0105, kuri\u0105 naudojote pradiniam ind\u0117liui.\t\t\t\t\t\t\t<\/div>\n\t\t\t\t\t\t<\/div>\n\t\t\t\t\t<\/div>\n\t\t\t\t\t\t\t\t\t<div class=\"ac\">\n\t\t\t\t\t\t<h3 class=\"ac-header ac-trigger\">\n\t\t\t\t\t\t\t<span>Ar laikui b\u0117gant mano pal\u016bkan\u0173 norma pasikeis?<\/span><span class=\"chevron\"><svg enable-background=\"new 0 0 30 30\" viewBox=\"0 0 30 30\" xmlns=\"http:\/\/www.w3.org\/2000\/svg\"><g stroke=\"#0101fd\"><circle cx=\"15\" cy=\"15\" fill=\"none\" r=\"14.5\"\/><path d=\"m20.4 13.9-5 5c-.1.1-.3.1-.4.1s-.3-.1-.4-.2l-5-5c-.2-.2-.2-.6 0-.8s.6-.2.8 0l4.6 4.6 4.6-4.6c.2-.2.6-.2.8 0 .2.3.2.7 0 .9z\" fill=\"#0101fd\" stroke-width=\".1\"\/><\/g><\/svg><\/span>\n\t\t\t\t\t\t<\/h3>\n\t\t\t\t\t\t<div class=\"ac-panel\">\n\t\t\t\t\t\t\t<div class=\"ac-content\">\n\t\t\t\t\t\t\t\tJ\u016bs\u0173 pal\u016bkan\u0173 norma i\u0161lieka fiksuota vis\u0105 ind\u0117lio termin\u0105, tod\u0117l i\u0161 anksto \u017einosite, kiek tiksliai u\u017edirbsite pal\u016bkan\u0173 iki ind\u0117lio termino pabaigos.\t\t\t\t\t\t\t<\/div>\n\t\t\t\t\t\t<\/div>\n\t\t\t\t\t<\/div>\n\t\t\t\t\t\t\t\t\t<div class=\"ac\">\n\t\t\t\t\t\t<h3 class=\"ac-header ac-trigger\">\n\t\t\t\t\t\t\t<span>Ar galiu atsiimti pinigus anks\u010diau?<\/span><span class=\"chevron\"><svg enable-background=\"new 0 0 30 30\" viewBox=\"0 0 30 30\" xmlns=\"http:\/\/www.w3.org\/2000\/svg\"><g stroke=\"#0101fd\"><circle cx=\"15\" cy=\"15\" fill=\"none\" r=\"14.5\"\/><path d=\"m20.4 13.9-5 5c-.1.1-.3.1-.4.1s-.3-.1-.4-.2l-5-5c-.2-.2-.2-.6 0-.8s.6-.2.8 0l4.6 4.6 4.6-4.6c.2-.2.6-.2.8 0 .2.3.2.7 0 .9z\" fill=\"#0101fd\" stroke-width=\".1\"\/><\/g><\/svg><\/span>\n\t\t\t\t\t\t<\/h3>\n\t\t\t\t\t\t<div class=\"ac-panel\">\n\t\t\t\t\t\t\t<div class=\"ac-content\">\n\t\t\t\t\t\t\t\tPinig\u0173 i\u0161siimti negalite anks\u010diau nei pasibaigus ind\u0117lio terminui.\t\t\t\t\t\t\t<\/div>\n\t\t\t\t\t\t<\/div>\n\t\t\t\t\t<\/div>\n\t\t\t\t\t\t\t\t\t<div class=\"ac\">\n\t\t\t\t\t\t<h3 class=\"ac-header ac-trigger\">\n\t\t\t\t\t\t\t<span>Kas turi teis\u0119 atidaryti terminuoto ind\u0117lio s\u0105skait\u0105 Finora Bank?<\/span><span class=\"chevron\"><svg enable-background=\"new 0 0 30 30\" viewBox=\"0 0 30 30\" xmlns=\"http:\/\/www.w3.org\/2000\/svg\"><g stroke=\"#0101fd\"><circle cx=\"15\" cy=\"15\" fill=\"none\" r=\"14.5\"\/><path d=\"m20.4 13.9-5 5c-.1.1-.3.1-.4.1s-.3-.1-.4-.2l-5-5c-.2-.2-.2-.6 0-.8s.6-.2.8 0l4.6 4.6 4.6-4.6c.2-.2.6-.2.8 0 .2.3.2.7 0 .9z\" fill=\"#0101fd\" stroke-width=\".1\"\/><\/g><\/svg><\/span>\n\t\t\t\t\t\t<\/h3>\n\t\t\t\t\t\t<div class=\"ac-panel\">\n\t\t\t\t\t\t\t<div class=\"ac-content\">\n\t\t\t\t\t\t\t\tVisi 18 met\u0173 ir daugiau sulauk\u0119 ES pilie\u010diai, gyvenantys Lietuvoje ar Estijoje.\t\t\t\t\t\t\t<\/div>\n\t\t\t\t\t\t<\/div>\n\t\t\t\t\t<\/div>\n\t\t\t\t\t\t\t\t\t<div class=\"ac\">\n\t\t\t\t\t\t<h3 class=\"ac-header ac-trigger\">\n\t\t\t\t\t\t\t<span>Kaip skai\u010diuojamos pal\u016bkanos?\u00a0<\/span><span class=\"chevron\"><svg enable-background=\"new 0 0 30 30\" viewBox=\"0 0 30 30\" xmlns=\"http:\/\/www.w3.org\/2000\/svg\"><g stroke=\"#0101fd\"><circle cx=\"15\" cy=\"15\" fill=\"none\" r=\"14.5\"\/><path d=\"m20.4 13.9-5 5c-.1.1-.3.1-.4.1s-.3-.1-.4-.2l-5-5c-.2-.2-.2-.6 0-.8s.6-.2.8 0l4.6 4.6 4.6-4.6c.2-.2.6-.2.8 0 .2.3.2.7 0 .9z\" fill=\"#0101fd\" stroke-width=\".1\"\/><\/g><\/svg><\/span>\n\t\t\t\t\t\t<\/h3>\n\t\t\t\t\t\t<div class=\"ac-panel\">\n\t\t\t\t\t\t\t<div class=\"ac-content\">\n\t\t\t\t\t\t\t\tJ\u016bs\u0173 ind\u0117lio pal\u016bkan\u0173 norma yra fiksuota visam sutarties laikotarpiui. Pal\u016bkanos skai\u010diuojamos kasdien ir i\u0161mokamos \u012f nurodyt\u0105 s\u0105skait\u0105 pasibaigus ind\u0117lio sutar\u010diai.\t\t\t\t\t\t\t<\/div>\n\t\t\t\t\t\t<\/div>\n\t\t\t\t\t<\/div>\n\t\t\t\t\t\t\t\t\t<div class=\"ac\">\n\t\t\t\t\t\t<h3 class=\"ac-header ac-trigger\">\n\t\t\t\t\t\t\t<span>Ar yra taikomas at\u0161aukimo\/persigalvojimo laikotarpis?<\/span><span class=\"chevron\"><svg enable-background=\"new 0 0 30 30\" viewBox=\"0 0 30 30\" xmlns=\"http:\/\/www.w3.org\/2000\/svg\"><g stroke=\"#0101fd\"><circle cx=\"15\" cy=\"15\" fill=\"none\" r=\"14.5\"\/><path d=\"m20.4 13.9-5 5c-.1.1-.3.1-.4.1s-.3-.1-.4-.2l-5-5c-.2-.2-.2-.6 0-.8s.6-.2.8 0l4.6 4.6 4.6-4.6c.2-.2.6-.2.8 0 .2.3.2.7 0 .9z\" fill=\"#0101fd\" stroke-width=\".1\"\/><\/g><\/svg><\/span>\n\t\t\t\t\t\t<\/h3>\n\t\t\t\t\t\t<div class=\"ac-panel\">\n\t\t\t\t\t\t\t<div class=\"ac-content\">\n\t\t\t\t\t\t\t\tVisiems investuotojams taikomas 14 dien\u0173 persigalvojimo laikotarpis ir j\u016bs galite at\u0161aukti sutart\u012f nemok\u0117dami baudos.\t\t\t\t\t\t\t<\/div>\n\t\t\t\t\t\t<\/div>\n\t\t\t\t\t<\/div>\n\t\t\t\t\t\t\t\t\t<div class=\"ac\">\n\t\t\t\t\t\t<h3 class=\"ac-header ac-trigger\">\n\t\t\t\t\t\t\t<span>Ar mano ind\u0117lis saugus?<\/span><span class=\"chevron\"><svg enable-background=\"new 0 0 30 30\" viewBox=\"0 0 30 30\" xmlns=\"http:\/\/www.w3.org\/2000\/svg\"><g stroke=\"#0101fd\"><circle cx=\"15\" cy=\"15\" fill=\"none\" r=\"14.5\"\/><path d=\"m20.4 13.9-5 5c-.1.1-.3.1-.4.1s-.3-.1-.4-.2l-5-5c-.2-.2-.2-.6 0-.8s.6-.2.8 0l4.6 4.6 4.6-4.6c.2-.2.6-.2.8 0 .2.3.2.7 0 .9z\" fill=\"#0101fd\" stroke-width=\".1\"\/><\/g><\/svg><\/span>\n\t\t\t\t\t\t<\/h3>\n\t\t\t\t\t\t<div class=\"ac-panel\">\n\t\t\t\t\t\t\t<div class=\"ac-content\">\n\t\t\t\t\t\t\t\tDetali informacija apie ind\u0117li\u0173 draudimo s\u0105lygas ir atvejus, kai ind\u0117liai n\u0117ra draud\u017eiami bei kai yra taikomi ind\u0117li\u0173 draudimo i\u0161mok\u0173 mok\u0117jimo apribojimai, pateikiama V\u0161\u012e \u201eInd\u0117li\u0173 ir investicij\u0173 draudimas\u201c interneto svetain\u0117je <a href=\"https:\/\/www.iidraudimas.lt\/lt\/\" target=\"_blank\" rel=\"noreferrer noopener\">www.iidraudimas.lt\/lt\/.\u00a0<\/a> Papildom\u0105 informacij\u0105 ind\u0117lininkams <a href=\"https:\/\/finorabank.eu\/lt\/indeliai_info\/\" target=\"_blank\" rel=\"noreferrer noopener\">rasite \u010dia.<\/a>\t\t\t\t\t\t\t<\/div>\n\t\t\t\t\t\t<\/div>\n\t\t\t\t\t<\/div>\n\t\t\t\t\t\t\t<\/div>\n\t\t<\/div>\n\t<\/div>\n<\/section>\n\n<\/div>\n\n<div class=\"lazyblock-onboarding-start-djTzO wp-block-lazyblock-onboarding-start\" id=\"form\">\n<section class=\"service-block service-block--form service-block--onboarding\">\n\t<div class=\"service-block__container\">\n\t\t<div class=\"service-block__title-row\">\n\t\t\t<div class=\"service-block__icon\"><img decoding=\"async\" src=\"https:\/\/finorabank.eu\/wp-content\/themes\/finora\/img\/apply.svg\"><\/div>\n\t\t\t<h2 class=\"service-block__title\">Prad\u0117ti registracij\u0105<\/h2>\n\t\t<\/div>\n\t\t<div class=\"service-block__content\">\n\t\t\t\n\t\t\t\t\t\t\t\t<div class=\"service-block__onboarding-content\">Pasirinkite savo tapatyb\u0117s patvirtinimo b\u016bd\u0105, norint pad\u0117ti indel\u012f<\/div>\n\t\t\t\t<style>\n\t\t#smartid-login-block .login-button {\n\t\t\tdisplay:inline;\n\t\t\tmargin-left: 5px;\n\t\t\tmargin-right: 5px;\n\t\t}\n\t\t#smartid-login-block .login-button img {                    \n\t\t\tmargin: 3px;\n\t\t\theight: 46px;\n\t\t}\n\t\t#smartid-login-block .login-square-w img {\n\t\t\twidth: 46px;\n\t\t}\n\t\t#smartid-login-block .login-middle-w img {\n\t\t\twidth: 130px;\n\t\t}\n\t\t#smartid-login-block .login-wide-w img {\n\t\t\twidth: 200px;\n\t\t}                \n\t<\/style><div id=\"smartid-login-block\"><a class=\"btn\" id=\"eid-login-process-btn\">Log in<\/a><\/div><script>    if(document.getElementById(\"smartid-id-login\")) document.getElementById(\"smartid-id-login\").addEventListener(\"click\", function () {        startEidEasyLogin(\"https:\/\/id.eideasy.com\/oauth\/authorize?client_id=4jhVtmB6UIsCv6cvp7zvx1KFvWKKSSTV&redirect_uri=https%3A%2F%2Ffinorabank.eu%2Flt%2Fonboarding%2F&response_type=code&country=LT&lang=lt&start=ee-id-card\");    });    if(document.getElementById(\"smartid-mid-login\")) document.getElementById(\"smartid-mid-login\").addEventListener(\"click\", function () {        startEidEasyLogin(\"https:\/\/id.eideasy.com\/oauth\/authorize?client_id=4jhVtmB6UIsCv6cvp7zvx1KFvWKKSSTV&redirect_uri=https%3A%2F%2Ffinorabank.eu%2Flt%2Fonboarding%2F&response_type=code&country=LT&lang=lt&method=ee-mobile-id\");    });    if(document.getElementById(\"smartid-lveid-login\")) document.getElementById(\"smartid-lveid-login\").addEventListener(\"click\", function () {        startEidEasyLogin(\"https:\/\/id.eideasy.com\/oauth\/authorize?client_id=4jhVtmB6UIsCv6cvp7zvx1KFvWKKSSTV&redirect_uri=https%3A%2F%2Ffinorabank.eu%2Flt%2Fonboarding%2F&response_type=code&country=LT&lang=lt&start=lv-id-card\");    });    if(document.getElementById(\"smartid-lt-id-card-login\")) document.getElementById(\"smartid-lt-id-card-login\").addEventListener(\"click\", function () {        startEidEasyLogin(\"https:\/\/id.eideasy.com\/oauth\/authorize?client_id=4jhVtmB6UIsCv6cvp7zvx1KFvWKKSSTV&redirect_uri=https%3A%2F%2Ffinorabank.eu%2Flt%2Fonboarding%2F&response_type=code&country=LT&lang=lt&start=lt-id-card\");    });    if(document.getElementById(\"eideasy-eparaksts-mobile-login\")) document.getElementById(\"eideasy-eparaksts-mobile-login\").addEventListener(\"click\", function () {        startEidEasyLogin(\"https:\/\/id.eideasy.com\/oauth\/start\/lv-eparaksts-mobile-login?client_id=4jhVtmB6UIsCv6cvp7zvx1KFvWKKSSTV&redirect_uri=https%3A%2F%2Ffinorabank.eu%2Flt%2Fonboarding%2F&response_type=code&country=LT&lang=lt\");    });    if(document.getElementById(\"smartid-be-id-card-login\")) document.getElementById(\"smartid-be-id-card-login\").addEventListener(\"click\", function () {        startEidEasyLogin(\"https:\/\/id.eideasy.com\/oauth\/authorize?client_id=4jhVtmB6UIsCv6cvp7zvx1KFvWKKSSTV&redirect_uri=https%3A%2F%2Ffinorabank.eu%2Flt%2Fonboarding%2F&response_type=code&country=LT&lang=lt&start=be-id-card\");    });    if(document.getElementById(\"smartid-pt-id-card-login\")) document.getElementById(\"smartid-pt-id-card-login\").addEventListener(\"click\", function () {        startEidEasyLogin(\"https:\/\/id.eideasy.com\/oauth\/authorize?client_id=4jhVtmB6UIsCv6cvp7zvx1KFvWKKSSTV&redirect_uri=https%3A%2F%2Ffinorabank.eu%2Flt%2Fonboarding%2F&response_type=code&country=LT&lang=lt&start=pt-id-card\");    });    if(document.getElementById(\"smartid-lt-mobile-id-login\")) document.getElementById(\"smartid-lt-mobile-id-login\").addEventListener(\"click\", function () {        startEidEasyLogin(\"https:\/\/id.eideasy.com\/oauth\/authorize?client_id=4jhVtmB6UIsCv6cvp7zvx1KFvWKKSSTV&redirect_uri=https%3A%2F%2Ffinorabank.eu%2Flt%2Fonboarding%2F&response_type=code&country=LT&lang=lt&method=lt-mobile-id\");    });    if(document.getElementById(\"smartid-smartid-login\")) document.getElementById(\"smartid-smartid-login\").addEventListener(\"click\", function () {        startEidEasyLogin(\"https:\/\/id.eideasy.com\/oauth\/authorize?client_id=4jhVtmB6UIsCv6cvp7zvx1KFvWKKSSTV&redirect_uri=https%3A%2F%2Ffinorabank.eu%2Flt%2Fonboarding%2F&response_type=code&country=LT&lang=lt&method=smart-id\");    });    if(document.getElementById(\"eideasy-itsme-login-standard\")) document.getElementById(\"eideasy-itsme-login-standard\").addEventListener(\"click\", function () {        startEidEasyLogin(\"https:\/\/id.eideasy.com\/oauth\/authorize?client_id=4jhVtmB6UIsCv6cvp7zvx1KFvWKKSSTV&redirect_uri=https%3A%2F%2Ffinorabank.eu%2Flt%2Fonboarding%2F&response_type=code&country=LT&lang=lt&method=itsme-login-standard\");    });    if(document.getElementById(\"eid-login-process-btn\")) document.getElementById(\"eid-login-process-btn\").addEventListener(\"click\", function () {        startEidEasyLogin(\"https:\/\/id.eideasy.com\/oauth\/authorize?client_id=4jhVtmB6UIsCv6cvp7zvx1KFvWKKSSTV&redirect_uri=https%3A%2F%2Ffinorabank.eu%2Flt%2Fonboarding%2F&response_type=code&country=LT&lang=lt\");    });<\/script>\t\t<\/div>\n\t\t\t\t\t<div class=\"service-block__footer-text\">\n\t\t\t\tRegistracijai patvirtinti reikalingas tapatyb\u0117s identifikavimas. \u012esitikinkite, kad turite asmens dokument\u0105 ir \u012frengin\u012f su kamera. Daugiau informacijos \u2013 <a href=\"https:\/\/www.idenfy.com\/blog\/10-tips-successful-identity-verification-idenfy\/\" target=\"_blank\" rel=\"noreferrer noopener\">tapatyb\u0117s identifikavimas<\/a>.\t\t\t<\/div>\n\t\t\t<\/div>\n<\/section>\n<\/div>\n\n\n\t<\/div>\n<\/div>\n\n\n\n<p><\/p>\n","protected":true},"excerpt":{"rendered":"","protected":true},"author":1,"featured_media":3082,"parent":0,"menu_order":0,"comment_status":"closed","ping_status":"closed","template":"","meta":{"_acf_changed":false,"footnotes":""},"class_list":["post-2866","page","type-page","status-publish","post-password-protected","has-post-thumbnail","hentry"],"acf":[],"_links":{"self":[{"href":"https:\/\/finorabank.eu\/lt\/wp-json\/wp\/v2\/pages\/2866","targetHints":{"allow":["GET"]}}],"collection":[{"href":"https:\/\/finorabank.eu\/lt\/wp-json\/wp\/v2\/pages"}],"about":[{"href":"https:\/\/finorabank.eu\/lt\/wp-json\/wp\/v2\/types\/page"}],"author":[{"embeddable":true,"href":"https:\/\/finorabank.eu\/lt\/wp-json\/wp\/v2\/users\/1"}],"replies":[{"embeddable":true,"href":"https:\/\/finorabank.eu\/lt\/wp-json\/wp\/v2\/comments?post=2866"}],"version-history":[{"count":89,"href":"https:\/\/finorabank.eu\/lt\/wp-json\/wp\/v2\/pages\/2866\/revisions"}],"predecessor-version":[{"id":10413,"href":"https:\/\/finorabank.eu\/lt\/wp-json\/wp\/v2\/pages\/2866\/revisions\/10413"}],"wp:featuredmedia":[{"embeddable":true,"href":"https:\/\/finorabank.eu\/lt\/wp-json\/wp\/v2\/media\/3082"}],"wp:attachment":[{"href":"https:\/\/finorabank.eu\/lt\/wp-json\/wp\/v2\/media?parent=2866"}],"curies":[{"name":"wp","href":"https:\/\/api.w.org\/{rel}","templated":true}]}}