{"id":3334,"date":"2023-03-20T16:17:03","date_gmt":"2023-03-20T14:17:03","guid":{"rendered":"https:\/\/finorabank.eu\/politically-exposed-person\/"},"modified":"2023-03-20T20:17:08","modified_gmt":"2023-03-20T18:17:08","slug":"politically-exposed-person","status":"publish","type":"page","link":"https:\/\/finorabank.eu\/lt\/politically-exposed-person\/","title":{"rendered":"Politi\u0161kai pa\u017eeid\u017eiamu asmeniu laikomi"},"content":{"rendered":"\n<p><strong>Politi\u0161kai pa\u017eeid\u017eiamu asmeniu laikomi:<\/strong><\/p>\n\n\n\n<p>fiziniai asmenys, kuriems yra arba buvo patik\u0117tos svarbios vie\u0161osios pareigos:<\/p>\n\n\n\n<p>1. Valstyb\u0117s vadovas, vyriausyb\u0117s vadovas, ministras, viceministras arba ministro pavaduotojas, valstyb\u0117s sekretorius, parlamento, vyriausyb\u0117s arba ministerijos kancleris;<\/p>\n\n\n\n<p>2. parlamento narys;<\/p>\n\n\n\n<p>3. auk\u0161\u010diausi\u0173j\u0173 teism\u0173, konstitucini\u0173 teism\u0173 ar kit\u0173 auk\u0161\u010diausi\u0173j\u0173 teismini\u0173 institucij\u0173, kuri\u0173 sprendimai negali b\u016bti skund\u017eiami, narys;<\/p>\n\n\n\n<p>4. savivaldyb\u0117s meras, savivaldyb\u0117s administracijos direktorius;<\/p>\n\n\n\n<p>5. auk\u0161\u010diausiosios valstybi\u0173 audito ir kontrol\u0117s institucijos valdymo organo narys ar centrinio banko valdybos pirmininkas, jo pavaduotojas ar valdybos narys;<\/p>\n\n\n\n<p>6. ambasadorius, laikinasis reikal\u0173 patik\u0117tinis, nepaprastasis pasiuntinys ir \u012fgaliotasis ministras ar auk\u0161to rango ginkluot\u0173j\u0173 paj\u0117g\u0173 karininkas;<\/p>\n\n\n\n<p>7. valstyb\u0117s \u012fmon\u0117s, akcin\u0117s bendrov\u0117s, u\u017edarosios akcin\u0117s bendrov\u0117s, kuri\u0173 akcijos ar dalis akcij\u0173, suteikian\u010di\u0173 daugiau kaip 1\/2 vis\u0173 bals\u0173 \u0161i\u0173 bendrovi\u0173 visuotiniame akcinink\u0173 susirinkime, priklauso valstybei nuosavyb\u0117s teise, valdymo ar prie\u017ei\u016bros organo narys;<\/p>\n\n\n\n<p>8. savivaldyb\u0117s \u012fmon\u0117s, akcin\u0117s bendrov\u0117s, u\u017edarosios akcin\u0117s bendrov\u0117s, kuri\u0173 akcijos ar dalis akcij\u0173, suteikian\u010di\u0173 daugiau kaip 1\/2 vis\u0173 bals\u0173 \u0161i\u0173 bendrovi\u0173 visuotiniame akcinink\u0173 susirinkime, priklauso savivaldybei nuosavyb\u0117s teise ir kurios laikomos didel\u0117mis \u012fmon\u0117mis pagal Lietuvos Respublikos \u012fmoni\u0173 finansin\u0117s atskaitomyb\u0117s \u012fstatym\u0105, valdymo ar prie\u017ei\u016bros organo narys;<\/p>\n\n\n\n<p>9. tarptautin\u0117s tarpvyriausybin\u0117s organizacijos vadovas, jo pavaduotojas, valdymo ar prie\u017ei\u016bros organo narys;<\/p>\n\n\n\n<p>10. politin\u0117s partijos vadovas, jo pavaduotojas, valdymo organo narys<\/p>\n\n\n\n<p><strong>Artimas pagalbininkas:<\/strong><\/p>\n\n\n\n<p>1. fizinis asmuo, kuris su svarbias vie\u0161\u0105sias pareigas einan\u010diu ar \u0117jusiu asmeniu yra to paties juridinio asmens dalyviai arba palaiko kitus dalykinius santykius;<\/p>\n\n\n\n<p>2. fizinis asmuo, kuris yra vienintelis juridinio asmens, \u012fsteigto ar veikian\u010dio de facto siekiant turtin\u0117s ar kitokios asmenin\u0117s naudos svarbias vie\u0161\u0105sias pareigas einan\u010diam ar \u0117jusiam asmeniui, savininkas.<\/p>\n\n\n\n<p><strong>Artimieji \u0161eimos nariai<\/strong>:&nbsp;<\/p>\n\n\n\n<p>Sutuoktinis, asmuo, su kuriuo registruota partneryst\u0117 (toliau \u2013 sugyventinis), t\u0117vai, broliai, seserys, vaikai ir vaik\u0173 sutuoktiniai, vaik\u0173 sugyventiniai.<\/p>\n","protected":false},"excerpt":{"rendered":"<p>Politi\u0161kai pa\u017eeid\u017eiamu asmeniu laikomi: fiziniai asmenys, kuriems yra arba buvo patik\u0117tos svarbios vie\u0161osios pareigos: 1. Valstyb\u0117s vadovas, vyriausyb\u0117s vadovas, ministras, viceministras arba ministro pavaduotojas, valstyb\u0117s sekretorius, parlamento, vyriausyb\u0117s arba ministerijos kancleris; 2. parlamento narys; 3. auk\u0161\u010diausi\u0173j\u0173 teism\u0173, konstitucini\u0173 teism\u0173 ar kit\u0173 auk\u0161\u010diausi\u0173j\u0173 teismini\u0173 institucij\u0173, kuri\u0173 sprendimai negali b\u016bti skund\u017eiami, narys; 4. savivaldyb\u0117s meras, savivaldyb\u0117s administracijos direktorius; 5. auk\u0161\u010diausiosios valstybi\u0173 audito ir kontrol\u0117s institucijos valdymo organo narys ar centrinio banko valdybos pirmininkas, jo pavaduotojas ar valdybos narys; 6. ambasadorius, laikinasis reikal\u0173 patik\u0117tinis, nepaprastasis pasiuntinys ir \u012fgaliotasis ministras ar auk\u0161to rango ginkluot\u0173j\u0173 paj\u0117g\u0173 karininkas; 7. valstyb\u0117s \u012fmon\u0117s, akcin\u0117s bendrov\u0117s, u\u017edarosios akcin\u0117s bendrov\u0117s, [&hellip;]<\/p>\n","protected":false},"author":1,"featured_media":0,"parent":0,"menu_order":0,"comment_status":"closed","ping_status":"closed","template":"template-terms.php","meta":{"_acf_changed":false,"footnotes":""},"class_list":["post-3334","page","type-page","status-publish","hentry"],"acf":[],"_links":{"self":[{"href":"https:\/\/finorabank.eu\/lt\/wp-json\/wp\/v2\/pages\/3334","targetHints":{"allow":["GET"]}}],"collection":[{"href":"https:\/\/finorabank.eu\/lt\/wp-json\/wp\/v2\/pages"}],"about":[{"href":"https:\/\/finorabank.eu\/lt\/wp-json\/wp\/v2\/types\/page"}],"author":[{"embeddable":true,"href":"https:\/\/finorabank.eu\/lt\/wp-json\/wp\/v2\/users\/1"}],"replies":[{"embeddable":true,"href":"https:\/\/finorabank.eu\/lt\/wp-json\/wp\/v2\/comments?post=3334"}],"version-history":[{"count":1,"href":"https:\/\/finorabank.eu\/lt\/wp-json\/wp\/v2\/pages\/3334\/revisions"}],"predecessor-version":[{"id":3335,"href":"https:\/\/finorabank.eu\/lt\/wp-json\/wp\/v2\/pages\/3334\/revisions\/3335"}],"wp:attachment":[{"href":"https:\/\/finorabank.eu\/lt\/wp-json\/wp\/v2\/media?parent=3334"}],"curies":[{"name":"wp","href":"https:\/\/api.w.org\/{rel}","templated":true}]}}