{"id":478,"date":"2022-07-20T13:33:05","date_gmt":"2022-07-20T11:33:05","guid":{"rendered":"https:\/\/finorabank.eu\/home\/"},"modified":"2026-03-02T11:22:38","modified_gmt":"2026-03-02T09:22:38","slug":"home","status":"publish","type":"page","link":"https:\/\/finorabank.eu\/lt\/","title":{"rendered":"Home"},"content":{"rendered":"<div class=\"lazyblock-hero-slider-2o4nq7 wp-block-lazyblock-hero-slider\">\n<section class=\"hero-slider\">\n\t<div class=\"l-container\">\n\t\t<div class=\"splide hero-slider__splide\">\n\t\t\t<div class=\"splide__track\">\n\t\t\t\t<div class=\"splide__list\">\n\t\t\t\t\t\t\t\t\t\t\t<div class=\"splide__slide hero-slider__slide\">\n\t\t\t\t\t\t\t<div class=\"hero-slider__content\">\n\t\t\t\t\t\t\t\t\t\t\t\t\t\t\t\t\t<h1> Bankas, j\u016bs\u0173 verslo augimui<\/h1>\n\t\t\t\t\t\t\t\t\t\t\t\t\t\t\t\t<div>\n\t\t\t\t\t\t\t\t\t<ul>\n<li class=\"square_burgundy-list__item\">Paskolos verslui nuo 20 000 \u20ac<\/li>\n<li>Pal\u016bkan\u0173 mar\u017ea nuo 5 %<\/li>\n<li>Ai\u0161ki ir s\u0105\u017eininga kainodara<\/li>\n<li>Lankstus mok\u0117jimo grafikas, pritaikytas J\u016bs\u0173 verslo poreikiams<\/li>\n<\/ul>\t\t\t\t\t\t\t\t<\/div>\n\t\t\t\t\t\t\t\t\t\t\t\t\t\t\t\t\t<a href=\"https:\/\/finorabank.eu\/lt\/palukanu-kompensavimas\/\" class=\"btn\"><span>Su\u017einokite daugiau <\/span><\/a>\n\t\t\t\t\t\t\t\t\t\t\t\t\t\t\t<\/div>\n\t\t\t\t\t\t\t<div class=\"hero-slider__image\">\n\t\t\t\t\t\t\t\t<img decoding=\"async\" src=\"https:\/\/finorabank.eu\/wp-content\/uploads\/2024\/08\/13-1.png\" alt=\"\">\n\t\t\t\t\t\t\t<\/div>\n\t\t\t\t\t\t<\/div>\n\t\t\t\t\t\t\t\t\t<\/div>\n\t\t\t<\/div>\n\t\t<\/div>\n\t<\/div>\n<\/section>\n\n\n<\/div>\n\n<div class=\"lazyblock-services-1KisVB wp-block-lazyblock-services\"><section class=\"services\">\n\t<div class=\"l-container\">\n\t\t<div class=\"services__wrapper\">\n\t\t\t<div class=\"services__list\">\n\t\t\t\t\t\t\t\t\t<div class=\"services__card\">\n\t\t\t\t\t\t\t\t\t\t\t\t\t<a href=\"https:\/\/finorabank.eu\/lt\/paskola-verslui\/\">\n\t\t\t\t\t\t\n\t\t\t\t\t\t<div class=\"services__card-icon\"><img decoding=\"async\" src=\"https:\/\/finorabank.eu\/wp-content\/uploads\/2024\/08\/Untitled-design-13-1.png\"><\/div>\n\t\t\t\t\t\t<h2 class=\"services__card-title\">Verslo paskola <\/h2>\n\t\t\t\t\t\t<div class=\"services__card-content\">Planuojate pl\u0117tr\u0105, investicijas ar norite efektyviau valdyti pinig\u0173 srautus? Finora Bank verslo paskola \u2013 tai sprendimas Jums. Gaukite finansavim\u0105, kuris pad\u0117s \u012fgyvendinti J\u016bs\u0173 tikslus.<br><br>&#8211; Paskolos nuo 20 000 \u20ac<br>&#8211; Pal\u016bkan\u0173 mar\u017ea nuo 5 %<br>&#8211; Ai\u0161ki ir paprasta kainodara<br>&#8211; Lankst\u016bs sprendimai<\/div>\n\t\t\t\t\t\t\t\t\t\t\t\t\t<span class=\"arrow-link arrow-link--white\"><span>Pildyti finansavimo parai\u0161k\u0105 <\/span><\/span>\n\t\t\t\t\t\t<\/a>\n\t\t\t\t\t\t\t\t\t\t\t<\/div>\n\t\t\t\t\t\t\t\t\t<div class=\"services__card\">\n\t\t\t\t\t\t\t\t\t\t\t\t\t<a href=\"https:\/\/finorabank.eu\/lt\/lizingas\/\">\n\t\t\t\t\t\t\n\t\t\t\t\t\t<div class=\"services__card-icon\"><img decoding=\"async\" src=\"https:\/\/finorabank.eu\/wp-content\/uploads\/2024\/08\/Untitled-design-15.png\"><\/div>\n\t\t\t\t\t\t<h2 class=\"services__card-title\">Lizingas<\/h2>\n\t\t\t\t\t\t<div class=\"services__card-content\">Su lanks\u010diomis lizingo galimyb\u0117mis Finora Bank pad\u0117s J\u016bs\u0173 \u012fmonei \u012fsigyti automobilius, komercines transporto priemones, specializuot\u0105 technik\u0105 ar \u012frang\u0105 verslo augimui.<br><br>&#8211; Lizinguojame bet koki\u0105 \u012frang\u0105, transporto priemon\u0119 ar \u012frengin\u012f<br>&#8211; Pal\u016bkan\u0173 mar\u017ea nuo 5 %<br>&#8211; Lizingo terminas iki 10 met\u0173<\/div>\n\t\t\t\t\t\t\t\t\t\t\t\t\t<span class=\"arrow-link arrow-link--white\"><span>Pildyti lizingo parai\u0161k\u0105 <\/span><\/span>\n\t\t\t\t\t\t<\/a>\n\t\t\t\t\t\t\t\t\t\t\t<\/div>\n\t\t\t\t\t\t\t\t\t<div class=\"services__card\">\n\t\t\t\t\t\t\t\t\t\t\t\t\t<a href=\"https:\/\/finorabank.eu\/lt\/faktoringas\/\">\n\t\t\t\t\t\t\n\t\t\t\t\t\t<div class=\"services__card-icon\"><img decoding=\"async\" src=\"https:\/\/finorabank.eu\/wp-content\/uploads\/2025\/10\/Untitled-design-24.png\"><\/div>\n\t\t\t\t\t\t<h2 class=\"services__card-title\">Faktoringas <\/h2>\n\t\t\t\t\t\t<div class=\"services__card-content\"><strong>Su faktoringo paslauga Finora Bank pad\u0117s J\u016bs\u0173 \u012fmonei greitai gauti l\u0117\u0161\u0173 u\u017e i\u0161ra\u0161ytas s\u0105skaitas ir u\u017etikrinti stabili\u0105 apyvart\u0105 verslo augimui.<\/strong><br><br>&#8211; Gaukit\u0117s iki 90 % s\u0105skaitos sumos i\u0161 karto<br>&#8211; Be papildomo u\u017estato<br>&#8211; Sprendimas per 1 darbo dien\u0105<\/div>\n\t\t\t\t\t\t\t\t\t\t\t\t\t<span class=\"arrow-link arrow-link--white\"><span>Pildyti parai\u0161k\u0105 <\/span><\/span>\n\t\t\t\t\t\t<\/a>\n\t\t\t\t\t\t\t\t\t\t\t<\/div>\n\t\t\t\t\t\t\t\t\t<div class=\"services__card\">\n\t\t\t\t\t\t\t\t\t\t\t\t\t<a href=\"https:\/\/finorabank.eu\/lt\/paskola-su-invega\/\">\n\t\t\t\t\t\t\n\t\t\t\t\t\t<div class=\"services__card-icon\"><img decoding=\"async\" src=\"https:\/\/finorabank.eu\/wp-content\/uploads\/2024\/08\/Untitled-design-8.png\"><\/div>\n\t\t\t\t\t\t<h2 class=\"services__card-title\">Paskolos su ILTE<\/h2>\n\t\t\t\t\t\t<div class=\"services__card-content\">Verslo paskolos su ILTE (buvusi INVEGA) garantijomis iki 80 % paskolos sumos arba su pal\u016bkan\u0173 kompensavimu \u2013 paprastas ir efektyvus b\u016bdas gauti paskol\u0105, net jei neturite pakankamo u\u017estato. <br><br>&#8211; ILTE garantijos iki 80 % paskolos sumos<br>&#8211; Galimyb\u0117 pasinaudoti pal\u016bkan\u0173 kompensavimu SVV verslams<br>&#8211; Paskolos palankiomis s\u0105lygomis regioniniams verslams ir \u016bkiams <\/div>\n\t\t\t\t\t\t\t\t\t\t\t\t\t<span class=\"arrow-link arrow-link--white\"><span>Pildyti finansavimo parai\u0161k\u0105 <\/span><\/span>\n\t\t\t\t\t\t<\/a>\n\t\t\t\t\t\t\t\t\t\t\t<\/div>\n\t\t\t\t\t\t\t\t\t<div class=\"services__card\">\n\t\t\t\t\t\t\t\t\t\t\t\t\t<a href=\"https:\/\/finorabank.eu\/lt\/naujienos\/\">\n\t\t\t\t\t\t\n\t\t\t\t\t\t<div class=\"services__card-icon\"><img decoding=\"async\" src=\"https:\/\/finorabank.eu\/wp-content\/uploads\/2024\/08\/Untitled-design-9.png\"><\/div>\n\t\t\t\t\t\t<h2 class=\"services__card-title\">Naujienos<\/h2>\n\t\t\t\t\t\t<div class=\"services__card-content\">Sekite m\u016bs\u0173 naujienas.<\/div>\n\t\t\t\t\t\t\t\t\t\t\t\t\t<span class=\"arrow-link arrow-link--white\"><span>Skaityti naujienas<\/span><\/span>\n\t\t\t\t\t\t<\/a>\n\t\t\t\t\t\t\t\t\t\t\t<\/div>\n\t\t\t\t\t\t\t<\/div>\n\t\t<\/div>\n\t<\/div>\n<\/section>\n\n<\/div>\n\n<div class=\"lazyblock-media-text-Z1JtXx5 wp-block-lazyblock-media-text\">\n<section class=\"media-text\">\n\t<div class=\"l-container l-container--medium\">\n\t\t<div class=\"media-text__media\">\n\t\t\t<img decoding=\"async\" src=\"https:\/\/finorabank.eu\/wp-content\/uploads\/2024\/08\/business-financial-accountant-discussing-with-par-2023-11-27-05-25-57-utc-1-scaled.jpg\" alt=\"\">\n\t\t<\/div>\n\t\t<div class=\"media-text__text\">\n\t\t\t<h2>Profesionalios finansavimo paslaugos verslui Lietuvoje ir Estijoje<\/h2>\n\t\t\t\t\t\t\t<div>Esame atsakingas bankas verslui, turintis daugiau nei 10 met\u0173 patirt\u012f. Si\u016blome skaidri\u0105 kainodar\u0105 be joki\u0173 pasl\u0117pt\u0173 mokes\u010di\u0173, ekspert\u0173 konsultacijas ir asmenin\u012f vadybinink\u0105, kuris r\u016bpinsis J\u016bs\u0173 verslo finansavimo poreikiais. <br><br><strong>Kod\u0117l Finora Bank yra geriausias partneris J\u016bs\u0173 verslo augimui?<\/strong><br>&#8211; Konkurencinga kainodara ir \u017eemos pal\u016bkanos <br>&#8211; Individual\u016bs, J\u016bs\u0173 verslo poreikiams pritaikyti sprendimai<br>&#8211; Skaidri kainodara be pasl\u0117pt\u0173 mokes\u010di\u0173<br>&#8211; Lanks\u010dios s\u0105lygos.<\/div>\n\t\t\t\t\t<\/div>\n\t<\/div>\n<\/section>\n<\/div>\n\n<div class=\"lazyblock-media-text-1KBDq8 wp-block-lazyblock-media-text\">\n<section class=\"media-text media-text--right media-text--blue\">\n\t<div class=\"l-container l-container--medium\">\n\t\t<div class=\"media-text__media\">\n\t\t\t<img decoding=\"async\" src=\"https:\/\/finorabank.eu\/wp-content\/uploads\/2024\/08\/Untitled-design-20.png\" alt=\"\">\n\t\t<\/div>\n\t\t<div class=\"media-text__text\">\n\t\t\t<h2>Reikalinga konsultacija? <\/h2>\n\t\t\t\t\t\t\t<div>Pasikalb\u0117kite su vienu i\u0161 m\u016bs\u0173 komandos nari\u0173 ir su\u017einokite, kaip galime pad\u0117ti J\u016bs\u0173 verslui augti.<br><br><a href=\"https:\/\/finorabank.eu\/lt\/kontaktai\/\">Susisiekime! <\/a><\/div>\n\t\t\t\t\t<\/div>\n\t<\/div>\n<\/section>\n<\/div>\n\n<div class=\"lazyblock-latest-news-Z24Txar wp-block-lazyblock-latest-news\">\n<section class=\"latest-news\">\n\t<div class=\"l-container\">\n\t\t<div class=\"latest-news__intro\">\n\t\t\t<h2>Naujienos<\/h2>\n\t\t\t\t\t\t\t<p>Sekite m\u016bs\u0173 naujausias naujienas<\/p>\n\t\t\t\t\t\t\t\t\t\t<a href=\"https:\/\/finorabank.eu\/lt\/naujienos\/\">Pamatyti visas naujienas<\/a>\n\t\t\t\t\t<\/div>\n\n\t\t<div class=\"latest-news__list\">\n\n\t\t\t\n<article id=\"post-12026\" class=\"news post-12026 post type-post status-publish format-standard has-post-thumbnail hentry category-naujienos\">\n\t<a href=\"https:\/\/finorabank.eu\/lt\/naujienos\/darius-buzys-prisijungia-prie-finora-bank-valdybos\/\">\n\t\t<div class=\"news__thumbnail\">\n\t\t\t<img decoding=\"async\" src=\"https:\/\/finorabank.eu\/wp-content\/uploads\/2026\/03\/Darius-Buzys-740x504.png\" alt=\"\">\n\t\t<\/div>\n\t\t<h3 class=\"news__title\">Darius Buzys prisijungia prie \u201eFinora Bank\u201c valdybos<\/h3>\n\t\t<p class=\"news__excerpt\">Darius Buzys, iki \u0161iol \u0117j\u0119s rizikos vadovo pareigas, paskirtas \u201eFinora Bank\u201c valdybos nariu. Paskyrimui pritar\u0117 Lietuvos bankas, o sprendim\u0105 patvirtino banko steb\u0117toj\u0173 taryba.<\/p>\n\t\t<span class=\"news__link arrow-link\"><span>Skaityti straipsn\u012f<\/span><\/span>\n\t<\/a>\n<\/article><!-- #post-12026 -->\n<article id=\"post-11306\" class=\"news post-11306 post type-post status-publish format-standard has-post-thumbnail hentry category-naujienos\">\n\t<a href=\"https:\/\/finorabank.eu\/lt\/naujienos\/finora-bank-po-spartaus-augimo-stiprina-pozicijas-rinkoje\/\">\n\t\t<div class=\"news__thumbnail\">\n\t\t\t<img decoding=\"async\" src=\"https:\/\/finorabank.eu\/wp-content\/uploads\/2025\/04\/Finora-Bank-740x504.png\" alt=\"\">\n\t\t<\/div>\n\t\t<h3 class=\"news__title\">\u201eFinora Bank\u201c po spartaus augimo stiprina pozicijas rinkoje<\/h3>\n\t\t<p class=\"news__excerpt\">2025-ieji \u201eFinora Bank\u201c yra vieni stipriausi\u0173 veiklos met\u0173 \u2013 banko rezultatai beveik patrigub\u0117jo, palyginti su 2024-aisiais. Augimo tempas gerokai vir\u0161ijo rinkos vidurk\u012f ir dar kart\u0105 patvirtino \u201eFinora Bank\u201c kaip vien\u0105 spar\u010diausiai augan\u010di\u0173&hellip;<\/p>\n\t\t<span class=\"news__link arrow-link\"><span>Skaityti straipsn\u012f<\/span><\/span>\n\t<\/a>\n<\/article><!-- #post-11306 -->\n<article id=\"post-10840\" class=\"news post-10840 post type-post status-publish format-standard has-post-thumbnail hentry category-naujienos\">\n\t<a href=\"https:\/\/finorabank.eu\/lt\/naujienos\/finora-bank-per-pusmeti-paskolu-portfeli-padidino-111\/\">\n\t\t<div class=\"news__thumbnail\">\n\t\t\t<img decoding=\"async\" src=\"https:\/\/finorabank.eu\/wp-content\/uploads\/2025\/07\/Sarunas-Ruzgys_CEO-Finora-Bank-740x504.jpg\" alt=\"\">\n\t\t<\/div>\n\t\t<h3 class=\"news__title\">\u201eFinora Bank\u201c per pusmet\u012f paskol\u0173 portfel\u012f padidino 111 %<\/h3>\n\t\t<p class=\"news__excerpt\">2025 m. pirm\u0105j\u012f pusmet\u012f \u201eFinora Bank\u201c verslo paskol\u0173 portfelis i\u0161augo 111 % ir pasiek\u0117 59 mln. eur\u0173. Ind\u0117li\u0173 apimtys tuo pa\u010diu laikotarpiu augo 135 %, pasiekdamos 65 mln. eur\u0173, o\u00a0 banko pajamos&hellip;<\/p>\n\t\t<span class=\"news__link arrow-link\"><span>Skaityti straipsn\u012f<\/span><\/span>\n\t<\/a>\n<\/article><!-- #post-10840 -->\t\t<\/div>\n\t<\/div>\n<\/section><\/div>","protected":false},"excerpt":{"rendered":"","protected":false},"author":1,"featured_media":8098,"parent":0,"menu_order":0,"comment_status":"closed","ping_status":"closed","template":"","meta":{"_acf_changed":false,"footnotes":""},"class_list":["post-478","page","type-page","status-publish","has-post-thumbnail","hentry"],"acf":[],"_links":{"self":[{"href":"https:\/\/finorabank.eu\/lt\/wp-json\/wp\/v2\/pages\/478","targetHints":{"allow":["GET"]}}],"collection":[{"href":"https:\/\/finorabank.eu\/lt\/wp-json\/wp\/v2\/pages"}],"about":[{"href":"https:\/\/finorabank.eu\/lt\/wp-json\/wp\/v2\/types\/page"}],"author":[{"embeddable":true,"href":"https:\/\/finorabank.eu\/lt\/wp-json\/wp\/v2\/users\/1"}],"replies":[{"embeddable":true,"href":"https:\/\/finorabank.eu\/lt\/wp-json\/wp\/v2\/comments?post=478"}],"version-history":[{"count":50,"href":"https:\/\/finorabank.eu\/lt\/wp-json\/wp\/v2\/pages\/478\/revisions"}],"predecessor-version":[{"id":11985,"href":"https:\/\/finorabank.eu\/lt\/wp-json\/wp\/v2\/pages\/478\/revisions\/11985"}],"wp:featuredmedia":[{"embeddable":true,"href":"https:\/\/finorabank.eu\/lt\/wp-json\/wp\/v2\/media\/8098"}],"wp:attachment":[{"href":"https:\/\/finorabank.eu\/lt\/wp-json\/wp\/v2\/media?parent=478"}],"curies":[{"name":"wp","href":"https:\/\/api.w.org\/{rel}","templated":true}]}}