{"id":779,"date":"2022-08-11T14:40:16","date_gmt":"2022-08-11T12:40:16","guid":{"rendered":"https:\/\/finorabank.eu\/meist\/"},"modified":"2026-03-31T14:34:33","modified_gmt":"2026-03-31T12:34:33","slug":"apie-mus","status":"publish","type":"page","link":"https:\/\/finorabank.eu\/lt\/apie-mus\/","title":{"rendered":"Apie mus"},"content":{"rendered":"<div class=\"lazyblock-hero-Z1p483N wp-block-lazyblock-hero\">\n<section class=\"hero hero--wider-image\">\n\t<div class=\"l-container\">\n\t\t<div class=\"hero__content\">\n\t\t\t<h1>Specializuotas bankas smulkiam ir vidutiniam verslui <\/h1>\t\t\t\t\t\t\t<div class=\"hero__content-txt\"><p>Teikiame finansavim\u0105 ma\u017eoms ir vidutin\u0117ms \u012fmon\u0117ms, verslininkams ir k\u016br\u0117jams.\u00a0<\/p>\n<p>Finora Bank komanda tiki asmeniniu po\u017ei\u016briu, tod\u0117l kiekvienam klientui si\u016blo individualius ir lanks\u010dius finansavimo sprendimus. Mes ir m\u016bs\u0173 klientai \u017eengiame tuo pa\u010diu keliu: augame ir stipr\u0117jame kartu.<\/p>\n<p>Finora Bank turi ilgamet\u0119 patirt\u012f Estijoje, o nuo 2019 m. s\u0117kmingai padeda verslams Lietuvos rinkoje.<\/p>\n<p>Si\u016blome plat\u0173 finansini\u0173 paslaug\u0173 spektr\u0105:<\/p>\n<p data-sourcepos=\"7:1-7:30\"><strong>M\u016bs\u0173 finansin\u0117s paslaugos:<\/strong><\/p>\n<ul data-sourcepos=\"9:1-10:10\">\n<li data-sourcepos=\"9:1-9:17\">Verslo paskolos<\/li>\n<li data-sourcepos=\"10:1-10:10\">Lizingas<\/li>\n<li data-sourcepos=\"11:1-11:26\">Paskolos su garantijomis<\/li>\n<\/ul><\/div>\n\t\t\t\t\t\t\t\t<\/div>\n\t\t\t\t\t<div class=\"hero__image\">\n\t\t\t\t<img decoding=\"async\" src=\"https:\/\/finorabank.eu\/wp-content\/uploads\/2024\/07\/joyful-woman-using-laptop-and-smartphone-in-potter-2023-11-27-05-04-43-utc-scaled.jpg\" alt=\"\">\n\t\t\t<\/div>\n\t\t\t<\/div>\n<\/section><\/div>\n\n<div class=\"lazyblock-media-text-Z1JtXx5 wp-block-lazyblock-media-text\">\n<section class=\"media-text\">\n\t<div class=\"l-container l-container--medium\">\n\t\t<div class=\"media-text__media\">\n\t\t\t<img decoding=\"async\" src=\"https:\/\/finorabank.eu\/wp-content\/uploads\/2024\/07\/Finora-maal-2-1-scaled.jpg\" alt=\"\">\n\t\t<\/div>\n\t\t<div class=\"media-text__text\">\n\t\t\t<h2>Finora Bank \u2013 specializuotas bankas, teikiantis finansavim\u0105 smulkiam ir vidutiniam verslui Lietuvoje ir Estijoje.<\/h2>\n\t\t\t\t\t\t\t<div>2022 m. gav\u0119 Europos Centrinio Banko (ECB) licencij\u0105, si\u016blome individualius finansavimo ir bankininkyst\u0117s sprendimus, \u012fskaitant verslo paskolas, apyvartinio kapitalo paskolas, lizing\u0105, faktoring\u0105 ir terminuotus ind\u0117lius.\u00a0<br><br>Siekdami padidinti finansavimo prieinamum\u0105, bendradarbiaujame su Europos investicij\u0173 fondu (EIF), Invega ir Kredex.\u00a0<br><br>M\u016bs\u0173 misija \u2013 tapti pagrindiniu smulkaus ir vidutinio verslo partneriu, si\u016blan\u010diu visapusi\u0161k\u0105 finansini\u0173 paslaug\u0173 paket\u0105, padedant verslams augti.\u00a0<\/div>\n\t\t\t\t\t<\/div>\n\t<\/div>\n<\/section>\n<\/div>\n\n<div class=\"lazyblock-media-text-1KBDq8 wp-block-lazyblock-media-text\">\n<section class=\"media-text media-text--right\">\n\t<div class=\"l-container l-container--medium\">\n\t\t<div class=\"media-text__media\">\n\t\t\t<img decoding=\"async\" src=\"https:\/\/finorabank.eu\/wp-content\/uploads\/2024\/08\/Meet-The-Creative-People-Instagram-Post-2.png\" alt=\"\">\n\t\t<\/div>\n\t\t<div class=\"media-text__text\">\n\t\t\t<h2>Finora Group steig\u0117jai ir akcininkai<\/h2>\n\t\t\t\t\t\t\t<div>Finora Bank yra Finora Group dalis, kuri\u0105 palaiko daugiau nei 30 priva\u010di\u0173 ir institucini\u0173 investuotoj\u0173 i\u0161 visos Europos. Finora Group \u012fk\u016br\u0117 Veikko Maripuu \u2013 did\u017eiausias akcininkas ir Steb\u0117toj\u0173 tarybos pirmininkas.<br><br>Veikko Maripuu yra investuotojas ir verslininkas, investicij\u0173 grup\u0117s \u201eHead Capital\u201c savininkas, kuriai priklauso \u012fvairiose srityse veikian\u010dios \u012fmon\u0117s. Anks\u010diau jis buvo vienas i\u0161 \u201eRedgate Capital\u201c \u012fk\u016br\u0117j\u0173 bei partneris investiciniuose bankuose \u201eSuprema\u201c ir \u201eEvli\u201c.<\/div>\n\t\t\t\t\t<\/div>\n\t<\/div>\n<\/section>\n<\/div>\n\n<div class=\"lazyblock-grouped-experts-container-Z2f3tFO wp-block-lazyblock-grouped-experts-container\">\n<section class=\"experts\">\n\t<div class=\"l-container\">\n\t\t\n<div class=\"lazyblock-grouped-experts-Z2nwcr9 wp-block-lazyblock-grouped-experts\">\n\n\n<h2 class=\"experts__title\">Verslo klientams <\/h2>\n\n<div class=\"experts__list\">\n\t\t\t\t\t<article class=\"expert\">\n\t\t\t<div class=\"expert__thumbnail\">\n\t\t\t\t\t\t\t\t<img decoding=\"async\" src=\"https:\/\/finorabank.eu\/wp-content\/uploads\/2024\/07\/Mangirdas_Kireilis_Finora-Bank.png\" alt=\"\">\n\t\t\t\t\t\t\t<\/div>\n\t\t\t<div class=\"expert__content\">\n\t\t\t\t<h3>Mangirdas Kireilis<\/h3>\n\t\t\t\t<div class=\"expert__job-title\">Pardavim\u0173 vadovas Baltijos \u0161alyse  ir valdybos narys <\/div>\n\t\t\t\t<div class=\"expert__phone\"><a href=\"tel:\"><\/a><\/div>\n\t\t\t\t<div class=\"expert__email\"><a href=\"mailto:mangirdas.kireilis@finorabank.eu\">mangirdas.kireilis@finorabank.eu<\/a><\/div>\n\t\t\t\t\t\t\t\t\t<div class=\"expert__linkedin expert__linkedin--empty\"><a href=\"https:\/\/www.linkedin.com\/in\/mangirdas-kireilis-67914817\/\" target=\"_blank\"><svg id=\"Layer_1\" data-name=\"Layer 1\" xmlns=\"http:\/\/www.w3.org\/2000\/svg\" viewBox=\"0 0 25 25\"><defs><style>.cls-1{fill:#fff;}<\/style><\/defs><path class=\"cls-1\" d=\"M0,0V25H25V0ZM7.68,20.62a.58.58,0,0,1-.58.58H4.65a.58.58,0,0,1-.58-.58V10.16a.58.58,0,0,1,.58-.58H7.1a.58.58,0,0,1,.58.58ZM5.87,8A2.09,2.09,0,1,1,8,5.89,2.09,2.09,0,0,1,5.87,8Zm15.35,5.28V21a.23.23,0,0,1-.24.24H17.85a.24.24,0,0,1-.24-.24V14.5A2,2,0,0,0,17,13.07a2,2,0,0,0-1.46-.59,2,2,0,0,0-2,2V21a.24.24,0,0,1-.24.24H10.2A.24.24,0,0,1,10,21V9.82a.24.24,0,0,1,.24-.24h3.06a.24.24,0,0,1,.24.24v1.29h0a3.21,3.21,0,0,1,.19-.31,3.52,3.52,0,0,1,2.9-1.51h.63a4,4,0,0,1,4,4Z\"\/><\/svg><\/a><\/div>\n\t\t\t\t\t\t\t<\/div>\n\t\t<\/article>\n\t\t\t\t\t<article class=\"expert\">\n\t\t\t<div class=\"expert__thumbnail\">\n\t\t\t\t\t\t\t\t<img decoding=\"async\" src=\"https:\/\/finorabank.eu\/wp-content\/uploads\/2024\/12\/Jurgita_Finora-Bank.png\" alt=\"\">\n\t\t\t\t\t\t\t<\/div>\n\t\t\t<div class=\"expert__content\">\n\t\t\t\t<h3>Jurgita Vercinkevi\u010dien\u0117<\/h3>\n\t\t\t\t<div class=\"expert__job-title\">Finansavimo projekt\u0173 vadov\u0117<\/div>\n\t\t\t\t<div class=\"expert__phone\"><a href=\"tel:+370 6 826 9449\">+370 6 826 9449<\/a><\/div>\n\t\t\t\t<div class=\"expert__email\"><a href=\"mailto:jurgita.vercinkeviciene@finorabank.eu\">jurgita.vercinkeviciene@finorabank.eu<\/a><\/div>\n\t\t\t\t\t\t\t<\/div>\n\t\t<\/article>\n\t\t\t\t\t<article class=\"expert\">\n\t\t\t<div class=\"expert__thumbnail\">\n\t\t\t\t\t\t\t\t<img decoding=\"async\" src=\"https:\/\/finorabank.eu\/wp-content\/uploads\/2024\/08\/2.png\" alt=\"\">\n\t\t\t\t\t\t\t<\/div>\n\t\t\t<div class=\"expert__content\">\n\t\t\t\t<h3>Mantas Bukantis<\/h3>\n\t\t\t\t<div class=\"expert__job-title\">Finansavimo projekt\u0173 vadovas<\/div>\n\t\t\t\t<div class=\"expert__phone\"><a href=\"tel:+370 6 094 9208\">+370 6 094 9208<\/a><\/div>\n\t\t\t\t<div class=\"expert__email\"><a href=\"mailto:mantas.bukantis@finorabank.eu\">mantas.bukantis@finorabank.eu<\/a><\/div>\n\t\t\t\t\t\t\t<\/div>\n\t\t<\/article>\n\t\t\t\t\t<article class=\"expert\">\n\t\t\t<div class=\"expert__thumbnail\">\n\t\t\t\t\t\t\t\t<img decoding=\"async\" src=\"https:\/\/finorabank.eu\/wp-content\/uploads\/2024\/08\/Tomas-Vaiginis_Finora-Bank.png\" alt=\"\">\n\t\t\t\t\t\t\t<\/div>\n\t\t\t<div class=\"expert__content\">\n\t\t\t\t<h3>Tomas Vaiginis<\/h3>\n\t\t\t\t<div class=\"expert__job-title\">Finansavimo projekt\u0173 vadovas<\/div>\n\t\t\t\t<div class=\"expert__phone\"><a href=\"tel:+370 6 599 5167\">+370 6 599 5167<\/a><\/div>\n\t\t\t\t<div class=\"expert__email\"><a href=\"mailto:tomas.vaiginis@finorabank.eu\">tomas.vaiginis@finorabank.eu<\/a><\/div>\n\t\t\t\t\t\t\t<\/div>\n\t\t<\/article>\n\t\t\t\t\t<article class=\"expert\">\n\t\t\t<div class=\"expert__thumbnail\">\n\t\t\t\t\t\t\t\t<img decoding=\"async\" src=\"https:\/\/finorabank.eu\/wp-content\/uploads\/2025\/03\/Evelina-Genyte.png\" alt=\"\">\n\t\t\t\t\t\t\t<\/div>\n\t\t\t<div class=\"expert__content\">\n\t\t\t\t<h3>Evelina Genyt\u0117<\/h3>\n\t\t\t\t<div class=\"expert__job-title\">Finansavimo projekt\u0173 vadov\u0117<\/div>\n\t\t\t\t<div class=\"expert__phone\"><a href=\"tel:+370 6 026 0278\">+370 6 026 0278<\/a><\/div>\n\t\t\t\t<div class=\"expert__email\"><a href=\"mailto:evelina.genyte@finorabank.eu\">evelina.genyte@finorabank.eu<\/a><\/div>\n\t\t\t\t\t\t\t<\/div>\n\t\t<\/article>\n\t<\/div>\n\n<\/div>\n\n<div class=\"lazyblock-grouped-experts-ZOkmix wp-block-lazyblock-grouped-experts\">\n\n\n<h2 class=\"experts__title\">Vadov\u0173 komanda<\/h2>\n\n<div class=\"experts__list\">\n\t\t\t\t\t<article class=\"expert\">\n\t\t\t<div class=\"expert__thumbnail\">\n\t\t\t\t\t\t\t\t<img decoding=\"async\" src=\"https:\/\/finorabank.eu\/wp-content\/uploads\/2023\/05\/Untitled-design-12.png\" alt=\"\">\n\t\t\t\t\t\t\t<\/div>\n\t\t\t<div class=\"expert__content\">\n\t\t\t\t<h3>\u0160ar\u016bnas Ruzgys<\/h3>\n\t\t\t\t<div class=\"expert__job-title\">Administracijos vadovas ir valdybos pirmininkas<\/div>\n\t\t\t\t<div class=\"expert__phone\"><a href=\"tel:\"><\/a><\/div>\n\t\t\t\t<div class=\"expert__email\"><a href=\"mailto:\"><\/a><\/div>\n\t\t\t\t\t\t\t\t\t<div class=\"expert__linkedin expert__linkedin--empty\"><a href=\"https:\/\/www.linkedin.com\/in\/sarunas-ruzgys\/\" target=\"_blank\"><svg id=\"Layer_1\" data-name=\"Layer 1\" xmlns=\"http:\/\/www.w3.org\/2000\/svg\" viewBox=\"0 0 25 25\"><defs><style>.cls-1{fill:#fff;}<\/style><\/defs><path class=\"cls-1\" d=\"M0,0V25H25V0ZM7.68,20.62a.58.58,0,0,1-.58.58H4.65a.58.58,0,0,1-.58-.58V10.16a.58.58,0,0,1,.58-.58H7.1a.58.58,0,0,1,.58.58ZM5.87,8A2.09,2.09,0,1,1,8,5.89,2.09,2.09,0,0,1,5.87,8Zm15.35,5.28V21a.23.23,0,0,1-.24.24H17.85a.24.24,0,0,1-.24-.24V14.5A2,2,0,0,0,17,13.07a2,2,0,0,0-1.46-.59,2,2,0,0,0-2,2V21a.24.24,0,0,1-.24.24H10.2A.24.24,0,0,1,10,21V9.82a.24.24,0,0,1,.24-.24h3.06a.24.24,0,0,1,.24.24v1.29h0a3.21,3.21,0,0,1,.19-.31,3.52,3.52,0,0,1,2.9-1.51h.63a4,4,0,0,1,4,4Z\"\/><\/svg><\/a><\/div>\n\t\t\t\t\t\t\t<\/div>\n\t\t<\/article>\n\t\t\t\t\t<article class=\"expert\">\n\t\t\t<div class=\"expert__thumbnail\">\n\t\t\t\t\t\t\t\t<img decoding=\"async\" src=\"https:\/\/finorabank.eu\/wp-content\/uploads\/2024\/08\/Darius-Buzys.png\" alt=\"\">\n\t\t\t\t\t\t\t<\/div>\n\t\t\t<div class=\"expert__content\">\n\t\t\t\t<h3>Darius Buzys<\/h3>\n\t\t\t\t<div class=\"expert__job-title\">Valdybos narys, Rizikos vadovas<\/div>\n\t\t\t\t<div class=\"expert__phone\"><a href=\"tel:\"><\/a><\/div>\n\t\t\t\t<div class=\"expert__email\"><a href=\"mailto:\"><\/a><\/div>\n\t\t\t\t\t\t\t\t\t<div class=\"expert__linkedin expert__linkedin--empty\"><a href=\"https:\/\/www.linkedin.com\/in\/darius-buzys-01770877\/\" target=\"_blank\"><svg id=\"Layer_1\" data-name=\"Layer 1\" xmlns=\"http:\/\/www.w3.org\/2000\/svg\" viewBox=\"0 0 25 25\"><defs><style>.cls-1{fill:#fff;}<\/style><\/defs><path class=\"cls-1\" d=\"M0,0V25H25V0ZM7.68,20.62a.58.58,0,0,1-.58.58H4.65a.58.58,0,0,1-.58-.58V10.16a.58.58,0,0,1,.58-.58H7.1a.58.58,0,0,1,.58.58ZM5.87,8A2.09,2.09,0,1,1,8,5.89,2.09,2.09,0,0,1,5.87,8Zm15.35,5.28V21a.23.23,0,0,1-.24.24H17.85a.24.24,0,0,1-.24-.24V14.5A2,2,0,0,0,17,13.07a2,2,0,0,0-1.46-.59,2,2,0,0,0-2,2V21a.24.24,0,0,1-.24.24H10.2A.24.24,0,0,1,10,21V9.82a.24.24,0,0,1,.24-.24h3.06a.24.24,0,0,1,.24.24v1.29h0a3.21,3.21,0,0,1,.19-.31,3.52,3.52,0,0,1,2.9-1.51h.63a4,4,0,0,1,4,4Z\"\/><\/svg><\/a><\/div>\n\t\t\t\t\t\t\t<\/div>\n\t\t<\/article>\n\t\t\t\t\t<article class=\"expert\">\n\t\t\t<div class=\"expert__thumbnail\">\n\t\t\t\t\t\t\t\t<img decoding=\"async\" src=\"https:\/\/finorabank.eu\/wp-content\/uploads\/2024\/07\/Mangirdas_Kireilis_Finora-Bank.png\" alt=\"\">\n\t\t\t\t\t\t\t<\/div>\n\t\t\t<div class=\"expert__content\">\n\t\t\t\t<h3>Mangirdas Kireilis<\/h3>\n\t\t\t\t<div class=\"expert__job-title\">Pardavim\u0173 vadovas Baltijos \u0161alyse  ir valdybos narys <\/div>\n\t\t\t\t<div class=\"expert__phone\"><a href=\"tel:\"><\/a><\/div>\n\t\t\t\t<div class=\"expert__email\"><a href=\"mailto:mangirdas.kireilis@finorabank.eu\">mangirdas.kireilis@finorabank.eu<\/a><\/div>\n\t\t\t\t\t\t\t\t\t<div class=\"expert__linkedin expert__linkedin--empty\"><a href=\"https:\/\/www.linkedin.com\/in\/mangirdas-kireilis-67914817\/\" target=\"_blank\"><svg id=\"Layer_1\" data-name=\"Layer 1\" xmlns=\"http:\/\/www.w3.org\/2000\/svg\" viewBox=\"0 0 25 25\"><defs><style>.cls-1{fill:#fff;}<\/style><\/defs><path class=\"cls-1\" d=\"M0,0V25H25V0ZM7.68,20.62a.58.58,0,0,1-.58.58H4.65a.58.58,0,0,1-.58-.58V10.16a.58.58,0,0,1,.58-.58H7.1a.58.58,0,0,1,.58.58ZM5.87,8A2.09,2.09,0,1,1,8,5.89,2.09,2.09,0,0,1,5.87,8Zm15.35,5.28V21a.23.23,0,0,1-.24.24H17.85a.24.24,0,0,1-.24-.24V14.5A2,2,0,0,0,17,13.07a2,2,0,0,0-1.46-.59,2,2,0,0,0-2,2V21a.24.24,0,0,1-.24.24H10.2A.24.24,0,0,1,10,21V9.82a.24.24,0,0,1,.24-.24h3.06a.24.24,0,0,1,.24.24v1.29h0a3.21,3.21,0,0,1,.19-.31,3.52,3.52,0,0,1,2.9-1.51h.63a4,4,0,0,1,4,4Z\"\/><\/svg><\/a><\/div>\n\t\t\t\t\t\t\t<\/div>\n\t\t<\/article>\n\t\t\t\t\t<article class=\"expert\">\n\t\t\t<div class=\"expert__thumbnail\">\n\t\t\t\t\t\t\t\t<img decoding=\"async\" src=\"https:\/\/finorabank.eu\/wp-content\/uploads\/2022\/08\/Untitled-design-23.png\" alt=\"\">\n\t\t\t\t\t\t\t<\/div>\n\t\t\t<div class=\"expert__content\">\n\t\t\t\t<h3>Kristi H\u00f5rrak<\/h3>\n\t\t\t\t<div class=\"expert__job-title\">Finans\u0173 vadov\u0117<\/div>\n\t\t\t\t<div class=\"expert__phone\"><a href=\"tel:\"><\/a><\/div>\n\t\t\t\t<div class=\"expert__email\"><a href=\"mailto:\"><\/a><\/div>\n\t\t\t\t\t\t\t\t\t<div class=\"expert__linkedin expert__linkedin--empty\"><a href=\"https:\/\/www.linkedin.com\/in\/kristihorrak\/\" target=\"_blank\"><svg id=\"Layer_1\" data-name=\"Layer 1\" xmlns=\"http:\/\/www.w3.org\/2000\/svg\" viewBox=\"0 0 25 25\"><defs><style>.cls-1{fill:#fff;}<\/style><\/defs><path class=\"cls-1\" d=\"M0,0V25H25V0ZM7.68,20.62a.58.58,0,0,1-.58.58H4.65a.58.58,0,0,1-.58-.58V10.16a.58.58,0,0,1,.58-.58H7.1a.58.58,0,0,1,.58.58ZM5.87,8A2.09,2.09,0,1,1,8,5.89,2.09,2.09,0,0,1,5.87,8Zm15.35,5.28V21a.23.23,0,0,1-.24.24H17.85a.24.24,0,0,1-.24-.24V14.5A2,2,0,0,0,17,13.07a2,2,0,0,0-1.46-.59,2,2,0,0,0-2,2V21a.24.24,0,0,1-.24.24H10.2A.24.24,0,0,1,10,21V9.82a.24.24,0,0,1,.24-.24h3.06a.24.24,0,0,1,.24.24v1.29h0a3.21,3.21,0,0,1,.19-.31,3.52,3.52,0,0,1,2.9-1.51h.63a4,4,0,0,1,4,4Z\"\/><\/svg><\/a><\/div>\n\t\t\t\t\t\t\t<\/div>\n\t\t<\/article>\n\t\t\t\t\t<article class=\"expert\">\n\t\t\t<div class=\"expert__thumbnail\">\n\t\t\t\t\t\t\t\t<img decoding=\"async\" src=\"https:\/\/finorabank.eu\/wp-content\/uploads\/2024\/08\/Rasa-Meskauskiene_Finora-Bank.png\" alt=\"\">\n\t\t\t\t\t\t\t<\/div>\n\t\t\t<div class=\"expert__content\">\n\t\t\t\t<h3>Rasa Me\u0161kauskien\u0117<\/h3>\n\t\t\t\t<div class=\"expert__job-title\">\u017dmogi\u0161k\u0173j\u0173 i\u0161tekli\u0173 vadov\u0117<\/div>\n\t\t\t\t<div class=\"expert__phone\"><a href=\"tel:\"><\/a><\/div>\n\t\t\t\t<div class=\"expert__email\"><a href=\"mailto:rasa.meskauskiene@finorabank.eu\">rasa.meskauskiene@finorabank.eu<\/a><\/div>\n\t\t\t\t\t\t\t\t\t<div class=\"expert__linkedin expert__linkedin--empty\"><a href=\"https:\/\/www.linkedin.com\/in\/rasa-meskauskiene\/\" target=\"_blank\"><svg id=\"Layer_1\" data-name=\"Layer 1\" xmlns=\"http:\/\/www.w3.org\/2000\/svg\" viewBox=\"0 0 25 25\"><defs><style>.cls-1{fill:#fff;}<\/style><\/defs><path class=\"cls-1\" d=\"M0,0V25H25V0ZM7.68,20.62a.58.58,0,0,1-.58.58H4.65a.58.58,0,0,1-.58-.58V10.16a.58.58,0,0,1,.58-.58H7.1a.58.58,0,0,1,.58.58ZM5.87,8A2.09,2.09,0,1,1,8,5.89,2.09,2.09,0,0,1,5.87,8Zm15.35,5.28V21a.23.23,0,0,1-.24.24H17.85a.24.24,0,0,1-.24-.24V14.5A2,2,0,0,0,17,13.07a2,2,0,0,0-1.46-.59,2,2,0,0,0-2,2V21a.24.24,0,0,1-.24.24H10.2A.24.24,0,0,1,10,21V9.82a.24.24,0,0,1,.24-.24h3.06a.24.24,0,0,1,.24.24v1.29h0a3.21,3.21,0,0,1,.19-.31,3.52,3.52,0,0,1,2.9-1.51h.63a4,4,0,0,1,4,4Z\"\/><\/svg><\/a><\/div>\n\t\t\t\t\t\t\t<\/div>\n\t\t<\/article>\n\t\t\t\t\t<article class=\"expert\">\n\t\t\t<div class=\"expert__thumbnail\">\n\t\t\t\t\t\t\t\t<img decoding=\"async\" src=\"https:\/\/finorabank.eu\/wp-content\/uploads\/2024\/08\/Dovydas-Asanavicius_Finora-Bank.png\" alt=\"\">\n\t\t\t\t\t\t\t<\/div>\n\t\t\t<div class=\"expert__content\">\n\t\t\t\t<h3>Dovydas Asanavi\u010dius<\/h3>\n\t\t\t\t<div class=\"expert__job-title\">Ry\u0161i\u0173 su investuotojais skyriaus vadovas<\/div>\n\t\t\t\t<div class=\"expert__phone\"><a href=\"tel:\"><\/a><\/div>\n\t\t\t\t<div class=\"expert__email\"><a href=\"mailto:dovydas.asanavicius@finorabank.eu\">dovydas.asanavicius@finorabank.eu<\/a><\/div>\n\t\t\t\t\t\t\t\t\t<div class=\"expert__linkedin expert__linkedin--empty\"><a href=\"https:\/\/www.linkedin.com\/in\/asanavicius\/\" target=\"_blank\"><svg id=\"Layer_1\" data-name=\"Layer 1\" xmlns=\"http:\/\/www.w3.org\/2000\/svg\" viewBox=\"0 0 25 25\"><defs><style>.cls-1{fill:#fff;}<\/style><\/defs><path class=\"cls-1\" d=\"M0,0V25H25V0ZM7.68,20.62a.58.58,0,0,1-.58.58H4.65a.58.58,0,0,1-.58-.58V10.16a.58.58,0,0,1,.58-.58H7.1a.58.58,0,0,1,.58.58ZM5.87,8A2.09,2.09,0,1,1,8,5.89,2.09,2.09,0,0,1,5.87,8Zm15.35,5.28V21a.23.23,0,0,1-.24.24H17.85a.24.24,0,0,1-.24-.24V14.5A2,2,0,0,0,17,13.07a2,2,0,0,0-1.46-.59,2,2,0,0,0-2,2V21a.24.24,0,0,1-.24.24H10.2A.24.24,0,0,1,10,21V9.82a.24.24,0,0,1,.24-.24h3.06a.24.24,0,0,1,.24.24v1.29h0a3.21,3.21,0,0,1,.19-.31,3.52,3.52,0,0,1,2.9-1.51h.63a4,4,0,0,1,4,4Z\"\/><\/svg><\/a><\/div>\n\t\t\t\t\t\t\t<\/div>\n\t\t<\/article>\n\t\t\t\t\t<article class=\"expert\">\n\t\t\t<div class=\"expert__thumbnail\">\n\t\t\t\t\t\t\t\t<img decoding=\"async\" src=\"https:\/\/finorabank.eu\/wp-content\/uploads\/2024\/09\/3.png\" alt=\"\">\n\t\t\t\t\t\t\t<\/div>\n\t\t\t<div class=\"expert__content\">\n\t\t\t\t<h3>Darius Guoba<\/h3>\n\t\t\t\t<div class=\"expert__job-title\">Teis\u0117s vadovas<\/div>\n\t\t\t\t<div class=\"expert__phone\"><a href=\"tel:\"><\/a><\/div>\n\t\t\t\t<div class=\"expert__email\"><a href=\"mailto:\"><\/a><\/div>\n\t\t\t\t\t\t\t\t\t<div class=\"expert__linkedin expert__linkedin--empty\"><a href=\"https:\/\/www.linkedin.com\/in\/dariusguobaheadoflegal\/\" target=\"_blank\"><svg id=\"Layer_1\" data-name=\"Layer 1\" xmlns=\"http:\/\/www.w3.org\/2000\/svg\" viewBox=\"0 0 25 25\"><defs><style>.cls-1{fill:#fff;}<\/style><\/defs><path class=\"cls-1\" d=\"M0,0V25H25V0ZM7.68,20.62a.58.58,0,0,1-.58.58H4.65a.58.58,0,0,1-.58-.58V10.16a.58.58,0,0,1,.58-.58H7.1a.58.58,0,0,1,.58.58ZM5.87,8A2.09,2.09,0,1,1,8,5.89,2.09,2.09,0,0,1,5.87,8Zm15.35,5.28V21a.23.23,0,0,1-.24.24H17.85a.24.24,0,0,1-.24-.24V14.5A2,2,0,0,0,17,13.07a2,2,0,0,0-1.46-.59,2,2,0,0,0-2,2V21a.24.24,0,0,1-.24.24H10.2A.24.24,0,0,1,10,21V9.82a.24.24,0,0,1,.24-.24h3.06a.24.24,0,0,1,.24.24v1.29h0a3.21,3.21,0,0,1,.19-.31,3.52,3.52,0,0,1,2.9-1.51h.63a4,4,0,0,1,4,4Z\"\/><\/svg><\/a><\/div>\n\t\t\t\t\t\t\t<\/div>\n\t\t<\/article>\n\t\t\t\t\t<article class=\"expert\">\n\t\t\t<div class=\"expert__thumbnail\">\n\t\t\t\t\t\t\t\t<img decoding=\"async\" src=\"https:\/\/finorabank.eu\/wp-content\/uploads\/2024\/08\/Juste-Zuliene_Finora-Bank.png\" alt=\"\">\n\t\t\t\t\t\t\t<\/div>\n\t\t\t<div class=\"expert__content\">\n\t\t\t\t<h3>Just\u0117 \u017dulien\u0117<\/h3>\n\t\t\t\t<div class=\"expert__job-title\">Marketingo ir komunikacijos vadov\u0117 <\/div>\n\t\t\t\t<div class=\"expert__phone\"><a href=\"tel:\"><\/a><\/div>\n\t\t\t\t<div class=\"expert__email\"><a href=\"mailto:juste.zuliene@finorabank.eu\">juste.zuliene@finorabank.eu<\/a><\/div>\n\t\t\t\t\t\t\t\t\t<div class=\"expert__linkedin expert__linkedin--empty\"><a href=\"https:\/\/www.linkedin.com\/in\/juste-zuliene\/\" target=\"_blank\"><svg id=\"Layer_1\" data-name=\"Layer 1\" xmlns=\"http:\/\/www.w3.org\/2000\/svg\" viewBox=\"0 0 25 25\"><defs><style>.cls-1{fill:#fff;}<\/style><\/defs><path class=\"cls-1\" d=\"M0,0V25H25V0ZM7.68,20.62a.58.58,0,0,1-.58.58H4.65a.58.58,0,0,1-.58-.58V10.16a.58.58,0,0,1,.58-.58H7.1a.58.58,0,0,1,.58.58ZM5.87,8A2.09,2.09,0,1,1,8,5.89,2.09,2.09,0,0,1,5.87,8Zm15.35,5.28V21a.23.23,0,0,1-.24.24H17.85a.24.24,0,0,1-.24-.24V14.5A2,2,0,0,0,17,13.07a2,2,0,0,0-1.46-.59,2,2,0,0,0-2,2V21a.24.24,0,0,1-.24.24H10.2A.24.24,0,0,1,10,21V9.82a.24.24,0,0,1,.24-.24h3.06a.24.24,0,0,1,.24.24v1.29h0a3.21,3.21,0,0,1,.19-.31,3.52,3.52,0,0,1,2.9-1.51h.63a4,4,0,0,1,4,4Z\"\/><\/svg><\/a><\/div>\n\t\t\t\t\t\t\t<\/div>\n\t\t<\/article>\n\t<\/div>\n\n<\/div>\n\n<div class=\"lazyblock-grouped-experts-Zr5i0u wp-block-lazyblock-grouped-experts\">\n\n\n<h2 class=\"experts__title\">Steb\u0117toj\u0173 taryba<\/h2>\n\n<div class=\"experts__list\">\n\t\t\t\t\t<article class=\"expert\">\n\t\t\t<div class=\"expert__thumbnail\">\n\t\t\t\t\t\t\t<\/div>\n\t\t\t<div class=\"expert__content\">\n\t\t\t\t<h3>Veikko Maripuu<\/h3>\n\t\t\t\t<div class=\"expert__job-title\">Steb\u0117toj\u0173 tarybos pirmininkas<\/div>\n\t\t\t\t<div class=\"expert__phone\"><a href=\"tel:\"><\/a><\/div>\n\t\t\t\t<div class=\"expert__email\"><a href=\"mailto:\"><\/a><\/div>\n\t\t\t\t\t\t\t<\/div>\n\t\t<\/article>\n\t\t\t\t\t<article class=\"expert\">\n\t\t\t<div class=\"expert__thumbnail\">\n\t\t\t\t\t\t\t<\/div>\n\t\t\t<div class=\"expert__content\">\n\t\t\t\t<h3>Vahur Kraft<\/h3>\n\t\t\t\t<div class=\"expert__job-title\">Steb\u0117toj\u0173 tarybos narys<\/div>\n\t\t\t\t<div class=\"expert__phone\"><a href=\"tel:\"><\/a><\/div>\n\t\t\t\t<div class=\"expert__email\"><a href=\"mailto:\"><\/a><\/div>\n\t\t\t\t\t\t\t<\/div>\n\t\t<\/article>\n\t\t\t\t\t<article class=\"expert\">\n\t\t\t<div class=\"expert__thumbnail\">\n\t\t\t\t\t\t\t<\/div>\n\t\t\t<div class=\"expert__content\">\n\t\t\t\t<h3>Rein Ojavere<\/h3>\n\t\t\t\t<div class=\"expert__job-title\">Steb\u0117toj\u0173 tarybos narys<\/div>\n\t\t\t\t<div class=\"expert__phone\"><a href=\"tel:\"><\/a><\/div>\n\t\t\t\t<div class=\"expert__email\"><a href=\"mailto:\"><\/a><\/div>\n\t\t\t\t\t\t\t<\/div>\n\t\t<\/article>\n\t\t\t\t\t<article class=\"expert\">\n\t\t\t<div class=\"expert__thumbnail\">\n\t\t\t\t\t\t\t<\/div>\n\t\t\t<div class=\"expert__content\">\n\t\t\t\t<h3>Ieva Dosinaite<\/h3>\n\t\t\t\t<div class=\"expert__job-title\">Steb\u0117toj\u0173 tarybos narys<\/div>\n\t\t\t\t<div class=\"expert__phone\"><a href=\"tel:\"><\/a><\/div>\n\t\t\t\t<div class=\"expert__email\"><a href=\"mailto:\"><\/a><\/div>\n\t\t\t\t\t\t\t<\/div>\n\t\t<\/article>\n\t\t\t\t\t<article class=\"expert\">\n\t\t\t<div class=\"expert__thumbnail\">\n\t\t\t\t\t\t\t<\/div>\n\t\t\t<div class=\"expert__content\">\n\t\t\t\t<h3>Oleg \u0160vaikovski<\/h3>\n\t\t\t\t<div class=\"expert__job-title\">Steb\u0117toj\u0173 tarybos narys<\/div>\n\t\t\t\t<div class=\"expert__phone\"><a href=\"tel:\"><\/a><\/div>\n\t\t\t\t<div class=\"expert__email\"><a href=\"mailto:\"><\/a><\/div>\n\t\t\t\t\t\t\t<\/div>\n\t\t<\/article>\n\t<\/div>\n\n<\/div>\n\t<\/div>\n<\/section>\n<\/div>","protected":false},"excerpt":{"rendered":"","protected":false},"author":1,"featured_media":0,"parent":0,"menu_order":0,"comment_status":"closed","ping_status":"closed","template":"","meta":{"_acf_changed":false,"footnotes":""},"class_list":["post-779","page","type-page","status-publish","hentry"],"acf":[],"_links":{"self":[{"href":"https:\/\/finorabank.eu\/lt\/wp-json\/wp\/v2\/pages\/779","targetHints":{"allow":["GET"]}}],"collection":[{"href":"https:\/\/finorabank.eu\/lt\/wp-json\/wp\/v2\/pages"}],"about":[{"href":"https:\/\/finorabank.eu\/lt\/wp-json\/wp\/v2\/types\/page"}],"author":[{"embeddable":true,"href":"https:\/\/finorabank.eu\/lt\/wp-json\/wp\/v2\/users\/1"}],"replies":[{"embeddable":true,"href":"https:\/\/finorabank.eu\/lt\/wp-json\/wp\/v2\/comments?post=779"}],"version-history":[{"count":56,"href":"https:\/\/finorabank.eu\/lt\/wp-json\/wp\/v2\/pages\/779\/revisions"}],"predecessor-version":[{"id":12215,"href":"https:\/\/finorabank.eu\/lt\/wp-json\/wp\/v2\/pages\/779\/revisions\/12215"}],"wp:attachment":[{"href":"https:\/\/finorabank.eu\/lt\/wp-json\/wp\/v2\/media?parent=779"}],"curies":[{"name":"wp","href":"https:\/\/api.w.org\/{rel}","templated":true}]}}