{"id":2157,"date":"2022-12-01T16:33:25","date_gmt":"2022-12-01T14:33:25","guid":{"rendered":"https:\/\/finorabank.eu\/privatumo-politika-2\/"},"modified":"2023-03-15T10:36:40","modified_gmt":"2023-03-15T08:36:40","slug":"asmenu-duomenu-politika","status":"publish","type":"page","link":"https:\/\/finorabank.eu\/ru\/asmenu-duomenu-politika\/","title":{"rendered":"Asmen\u0173 duomen\u0173 politika"},"content":{"rendered":"\n<h2 class=\"wp-block-heading\"><strong>I SKYRIUS<\/strong><\/h2>\n\n\n\n<h3 class=\"wp-block-heading\"><strong>BENDROSIOS NUOSTATOS<\/strong><\/h3>\n\n\n\n<p>1. \u0160i\u0173 asmens duomen\u0173 tvarkymo princip\u0173 (toliau \u2013 <strong>Principai<\/strong>) tikslas \u2013 reglamentuoti asmens duomen\u0173 tvarkym\u0105 Finora Bank UAB (toliau \u2013 <strong>Bankas<\/strong>) u\u017etikrinant 2016 m. baland\u017eio 27 d. Europos Parlamento ir Tarybos reglamento (ES) 2016\/679 d\u0117l fizini\u0173 asmen\u0173 apsaugos tvarkant asmens duomenis ir d\u0117l laisvo toki\u0173 duomen\u0173 jud\u0117jimo ir kuriuo panaikinama Direktyva 95\/46\/EB (Bendrasis duomen\u0173 apsaugos reglamentas) (toliau &#8212; <strong>Reglamentas<\/strong>), Lietuvos Respublikos asmens duomen\u0173 teisin\u0117s apsaugos \u012fstatymo ir kit\u0173 teis\u0117s akt\u0173, nustatan\u010di\u0173 asmens duomen\u0173 tvarkym\u0105 ir apsaug\u0105, laikym\u0105si ir \u012fgyvendinim\u0105.<\/p>\n\n\n\n<p>2.  \u0160iuose Principuose pateikiama informacija, kaip Bankas tvarko asmens duomenis.<\/p>\n\n\n\n<p>3. Principuose vartojamos s\u0105vokos:<\/p>\n\n\n\n<p>3.1. <strong>Asmens duomenys <\/strong>&#8212; tai bet kuri informacija, leid\u017eianti tiesiogiai arba netiesiogiai identifikuoti Klient\u0105 ar Banko darbuotoj\u0105;<\/p>\n\n\n\n<p>3.2.<strong> Duomen\u0173 gav\u0117jas &#8212; <\/strong>fizinis ar juridinis asmuo, vald\u017eios ar kita institucija, kuriai Bankas gali atskleisti Asmens duomenis. Duomen\u0173 gav\u0117j\u0173 kategorijos pateikiamos \u0161i\u0173 Princip\u0173 III skyriuje.<\/p>\n\n\n\n<p>3.3. <strong>Duomen\u0173 tvarkymas<\/strong> \u2013 bet kokia su Asmens duomenimis atliekama operacija ar operacij\u0173 seka, kaip, pavyzd\u017eiui, rinkimas, \u012fra\u0161ymas, r\u016b\u0161iavimas, saugojimas, adaptavimas ar keitimas, i\u0161gava, susipa\u017einimas, naudojimas, i\u0161trynimas arba sunaikinimas;<\/p>\n\n\n\n<p>3.4. <strong>Duomen\u0173 tvarkytojas<\/strong> \u2013 fizinis arba juridinis asmuo, vald\u017eios institucija, agent\u016bra ar kita \u012fstaiga, kuri Duomen\u0173 valdytojo vardu tvarko Asmens duomenis;<\/p>\n\n\n\n<p>3.5. <strong>Duomen\u0173 valdytojas<\/strong> \u2013asmuo, kuris vienas ar drauge su kitais nustato Asmens duomen\u0173 tvarkymo tikslus ir priemones. Kai Asmens duomenys tvarkomi vadovaujantis \u0161iais Principais, Duomen\u0173 valdytoju laikomas Bankas;<\/p>\n\n\n\n<p>3.6. <strong>Klientas<\/strong> &#8212; tai bet kuris fizinis asmuo kuris naudojasi, naudojosi, i\u0161rei\u0161k\u0117 ketinim\u0105 naudotis Banko Paslaugomis arba yra kaip nors kitaip susij\u0119s su Paslaugomis, ar bet kokiais dalykiniais santykiais su Banku;<\/p>\n\n\n\n<p>3.7. <strong>Paslaugos <\/strong>&#8212; rei\u0161kia bet kuri\u0105 Banko paslaug\u0105, konsultacij\u0105, produkt\u0105, teikiam\u0105 ar suteikt\u0105 Klientui, ir kuri yra susijusi su finansavimu, taupymu, faktoringu ar lizingu;<\/p>\n\n\n\n<p>3.8.<strong> Profiliavimas <\/strong>\u2013 bet kokios formos automatizuotas Asmens duomen\u0173 tvarkymas, kai Asmens duomenys naudojami siekiant \u012fvertinti tam tikrus su fiziniu asmeniu susijusius asmeninius aspektus, vis\u0173 pirma siekiant i\u0161analizuoti ar numatyti aspektus, susijusius su to fizinio asmens darbo rezultatais, ekonomine situacija, sveikatos b\u016bkle, asmeniniais pom\u0117giais, interesais, patikimumu, elgesiu, buvimo vieta arba jud\u0117jimu. Profiliavimas yra naudojamas, pavyzd\u017eiui, siekiant atlikti analiz\u0119, \u012fvykdyti sutart\u012f, tiesiogin\u0117s rinkodaros tikslais, informacini\u0173 sistem\u0173 tobulinimui, grind\u017eiant Banko teis\u0117tu interesu arba Kliento Sutikimu;<\/p>\n\n\n\n<p>3.9. <strong>Speciali\u0173j\u0173 kategorij\u0173 duomenys<\/strong> \u2013 asmens duomenys, atskleid\u017eiantys rasin\u0119 ar etnin\u0119 kilm\u0119, politines pa\u017ei\u016bras, religinius ar filosofinius \u012fsitikinimus ar naryst\u0119 profesin\u0117se s\u0105jungose, taip pat genetiniai duomenys, biometriniai duomenys, siekiant konkre\u010diai nustatyti fizinio asmens tapatyb\u0119, sveikatos duomenis arba duomenis apie fizinio asmens lytin\u012f gyvenim\u0105 ir lytin\u0119 orientacij\u0105;<\/p>\n\n\n\n<p>3.10. <strong>Sutikimas<\/strong> \u2013 bet koks laisva valia duotas, konkretus ir nedviprasmi\u0161kas tinkamai informuoto duomen\u0173 subjekto valios i\u0161rei\u0161kimas parei\u0161kimu arba vienareik\u0161miais veiksmais, kuriais jis sutinka, kad b\u016bt\u0173 tvarkomi su juo susij\u0119 Asmens duomenys.<\/p>\n\n\n\n<p>4. Bankas renka ir tvarko toki\u0173 kategorij\u0173 Asmens duomenis, kaip:<\/p>\n\n\n\n<p>4.1. Asmens tapatyb\u0117s duomenys: vardas, pavard\u0117, asmens kodas, asmens tapatyb\u0117s dokumento duomenys, gyvenamasis adresas, veido nuotrauka;<\/p>\n\n\n\n<p>4.2. Kontaktiniai duomenys \u2013 adresas, telefono numeris, elektroninio pa\u0161to adresas;<\/p>\n\n\n\n<p>4.3. Finansiniai duomenys \u2013 duomenys apie turim\u0105 nuosavyb\u0119, l\u0117\u0161\u0173 kilm\u0119, sandorius, paskolas, pajamas, finansinius tikslus, \u012fsipareigojimus, saugom\u0105 turt\u0105;<\/p>\n\n\n\n<p>4.4. Duomenys apie turim\u0105 banko s\u0105skaitos numer\u012f;<\/p>\n\n\n\n<p>4.5. Duomenys, kurie reikalingi Bankui taikyti reikalingas priemones pinig\u0173 plovimo ir terorist\u0173 finansavimo prevencijos srityje ir u\u017etikrinti tarptautini\u0173 sankcij\u0173 vykdym\u0105, \u012fskaitant, nustatyti dalykini\u0173 santyki\u0173 su Klientu tiksl\u0105 ir tai, ar Klientas yra politikoje dalyvaujantis asmuo, taip pat turto kilm\u0117s \u0161altin\u012f;<\/p>\n\n\n\n<p>4.6. Duomenys apie Kliento sandori\u0173 \u0161alis ir verslo veikl\u0105;<\/p>\n\n\n\n<p>4.7. Duomenys, gaunami ir (arba) sukuriami vykdant teis\u0117s akt\u0173 reikalavimus \u2013 duomenys, kuriuos Bankas turi teikti vald\u017eios institucijoms, tokioms, kaip mokes\u010di\u0173 administratoriai, teismai, kitos vykdomosios vald\u017eios institucijos, \u012fskaitant duomenis apie pajamas, finansinius \u012fsipareigojimus, turim\u0105 nuosavyb\u0119 ir nepadengtus \u012fsiskolinimus;<\/p>\n\n\n\n<p>4.8. Duomenys apie \u0161eim\u0105 \u2013 informacija apie Kliento \u0161eimynin\u0119 pad\u0117t\u012f;<\/p>\n\n\n\n<p>4.9. Demografiniai duomenys \u2013 duomenys apie rezidavimo \u0161al\u012f, gimimo dat\u0105 ir pilietyb\u0119;<\/p>\n\n\n\n<p>4.10. Duomenys, susij\u0119 su profesija \u2013 duomenys apie i\u0161silavinim\u0105 ir profesin\u0119 veikl\u0105; 4.11. Duomenys apie ry\u0161ius su juridiniais asmenimis \u2013 duomenys, pateikti Kliento, gauti i\u0161 vie\u0161\u0173j\u0173 registr\u0173 ar tre\u010di\u0173j\u0173 \u0161ali\u0173-paslaug\u0173 teik\u0117j\u0173 vykdant sandorius juridinio asmens vardu.<\/p>\n\n\n\n<h2 class=\"wp-block-heading\"><strong>II SKYRIUS<\/strong> <\/h2>\n\n\n\n<h3 class=\"wp-block-heading\"><strong>ASMENS DUOMEN\u0172 TVARKYMAS<\/strong><\/h3>\n\n\n\n<p>5. Bankas, vykdydamas savo veikl\u0105, renka ir tvarko \u0161i\u0173 asmen\u0173 Asmens duomenis:<\/p>\n\n\n\n<p>5.1. Banko darbuotojai ir kandidatai \u012f darbuotojus;<\/p>\n\n\n\n<p>5.2. Bankui vadovaujantys asmenys, valdymo, prie\u017ei\u016bros (\u012fskaitant Banko steb\u0117toj\u0173 taryb\u0105, Audito komitet\u0105) ar kit\u0173 organ\u0173 nariai, akcininkai, galutiniai naudos gav\u0117jai;<\/p>\n\n\n\n<p>5.3. Bankui parai\u0161kas d\u0117l Paslaug\u0173 suteikimo pateik\u0119 asmenys (parei\u0161k\u0117jai), parei\u0161k\u0117j\u0173 prievoli\u0173 u\u017etikrinimo dav\u0117jai, kiti parai\u0161kose nurodyti asmenys, vadovaujantys asmenys, valdymo, prie\u017ei\u016bros ar kit\u0173 organ\u0173 nariai, juos tiesiogiai ar netiesiogiai kontroliuojantys asmenys, akcininkai, galutiniai naudos gav\u0117jai;<\/p>\n\n\n\n<p>5.4. Banko kontrahentai, paslaug\u0173 teik\u0117jai, valdymo, prie\u017ei\u016bros ar kit\u0173 organ\u0173 nariai, juos tiesiogiai ar netiesiogiai kontroliuojantys asmenys, akcininkai, galutiniai naudos gav\u0117jai;<\/p>\n\n\n\n<p>5.5. \u0160i\u0173 Princip\u0173 5.2 &#8212; 5.3 punktuose nurodyt\u0173 asmen\u0173 atstovai, sutuoktiniai, ar su jais susij\u0119 asmenys.<\/p>\n\n\n\n<p>6. Bankas tvarko Asmens duomenis \u0161iais tikslais:<\/p>\n\n\n\n<p><strong>6.1. Sutarties vykdymas:<\/strong><\/p>\n\n\n\n<p>6.1.1. darbo sutar\u010di\u0173 su Banko darbuotojais sudarymo;<\/p>\n\n\n\n<p>6.1.2. vidaus administravimo;<\/p>\n\n\n\n<p>6.1.3. siekiant imtis veiksm\u0173 Kliento pra\u0161ymu prie\u0161 sudarant sutart\u012f, siekiant sudaryti, \u012fvykdyti ar nutraukti sutart\u012f, kurios viena i\u0161 \u0161ali\u0173 yra Klientas.<\/p>\n\n\n\n<p><strong>6.2. Teisin\u0117s prievol\u0117s vykdymas, siekiant:<\/strong><\/p>\n\n\n\n<p>6.2.1. nagrin\u0117ti Klient\u0173 skundus;<\/p>\n\n\n\n<p>6.2.2. pinig\u0173 plovimo prevencija, mokestini\u0173 prievoli\u0173 kontrol\u0117s ir deklaravimo prievoli\u0173 vykdymas bei rizikos valdymas;<\/p>\n\n\n\n<p>6.2.3. atlikti kreditingumo ar kit\u0105 rizikos vertinim\u0105, siekiant suteikti Paslaugas, riboti rizik\u0105 ir vykdyti kapitalo pakankamumo reikalavimus, taikomus Bankui;<\/p>\n\n\n\n<p>6.2.4. nustatyti, i\u0161tirti ir prane\u0161ti apie \u012ftartinas operacijas;<\/p>\n\n\n\n<p>6.2.5. nustatyti ir patikrinti Kliento tapatyb\u0119, u\u017etikrinti, kad Asmens duomenys b\u016bt\u0173 teisingi ir i\u0161sam\u016bs, patikrinant ir patikslinant juos naudojantis duomenimis i\u0161 vie\u0161\u0173j\u0173 ir vidini\u0173 duomen\u0173 \u0161altini\u0173;<\/p>\n\n\n\n<p><strong>6.3. Teis\u0117tas interesas, siekiant:<\/strong><\/p>\n\n\n\n<p>6.3.1. vykdyti kredito ir rizikos vertinim\u0105 siekiant nustatyti, kokios Paslaugos ir kokiomis s\u0105lygomis gali b\u016bti pasi\u016blytos Klientui, priimti sprendimus, vykdyti paskol\u0173 portfelio steb\u0117sen\u0105, taip pat&nbsp; suma\u017einti ar eliminuoti potencialias Banko rizikas;<\/p>\n\n\n\n<p>6.3.2. atlikti kreditingumo ar kit\u0105 rizikos vertinim\u0105, siekiant suteikti finansavim\u0105 ar kitas Paslaugas Klientui;<\/p>\n\n\n\n<p>6.3.3. pareik\u0161ti, vykdyti, ginti, perleisti ar parduoti finansinius reikalavimus, taip pat saugoti informacij\u0105 \u0161iuo tikslu;<\/p>\n\n\n\n<p>6.3.4. ginti Kliento, Banko, Banko darbuotoj\u0173 teis\u0117tus interesus, \u012fgyvendinant reikiamas saugumo priemones;<\/p>\n\n\n\n<p>6.3.5. palaikyti, pl\u0117sti, vertinti ir tobulinti Banko veikl\u0105, Paslaugas ir Kliento patirt\u012f.<\/p>\n\n\n\n<p><strong>6.4. Sutikimas, <\/strong>kai:<\/p>\n\n\n\n<p>6.4.1. tvarkomi Asmens duomenys tiesiogin\u0117s rinkodaros tikslu;<\/p>\n\n\n\n<p>6.4.2. vykdomi telefonini\u0173 pokalbi\u0173 \u012fra\u0161ymai, siekiant u\u017etikrinti Paslaug\u0173 kokyb\u0119;<\/p>\n\n\n\n<p>6.4.3. naudojamas Kliento (jo atstovo) veido atvaizdas ir daromas vaizdo \u012fra\u0161as, siekiant identifikuoti Klient\u0105 (jo atstov\u0105), kuris siekia tapti Banko klientu nuotoliniu b\u016bdu;<\/p>\n\n\n\n<p>6.4.4. tvarkomi kandidat\u0173 \u012f darbuotojus duomenys, kai kandidatai \u012f darbuotojus, kandidatuodami \u012f Banko si\u016blomas darbo pozicijas, patys tiesiogiai Bankui ar per darbuotoj\u0173 paie\u0161kos agent\u016bras pateikia savo gyvenimo apra\u0161ym\u0105, motyvacin\u012f lai\u0161k\u0105 ir pan. Bankas tokius gautus Asmens duomenis tvarko sutikimo pagrindu, kur\u012f kandidatai \u012f darbuotojus i\u0161rei\u0161kia pateikdami atitinkamus duomenis.<\/p>\n\n\n\n<p>6.4.5. Klientui apsilanko Banko interneto svetain\u0117je (www.finorabank.eu), Bankas, Kliento sutikimu, tvarkys Kliento IP adres\u0105, taip pat kitus Kliento pateiktus tinklo duomenis; 6.4.6. turint pagrind\u0105 ir tiksl\u0105, Bankas Kliento asmens duomenis teikia Finora grupei priklausan\u010dioms \u012fmon\u0117ms<\/p>\n\n\n\n<p>7. Asmens duomenims tvarkyti automatiniu b\u016bdu Bankas naudoja \u0161ias IT programas: Dropbox, Google Drive, MS Excel, Word, Outlook ir kitos programos, naudojamos Banko veikloje.<\/p>\n\n\n\n<p>Banko darbuotoj\u0173 asmens duomenys taip pat gali b\u016bti teikiami ir tvarkomi \u0161iose valstybini\u0173 \u012fstaig\u0173 IT sistemose: Sodros duomen\u0173 baz\u0117, VMI elektroninio deklaravimo sistema, Sodros elektronin\u0117 draud\u0117j\u0173 sistema, Elektronin\u0117 statistin\u0117 duomen\u0173 parengimo ir perdavimo sistema, VMI (deklaracij\u0173 duomenys), VMI (nelegalus darbas), Elektronini\u0173 vald\u017eios vart\u0173 portalas, kt.<\/p>\n\n\n\n<p>8. Bankas vykdo Profiliavim\u0105 ir automatizuot\u0105 sprendim\u0173 pri\u0117mim\u0105 siekdamas pagerinti Klient\u0173 patirt\u012f naudojantis Paslaugomis, pavyzd\u017eiui, pritaikant Paslaugas \u012frenginiams ar parengiant Klientams aktualius Paslaug\u0173 pasi\u016blymus. Bankas priima automatizuotus sprendimus tokiuose procesuose kaip atliekant kreditingumo vertinim\u0105, valdant rizik\u0105, atliekant sandori\u0173 steb\u0117sen\u0105, kovojant su suk\u010diavimu, atsi\u017evelgiant \u012f teis\u0117s akt\u0173 reikalavimus pinig\u0173 plovimo ir terorist\u0173 finansavimo prevencijos ir finansini\u0173 paslaug\u0173 srityse.<\/p>\n\n\n\n<p>9. Asmens duomen\u0173 saugojimo laikotarpis nustatomas atsi\u017evelgiant \u012f konkre\u010dius tikslus, kuriais Asmens duomenys buvo surinkti, arba laikotarp\u012f, kur\u012f nustato teis\u0117s aktai. Asmens duomenys yra tvarkomi dalykini\u0173 santyki\u0173 su Klientu laikotarpiu, o saugojimo terminai gali b\u016bti nustatomi ir taikomi atsi\u017evelgiant \u012f Banko teis\u0117t\u0105 interes\u0105. Asmens duomenys Banke yra saugomi 10 met\u0173 nuo dalykini\u0173 santyki\u0173 su Klient\u0173 pabaigos, i\u0161skyrus atvejus, kai teis\u0117s aktai nustato kitokius saugojimo terminus.<\/p>\n\n\n\n<p>10. Bankas Speciali\u0173j\u0173 kategorij\u0173 duomenis tvarko tik laikydamasis Reglamento 9 straipsnyje numatyt\u0173 s\u0105lyg\u0173 ir reikalavim\u0173 toki\u0173 asmens duomen\u0173 tvarkymui.<\/p>\n\n\n\n<h2 class=\"wp-block-heading\"><strong>III skyrius<\/strong><\/h2>\n\n\n\n<h3 class=\"wp-block-heading\"><strong>Pagrindiniai asmens duomen\u0173 TVARKYMO IR ATSKLEIDIMO reikalavimai<\/strong><\/h3>\n\n\n\n<p>11. Bankas, vykdydamas savo funkcijas ir tvarkydamas Asmens duomenis, be kita ko, laikosi \u0161i\u0173 pagrindini\u0173 Asmens duomen\u0173 tvarkymo reikalavim\u0173: (i) Asmens duomenys renkami \u0161i\u0173 Princip\u0173 apibr\u0117\u017etais tikslais ir paskui tvarkomi su \u0161iais tikslais suderintais b\u016bdais; (ii) Asmens duomenys tvarkomi tiksliai, s\u0105\u017einingai ir teis\u0117tai; (iii) Asmens duomenys turi b\u016bti tiksl\u016bs ir, jei reikia d\u0117l asmens duomen\u0173 tvarkymo, nuolat atnaujinami; netiksl\u016bs ar nei\u0161sam\u016bs duomenys turi b\u016bti i\u0161taisyti, papildyti, sunaikinti arba sustabdytas j\u0173 tvarkymas; (iv) Asmens duomenys turi b\u016bti tapat\u016bs, tinkami ir tik tokios apimties, kuri b\u016btina jiems rinkti ir toliau tvarkyti; (v) Asmens duomenys saugomi tokia forma, kad duomen\u0173 subjekt\u0173 tapatyb\u0119 b\u016bt\u0173 galima nustatyti ne ilgiau negu to reikia tiems tikslams, d\u0117l kuri\u0173 \u0161ie duomenys buvo surinkti ir tvarkomi; (vi) Asmens duomenys tvarkomi pagal Reglamente, Lietuvos Respublikos asmens duomen\u0173 teisin\u0117s apsaugos \u012fstatyme ir kituose teis\u0117s aktuose nustatytus asmens duomen\u0173 tvarkymo reikalavimus.<\/p>\n\n\n\n<p>12. Asmens duomenys Banko gaunami tik teis\u0117s akt\u0173 nustatyta tvarka, juos gaunant tiek tiesiogiai i\u0161 duomen\u0173 subjekt\u0173, tiek i\u0161 tre\u010di\u0173j\u0173 \u0161ali\u0173 duomen\u0173 valdytoj\u0173<\/p>\n\n\n\n<p>13. Siekiant u\u017etikrinti Paslaug\u0173 teikim\u0105 ar kitais atvejais, kai b\u016btina, Bankas turi teis\u0119 atskleisti Asmens duomenis Duomen\u0173 gav\u0117jams. Tokie Duomen\u0173 gav\u0117jai yra:<\/p>\n\n\n\n<p>13.1. Finora grupei priklausan\u010dios \u012fmon\u0117s;<\/p>\n\n\n\n<p>13.2. valstyb\u0117s \u012fstaigos ir institucijos, kiti asmenys, vykdantys \u012fstatym\u0173 jiems pavestas funkcijas, pavyzd\u017eiui, prie\u017ei\u016bros institucijos, mokes\u010di\u0173 administravimo, teis\u0117saugos institucijos, antstoliai, notarai, teismai, neteismin\u0117s gin\u010d\u0173 nagrin\u0117jimo institucijos;<\/p>\n\n\n\n<p>13.3. asmenys, teikiantys konsultacijas finans\u0173 ir teis\u0117s klausimais, atliekantys Banko audit\u0105 ar teikiantys kitas paslaugas Bankui;<\/p>\n\n\n\n<p>13.4. tre\u010diosios \u0161alys, tvarkan\u010dios registrus (\u012fskaitant, finansini\u0173 \u012fsipareigojim\u0173 bei gaunam\u0173 pajam\u0173 duomen\u0173 bazes, Gyventoj\u0173 registr\u0105, Juridini\u0173 asmen\u0173 registr\u0105, Nekilnojamojo turto registr\u0105, motorini\u0173 transporto priemoni\u0173 registr\u0105, jungtines skolinink\u0173 rinkmenas ar kitus registrus, kuriuose tvarkomi Asmens duomenys) arba kurie tarpininkauja teikiant Asmens duomenis i\u0161 toki\u0173 registr\u0173;<\/p>\n\n\n\n<p>13.5. asmenys ir \u012fmon\u0117s, vykdantys skol\u0173 i\u0161ie\u0161kojim\u0105, asmenys, perimantys teises ir pareigas pagal sutartis, asmenys, vykdantys nemokumo proces\u0173 administravim\u0105;<\/p>\n\n\n\n<p>13.6. asmenys, kurie u\u017etikrina tinkam\u0105 Kliento \u012fsipareigojim\u0173 Bankui \u012fvykdym\u0105, tokie kaip laiduotojai, \u012fkait\u0173 dav\u0117jai ir kt.;<\/p>\n\n\n\n<p>13.7. kiti asmenys, susij\u0119 su Paslaug\u0173 teikimu, tokie kaip informacini\u0173 technologij\u0173, telekomunikacij\u0173, archyvavimo, pa\u0161to paslaug\u0173 teik\u0117jai, Klientui teikiam\u0173 paslaug\u0173 teik\u0117jai, pardav\u0117jai ir kitos \u012fgaliotos \u0161alys.<\/p>\n\n\n\n<p>14. Bankas neatskleid\u017eia Asmens duomen\u0173 daugiau nei b\u016btina konkre\u010diam Asmens duomen\u0173 tvarkymo tikslui. Duomen\u0173 gav\u0117jai gali Asmens duomenis tvarkyti veikdami kaip Duomen\u0173 tvarkytojai ir (ar) Duomen\u0173 valdytojai. Tuo atveju, kai Duomen\u0173 gav\u0117jas Asmens duomenis tvarko b\u016bdamas Duomen\u0173 valdytoju, jis yra atsakingas u\u017e duomen\u0173 subjekt\u0173 informavim\u0105 apie vykdom\u0105 Asmens duomen\u0173 tvarkym\u0105. Tokiais atvejais Bankas d\u0117l Duomen\u0173 gav\u0117jo vykdomo Asmens duomen\u0173 tvarkymo rekomenduoja Klientui kreiptis \u012f \u0161\u012f Duomen\u0173 gav\u0117j\u0105.<\/p>\n\n\n\n<h2 class=\"wp-block-heading\"><strong>IV SKYRIUS<\/strong><\/h2>\n\n\n\n<h3 class=\"wp-block-heading\"><strong>DUOMEN\u0172 SUBJEKTO TEISI\u0172 \u012eGYVENDINIMAS<\/strong><\/h3>\n\n\n\n<p>15. Bankas u\u017etikrina duomen\u0173 subjekto, \u012fskaitant ir Banko darbuotoj\u0173, teisi\u0173 \u012fgyvendinim\u0105, t.&nbsp;y. kad duomen\u0173 subjektui b\u016bt\u0173 garantuojamos \u0161ios teis\u0117s:<\/p>\n\n\n\n<p>15.1. gauti informacij\u0105 apie tai, ar Bankas tvarko jo asmens duomenis ir, jeigu taip, susipa\u017einti su jais;<\/p>\n\n\n\n<p>15.2. reikalauti i\u0161taisyti jo Asmens duomenis, jeigu jie yra neteisingi, nei\u0161sam\u016bs arba netiksl\u016bs;<\/p>\n\n\n\n<p>15.3. reikalauti i\u0161trinti jo Asmens duomenis;<\/p>\n\n\n\n<p>15.4. reikalauti apriboti jo Asmens duomen\u0173 tvarkym\u0105;<\/p>\n\n\n\n<p>15.5. nesutikti, kad b\u016bt\u0173 tvarkomi jo Asmens duomenys, kai Asmens duomen\u0173 tvarkymas grind\u017eiamas Banko teis\u0117tu interesu;<\/p>\n\n\n\n<p>15.6.&nbsp; gauti jo paties pateiktus Asmens duomenis, kurie yra tvarkomi jo Sutikimo ar sutarties vykdymo pagrindu, ra\u0161tu ar \u012fprastu kompiuterio skaitomu formatu ir, jei \u012fmanoma, perduoti tokius duomenis kitam paslaug\u0173 teik\u0117jui (teis\u0117 \u012f duomen\u0173 perkeliamum\u0105);<\/p>\n\n\n\n<p>15.7. at\u0161aukti savo Sutikim\u0105 tvarkyti Asmens duomenis;<\/p>\n\n\n\n<p>15.8. nesutikti, kad jam b\u016bt\u0173 taikomas visi\u0161kai automatizuotu b\u016bdu priimtas sprendimas, \u012fskaitant Profiliavim\u0105, jei toks sprendim\u0173 pri\u0117mimas turi teisines pasekmes ar pana\u0161\u0173 reik\u0161ming\u0105 poveik\u012f Klientui. \u0160i teis\u0117 netaikoma tuo atveju, kai toks sprendim\u0173 pri\u0117mimas yra b\u016btinas sutarties su Klientu sudarymo arba vykdymo tikslais, yra leid\u017eiamas pagal teis\u0117s aktus arba Klientas yra dav\u0119s ai\u0161k\u0173 Sutikim\u0105 tam.<\/p>\n\n\n\n<p>16. Duomen\u0173 subjektas, Bankui pateik\u0119s asmens tapatyb\u0119 patvirtinant\u012f dokument\u0105 arba teis\u0117s akt\u0173 nustatyta tvarka ar elektronini\u0173 ry\u0161i\u0173 priemon\u0117mis, kurios leid\u017eia tinkamai identifikuoti asmen\u012f, patvirtin\u0119s savo asmens tapatyb\u0119, turi teis\u0119 susipa\u017einti su Banko tvarkomais jo duomenimis bei gauti informacij\u0105, i\u0161 koki\u0173 \u0161altini\u0173 ir kokie jo asmens duomenys surinkti, kokiu tikslu jie tvarkomi, kokiems duomen\u0173 gav\u0117jams teikiami ir buvo teikti per paskutinius vienerius metus.<\/p>\n\n\n\n<p>17. Bankas, kaip duomen\u0173 valdytojas, gav\u0119s duomen\u0173 subjekto pra\u0161ym\u0105, nedelsdamas, ta\u010diau bet kuriuo atveju ne v\u0117liau kaip per vien\u0105 m\u0117nes\u012f nuo pra\u0161ymo gavimo, pateikia duomen\u0173 subjektui informacij\u0105 apie veiksmus, kuri\u0173 imtasi gavus pra\u0161ym\u0105 pagal Reglamento 15\u201322 straipsnius. Tas laikotarpis prireikus gali b\u016bti prat\u0119stas dar dviem m\u0117nesiams, atsi\u017evelgiant \u012f pra\u0161ym\u0173 sud\u0117tingum\u0105 ir skai\u010di\u0173. Kai duomen\u0173 subjekto pra\u0161ymai yra akivaizd\u017eiai nepagr\u012fsti arba neproporcingi, vis\u0173 pirma d\u0117l j\u0173 pasikartojan\u010dio turinio, Bankas gali arba: (i) imti pagr\u012fst\u0105 mokest\u012f, atsi\u017evelgdama \u012f informacijos teikimo arba prane\u0161im\u0173 ar veiksm\u0173, kuri\u0173 pra\u0161oma, administracines i\u0161laidas; arba (ii) gali atsisakyti imtis veiksm\u0173 pagal pra\u0161ym\u0105<\/p>\n\n\n\n<p>18. Jei duomen\u0173 subjektas, susipa\u017ein\u0119s su savo asmens duomenimis, nustato, kad jo asmens duomenys yra neteisingi, nei\u0161sam\u016bs ar netiksl\u016bs, ir kreipiasi \u012f Bank\u0105, Bankas nedelsdamas patikrina Asmens duomenis ir duomen\u0173 subjekto ra\u0161ytiniu pra\u0161ymu, nedelsdamas i\u0161taiso neteisingus, netikslius, papildo nei\u0161samius Banko tvarkomus Asmens duomenis ir (ar) sustabdo toki\u0173 Asmens duomen\u0173 tvarkymo veiksmus, i\u0161skyrus saugojim\u0105, kol bus i\u0161taisyti neteisingi, netiksl\u016bs, papildyti nei\u0161sam\u016bs Asmens duomenys ar Asmens duomenys bus sunaikinti.<\/p>\n\n\n\n<p>19. Bankas nedelsdamas prane\u0161a duomen\u0173 subjektui apie jo pra\u0161ymu atlikt\u0105 ar neatlikt\u0105 Asmens duomen\u0173 i\u0161taisym\u0105, sunaikinim\u0105 ar Asmens duomen\u0173 tvarkymo veiksm\u0173 sustabdym\u0105.<\/p>\n\n\n\n<p>20. Informacija duomen\u0173 subjektui, atsi\u017evelgiant \u012f jo pra\u0161ym\u0105, gali b\u016bti pateikiama \u017eod\u017eiu, leid\u017eiant susipa\u017einti su dokumentu, pateikiant pa\u017eym\u0105, dokumento i\u0161ra\u0161\u0105 ar popierin\u0119 dokumento kopij\u0105, elektronin\u0119 laikmen\u0105, prieig\u0105 prie informacijos rinkmenos. Jei pra\u0161yme nenurodyta informacijos pateikimo forma, Bankas j\u0105 pateikia tokia pat forma, kokia gautas pra\u0161ymas.<\/p>\n\n\n\n<p>21. Klientas turi teis\u0119 pateikti skund\u0105 d\u0117l Asmens duomen\u0173 tvarkymo Valstybinei duomen\u0173 apsaugos inspekcijai, kurios interneto svetain\u0117s adresas www.vdai.lrv.lt, jei Klientas mano, kad jo Asmens duomenys tvarkomi pa\u017eeid\u017eiant jo teises ir teis\u0117tus interesus pagal asmens duomen\u0173 apsaug\u0105 reglamentuojan\u010dius teis\u0117s aktus.<\/p>\n\n\n\n<p>22. Klientas turi teis\u0119 kreiptis \u012f Bank\u0105, siekdamas pateikti u\u017eklausas, at\u0161aukti duotus Sutikimus, pateikti pra\u0161ymus d\u0117l duomen\u0173 subjekto teisi\u0173 \u012fgyvendinimo ir skundus d\u0117l Asmens duomen\u0173 tvarkymo. Banko kontaktiniai duomenys yra skelbiami Banko interneto svetain\u0117je <a href=\"https:\/\/finorabank.eu\/ru\/\" data-type=\"URL\" data-id=\"https:\/\/finorabank.eu\/ru\/\">www.finorabank.eu<\/a>.<\/p>\n\n\n\n<h2 class=\"wp-block-heading\"><strong>V SKYRIUS<\/strong><\/h2>\n\n\n\n<h3 class=\"wp-block-heading\"><strong>Baigiamosios Nuostatos<\/strong><\/h3>\n\n\n\n<p>23. Bankas turi teis\u0119 bet kada viena\u0161ali\u0161kai pakeisti Principus, Klientus apie tai informuojant Banko interneto svetain\u0117je, trump\u0105ja \u017einute ar elektroniniu lai\u0161ku ne v\u0117liau nei prie\u0161 vien\u0105 m\u0117nes\u012f iki pakeitim\u0173 \u012fsigaliojim\u0173, nebent pakeitimai b\u016btini siekiant u\u017etikrinti teis\u0117s akt\u0173 laikym\u0105si<\/p>\n","protected":false},"excerpt":{"rendered":"<p>I SKYRIUS BENDROSIOS NUOSTATOS 1. \u0160i\u0173 asmens duomen\u0173 tvarkymo princip\u0173 (toliau \u2013 Principai) tikslas \u2013 reglamentuoti asmens duomen\u0173 tvarkym\u0105 Finora Bank UAB (toliau \u2013 Bankas) u\u017etikrinant 2016 m. baland\u017eio 27 d. Europos Parlamento ir Tarybos reglamento (ES) 2016\/679 d\u0117l fizini\u0173 asmen\u0173 apsaugos tvarkant asmens duomenis ir d\u0117l laisvo toki\u0173 duomen\u0173 jud\u0117jimo ir kuriuo panaikinama Direktyva 95\/46\/EB (Bendrasis duomen\u0173 apsaugos reglamentas) (toliau &#8212; Reglamentas), Lietuvos Respublikos asmens duomen\u0173 teisin\u0117s apsaugos \u012fstatymo ir kit\u0173 teis\u0117s akt\u0173, nustatan\u010di\u0173 asmens duomen\u0173 tvarkym\u0105 ir apsaug\u0105, laikym\u0105si ir \u012fgyvendinim\u0105. 2. \u0160iuose Principuose pateikiama informacija, kaip Bankas tvarko asmens duomenis. 3. Principuose vartojamos s\u0105vokos: 3.1. Asmens duomenys [&hellip;]<\/p>\n","protected":false},"author":1,"featured_media":0,"parent":0,"menu_order":0,"comment_status":"closed","ping_status":"closed","template":"template-terms.php","meta":{"_acf_changed":false,"footnotes":""},"class_list":["post-2157","page","type-page","status-publish","hentry"],"acf":[],"_links":{"self":[{"href":"https:\/\/finorabank.eu\/ru\/wp-json\/wp\/v2\/pages\/2157","targetHints":{"allow":["GET"]}}],"collection":[{"href":"https:\/\/finorabank.eu\/ru\/wp-json\/wp\/v2\/pages"}],"about":[{"href":"https:\/\/finorabank.eu\/ru\/wp-json\/wp\/v2\/types\/page"}],"author":[{"embeddable":true,"href":"https:\/\/finorabank.eu\/ru\/wp-json\/wp\/v2\/users\/1"}],"replies":[{"embeddable":true,"href":"https:\/\/finorabank.eu\/ru\/wp-json\/wp\/v2\/comments?post=2157"}],"version-history":[{"count":6,"href":"https:\/\/finorabank.eu\/ru\/wp-json\/wp\/v2\/pages\/2157\/revisions"}],"predecessor-version":[{"id":3248,"href":"https:\/\/finorabank.eu\/ru\/wp-json\/wp\/v2\/pages\/2157\/revisions\/3248"}],"wp:attachment":[{"href":"https:\/\/finorabank.eu\/ru\/wp-json\/wp\/v2\/media?parent=2157"}],"curies":[{"name":"wp","href":"https:\/\/api.w.org\/{rel}","templated":true}]}}